{"id":813,"date":"2024-04-02T11:24:04","date_gmt":"2024-04-02T11:24:04","guid":{"rendered":"https:\/\/lt.travelblox.eu\/?page_id=813"},"modified":"2026-05-07T11:43:44","modified_gmt":"2026-05-07T11:43:44","slug":"pricing","status":"publish","type":"page","link":"https:\/\/lt.travelblox.eu\/nl\/pricing\/","title":{"rendered":"Pricing"},"content":{"rendered":"\n<div class=\" tb-header tb-block align-center background-dark pattern-none variant-none\" id=\"header\" data-fallback-background=\"https:\/\/vz-2d98b19f-729.b-cdn.net\/00c42435-d0d4-4e41-bfcf-d150fa20788a\/thumbnail.jpg\" style=\"background-image: url('https:\/\/vz-2d98b19f-729.b-cdn.net\/00c42435-d0d4-4e41-bfcf-d150fa20788a\/thumbnail.jpg'); background-position:center;\">\n    <div class=\"tb-header-foreground\">\n        <div class=\"inner-block\">\n\n            <div class=\"main-part\">\n                <div class=\"text-part\">\n                                            <p>Aanbod 2026 &#8211; 2027<\/p>\n                                                                <h1 class=\"tb-title\">Prijzen &amp; beschikbaarheden<\/h1>\n                                                                <h2 class=\"tb-subtitle\">\t\t<div class=\"translation-block\"><p><strong data-start=\"134\" data-end=\"174\">Jouw droomreis naar Fins Lapland<\/strong><\/p><\/div>\n\t<\/h2>\n                                                                                            <div class=\"tb-properties\">\n                                                                    <div class=\"tb-property\">\n                                                                                    <div class=\"tb-property__icon\">\n                                                \t\t\t\t<i class=\"icon fa-solid fa-calendar-days \" aria-hidden=\"true\"><\/i>\n\t\t\t                                            <\/div>\n                                                                                <div class=\"tb-property__label\">\n                                            7 nachten                                        <\/div>\n                                    <\/div>\n                                    <div class=\"tb-properties__divider\"><\/div>\n                                                                                                    <div class=\"tb-property\">\n                                                                                    <div class=\"tb-property__icon\">\n                                                \t\t\t\t<i class=\"icon fa-solid fa-family \" aria-hidden=\"true\"><\/i>\n\t\t\t                                            <\/div>\n                                                                                <div class=\"tb-property__label\">\n                                            In eigen gezelschap                                        <\/div>\n                                    <\/div>\n                                    <div class=\"tb-properties__divider\"><\/div>\n                                                                                                    <div class=\"tb-property\">\n                                                                                    <div class=\"tb-property__icon\">\n                                                \t\t\t\t<i class=\"icon fa-solid fa-handshake \" aria-hidden=\"true\"><\/i>\n\t\t\t                                            <\/div>\n                                                                                <div class=\"tb-property__label\">\n                                            Nederlandstalige gidsen                                        <\/div>\n                                    <\/div>\n                                                            <\/div>\n                                                                                        <div class=\"tb-buttons-part\">\n                                                            \t\t<a href=\"#join\"  target=\"\" class=\"tb-button\">\n\t\t\tKies jouw accommodatie\t\t<\/a>\n\t\t                                                                                <\/div>\n                                                        <\/div>\n            <\/div>\n            \t\t<a href=\"#\" class=\"scroll-down-button\">\n\t\t\t<i class=\"fa fa-arrow-down\"><\/i>\n\t\t<\/a>\n\t\n                    <\/div>\n    <\/div>\n\n                        <div class=\"tb-header-background tb-header-background--has-iframe\">\n                        <iframe src=\"https:\/\/iframe.mediadelivery.net\/embed\/306445\/00c42435-d0d4-4e41-bfcf-d150fa20788a?autoplay=true&#038;preload=true&#038;loop=true&#038;responsive=true&#038;muted=true\" allow=\"accelerometer;gyroscope;encrypted-media;picture-in-picture;autoplay;muted;\" allowfullscreen=\"true\" style=\"border: none;\" loading=\"lazy\"><\/iframe>                    <\/div>\n    \n    \n<\/div>\n\n\n\n\n<div class=\" tb-textimage2 tb-block align-left background-light pattern-none variant-text_first tb-collapsible-margins\" id=\"textimage2\">\n\t<div class=\"inner-block tb-fade-in\">\n\n\t\t\n\t\t<div class=\"tb-columns\">\n\t\t\t<div class=\"tb-column\">\n\t\t\t\t<div class=\"tb-text-part\">\n\t\t\t\t\t<h2>Jouw droomreis naar Fins Lapland<\/h2>\n\t\t\t\t\t\t\t<div class=\"translation-block\"><p>Ontdek hier al onze aanbiedingen voor de winter 2026\u20132027, van december tot maart. <strong>Op deze pagina vind je onze reizen van \u00e9\u00e9n week<\/strong>, van zaterdag tot zaterdag of van zondag tot zondag.<\/p>\n<p>Droom je ervan om Lapland te ontdekken, maar heb je geen volledige week de tijd? Dan bieden we ook <a href=\"https:\/\/lt.travelblox.eu\/nl\/shortstaylapland\/\"><strong data-start=\"297\" data-end=\"330\">shortstays<\/strong><\/a> van 3 en 4 nachten aan, met het beste uit ons programma van 7 nachten.<\/p>\n<p>Heb je een specifieke vraag of wil je meer details over dit avontuur? <strong>Plan dan gerust een <a href=\"https:\/\/calendly.com\/delphine-travelbase\/30min?month=2026-05\">vrijblijvend telefoongesprek<\/a> in<\/strong>&nbsp;met Delphine, onze Lapland expert. Ze helpt je met plezier verder en beantwoordt al je vragen persoonlijk.<\/p><\/div>\n\t\t\t\t\t\t\t\t\t\t\t<div class=\"tb-buttons-part\">\n\t\t\t\t\t\t\t\t<a href=\"#join\"  target=\"\" class=\"tb-button\">\n\t\t\tPrijzen voor 7 nachten\t\t<\/a>\n\t\t\t\t\t\t\t\t\t\t<a href=\"https:\/\/lt.travelblox.eu\/shortstaylapland\/\"  target=\"\" class=\"tb-buttonlink\">\n\t\t\tShortstay Lapland\t\t<\/a>\n\t\t\t\t\t\t\t<\/div>\n\t\t\t\t<\/div>\n\t\t\t<\/div>\n\t\t\t<div class=\"tb-column\">\n\t\t\t\t\t\t\t\t\t\t\t\t\t\t\t<div class=\"tb-image-part\">\n\t\t\t\t\t\t\t<img src='https:\/\/lt.travelblox.eu\/wp-content\/uploads\/sites\/63\/2026\/03\/Lapland-travel-\u00a9-Fille-Roelants-12103415-768x512.jpg' width='768' height='512' loading='lazy' image_size='medium_large'>\t\t\t\t\t\t<\/div>\n\t\t\t\t\t\t\t\t\t\t\t\t<\/div>\n\t\t<\/div>\n\t<\/div>\n<\/div>\n\n\n<div class=\" tb-accosearch tb-block align-center background-light pattern-none variant-none tb-collapsible-margins\" id=\"join\">\n\t<div class=\"inner-block\">\n\n\t\t\n\t\t<h2 class=\"title\">Boekingen winter 2026 &#8211; 2027<\/h2>\n\t\t<div><p>Hieronder vind je onze reizen van \u00e9\u00e9n week:<br \/>van <strong>zaterdag op zaterdag<\/strong> voor <strong>Rovaniemi<\/strong><br \/>van <strong>zondag op zondag<\/strong> voor <strong>Levi, \u00c4k\u00e4slompolo en Saariselk\u00e4<\/strong><\/p>\n<p>Alle prijzen zijn per persoon en inclusief ons standaard activiteitenpakket:<br data-start=\"140\" data-end=\"143\" \/><strong>husky safari \u00b7 sneeuwscootertocht \u00b7 noorderlicht ervaring \u00b7 sneeuwschoen hike<\/strong><\/p>\n<p>Gebruik de <strong>filters<\/strong> om eenvoudig je bestemming, vertrekweekend, groepsgrootte en luchthaven te selecteren.<br \/>Hou er wel rekening mee dat het vluchtaanbod kan verschillen per bestemming.<\/p>\n<\/div>\n\t\t<div>\t\t<a href=\"https:\/\/booking.travelbase.eu\/lt27\/quote\"  target=\"\" class=\"tb-button\">\n\t\t\tOfferte aanvragen\t\t<\/a>\n\t\t<\/div>\n\n\t\t<div class=\"tb-loader\">\n\t\t\t<div class=\"tb-loader__abs\">\n\t\t\t\t<div class=\"tb-loader__inner\"><\/div>\n\t\t\t\t<div class=\"tb-loader__inner\"><\/div>\n\t\t\t\t<div class=\"tb-loader__inner\"><\/div>\n\t\t\t<\/div>\n\t\t<\/div>\n\n\t\t<div class=\"tb-accosearch__wrapper\">\n\t\t\t<div class=\"tb-accosearch__grid\">\n\t\t\t\t<div class=\"tb-accosearch__sticky\">\n\t\t\t\t\t<accosearch-filters project=\"lt27\" language=\"nl\" prefilters='{\"tour\":[11,49,146,288,342]}'><\/accosearch-filters>\n\t\t\t\t<\/div>\n\t\t\t\t<div>\n\t\t\t\t\t<accosearch-results\n\t\t\t\t\t\tsoldoutmessage=\"De combinatie van je filters geeft geen resultaten. Het is waarschijnlijk dat de gekozen bestemming en vlucht niet compatibel zijn. Probeer je criteria aan te passen door een andere vlucht of bestemming te kiezen.\"\n\t\t\t\t\t\textraPriceinfo=\"incl. &lt;a href=&#039;javascript:void(0);&#039; data-text=&#039;\t\t&lt;div class=&quot;translation-block&quot;&gt;&lt;p&gt;Onze&amp;nbsp;Lapland-reizen zijn standaard&lt;b data-stringify-type=&quot;bold&quot;&gt;&amp;nbsp;inclusief vier onvergetelijke activiteiten&lt;\/b&gt;:&lt;\/p&gt;\n&lt;ul&gt;\n&lt;li&gt;Husky safari&lt;\/li&gt;\n&lt;li&gt;Noorderlicht expeditie&lt;\/li&gt;\n&lt;li&gt;Sneeuwscootertocht&lt;\/li&gt;\n&lt;li&gt;Sneeuwschoen hike&lt;\/li&gt;\n&lt;\/ul&gt;\n&lt;p&gt;Wil je je reis n\u00f3g verder invullen of uitbreiden? Dat kan! We bieden een ruime keuze aan optionele activiteiten, zoals een rendiertocht, langlaufen, ice dipping en nog veel meer.&lt;\/p&gt;&lt;\/div&gt;\n\t&#039; class=&#039;c-acco__link c-acco__tooltip&#039;&gt;Activiteitenpakket&lt;i class=&#039;fa-regular fa-circle-info fa-fw&#039;&gt;&lt;\/i&gt;&lt;\/a&gt;\"\n\t\t\t\t\t\tcustomincludedtitle=\"Activiteitenpakket\"\n\t\t\t\t\t\tcustomincludedicon=\"&lt;i class=&quot;fa-regular fa-snowflake&quot; aria-hidden=&quot;true&quot;&gt;&lt;\/i&gt;\"\n\t\t\t\t\t\tcustomincludedinfo=\"\t\t&lt;div class=&quot;translation-block&quot;&gt;&lt;p&gt;Onze&amp;nbsp;Lapland-reizen zijn standaard&lt;b data-stringify-type=&quot;bold&quot;&gt;&amp;nbsp;inclusief vier onvergetelijke activiteiten&lt;\/b&gt;:&lt;\/p&gt;\n&lt;ul&gt;\n&lt;li&gt;Husky safari&lt;\/li&gt;\n&lt;li&gt;Noorderlicht expeditie&lt;\/li&gt;\n&lt;li&gt;Sneeuwscootertocht&lt;\/li&gt;\n&lt;li&gt;Sneeuwschoen hike&lt;\/li&gt;\n&lt;\/ul&gt;\n&lt;p&gt;Wil je je reis n\u00f3g verder invullen of uitbreiden? Dat kan! We bieden een ruime keuze aan optionele activiteiten, zoals een rendiertocht, langlaufen, ice dipping en nog veel meer.&lt;\/p&gt;&lt;\/div&gt;\n\t\"\n\t\t\t\t\t\t>\n\t\t\t\t\t<\/accosearch-results>\n\t\t\t\t<\/div>\n\t\t\t<\/div>\n\t\t\t<div class=\"tb-accosearch__footer\">\n\t\t\t\t<small><\/small>\n\t\t\t<\/div>\n\t\t<\/div>\n\t<\/div>\n\n<\/div>\n\n\n\n\n\n","protected":false},"excerpt":{"rendered":"","protected":false},"author":30,"featured_media":110,"parent":0,"menu_order":0,"comment_status":"closed","ping_status":"closed","template":"","meta":{"_acf_changed":false,"inline_featured_image":false,"footnotes":""},"class_list":["post-813","page","type-page","status-publish","has-post-thumbnail","hentry"],"acf":{"page_package_ids":"","is_main_package_page":false,"additional_linked_packages":[],"feed_page_to_atlas":true},"_links":{"self":[{"href":"https:\/\/lt.travelblox.eu\/nl\/wp-json\/wp\/v2\/pages\/813","targetHints":{"allow":["GET"]}}],"collection":[{"href":"https:\/\/lt.travelblox.eu\/nl\/wp-json\/wp\/v2\/pages"}],"about":[{"href":"https:\/\/lt.travelblox.eu\/nl\/wp-json\/wp\/v2\/types\/page"}],"author":[{"embeddable":true,"href":"https:\/\/lt.travelblox.eu\/nl\/wp-json\/wp\/v2\/users\/30"}],"replies":[{"embeddable":true,"href":"https:\/\/lt.travelblox.eu\/nl\/wp-json\/wp\/v2\/comments?post=813"}],"version-history":[{"count":49,"href":"https:\/\/lt.travelblox.eu\/nl\/wp-json\/wp\/v2\/pages\/813\/revisions"}],"predecessor-version":[{"id":8626,"href":"https:\/\/lt.travelblox.eu\/nl\/wp-json\/wp\/v2\/pages\/813\/revisions\/8626"}],"wp:featuredmedia":[{"embeddable":true,"href":"https:\/\/lt.travelblox.eu\/nl\/wp-json\/wp\/v2\/media\/110"}],"wp:attachment":[{"href":"https:\/\/lt.travelblox.eu\/nl\/wp-json\/wp\/v2\/media?parent=813"}],"curies":[{"name":"wp","href":"https:\/\/api.w.org\/{rel}","templated":true}]}}