{"id":1874,"date":"2024-08-27T09:58:49","date_gmt":"2024-08-27T09:58:49","guid":{"rendered":"https:\/\/lt.travelblox.eu\/?page_id=1874"},"modified":"2026-04-28T10:08:14","modified_gmt":"2026-04-28T10:08:14","slug":"directflights","status":"publish","type":"page","link":"https:\/\/lt.travelblox.eu\/nl\/directflights\/","title":{"rendered":"Rechtstreekse vluchten naar Lapland"},"content":{"rendered":"\n<div class=\" tb-header tb-block align-center background-dark pattern-none variant-none\" id=\"header\" data-fallback-background=\"https:\/\/lt.travelblox.eu\/wp-content\/uploads\/sites\/63\/2026\/03\/Lapland-prev-\u00a9-Fille-Roelants-12141900-1.jpg\" style=\"background-image: url('https:\/\/lt.travelblox.eu\/wp-content\/uploads\/sites\/63\/2026\/03\/Lapland-prev-\u00a9-Fille-Roelants-12141900-1.jpg'); background-position:;\">\n    <div class=\"tb-header-foreground\">\n        <div class=\"inner-block\">\n\n            <div class=\"main-part\">\n                <div class=\"text-part\">\n                                                                                            <h1>\t<span class=\"tb-logo \"  style=\"-webkit-mask-image: url(https:\/\/lt.travelblox.eu\/wp-content\/uploads\/sites\/63\/2023\/12\/LaplandTravel-logo-DEFNL-04.svg); mask-image: url(https:\/\/lt.travelblox.eu\/wp-content\/uploads\/sites\/63\/2023\/12\/LaplandTravel-logo-DEFNL-04.svg)\">\n\t\t<img src='https:\/\/lt.travelblox.eu\/wp-content\/uploads\/sites\/63\/2023\/12\/LaplandTravel-logo-DEFNL-04.svg' width='1024' height='1024' alt='Lapland Travel logo' title='Lapland Travel' loading='lazy'>\n\t<\/span>\n<\/h1>\n                                                                                        <h2 class=\"tb-subtitle\">\t\t<div class=\"translation-block\"><p>Rechtstreekse vluchten naar Lapland<\/p><\/div>\n\t<\/h2>\n                                                                                                                                            <\/div>\n            <\/div>\n            \n                    <\/div>\n    <\/div>\n\n    \n    \n<\/div>\n\n\n<div class=\" tb-leadtext tb-block align-center background-light pattern-none variant-none tb-collapsible-margins\" id=\"leadtext\">\n\t<div class=\"inner-block tb-fade-in tb-fade-in--subtle\">\n\t\t<div class=\"text-part\">\n\t\t\t\t\t<div class=\"translation-block\"><p>Droom je van een wintervakantie in Lapland zonder gedoe? Vlieg rechtstreeks naar&nbsp;<a class=\"decorated-link cursor-pointer\" href=\"#KTT\" rel=\"noopener\" data-start=\"335\" data-end=\"385\">Levi, \u00c4k\u00e4slompolo, Saariselk\u00e4<\/a> of <a href=\"#ROV\">Rovaniemi<\/a>.<\/p>\n<p>Met directe vluchten vanuit Brussel en Amsterdam begint jouw avontuur al bij vertrek.<\/p><\/div>\n\t\t\t<\/div>\n\t<\/div>\n<\/div>\n\n\n\n<div class=\" tb-howtogetthere tb-block align-none background-light pattern-none variant-none tb-collapsible-margins\" id=\"KTT\">\n\t<div class=\"inner-block tb-fade-in tb-fade-in--subtle\">\n\t\t<div class=\"text-part\">\n\t\t\t<h2>Hoe kom ik in Levi, \u00c4k\u00e4slompolo of Saariselk\u00e4? <\/h2>\n\t\t\t\t\t<div class=\"translation-block\"><p>Onze reizen naar Levi, \u00c4k\u00e4slompolo of Saariselk\u00e4 lopen van <strong>zondag t.e.m. zondag.&nbsp;<\/strong><\/p><\/div>\n\t\t\t\t\t\t\t\t<div class=\"select-part\">\n\t\t\t\t\t<label>Reizen vanuit<\/label>\n\t\t\t\t\t<select>\n\t\t\t\t\t\t\t\t\t\t\t\t\t<option value=\"0\" data-section=\"KTT-section-0\">\ud83c\udde7\ud83c\uddea Belgi\u00eb<\/option>\n\t\t\t\t\t\t\t\t\t\t\t\t\t<option value=\"1\" data-section=\"KTT-section-1\">\ud83c\uddf3\ud83c\uddf1 Nederland<\/option>\n\t\t\t\t\t\t\t\t\t\t\t<\/select>\n\t\t\t\t<\/div>\n\t\t\t\t\t<\/div>\n\t<\/div>\n\t\t\t<div class=\"inner-block tb-fade-in tb-fade-in--subtle\">\n\t\t\t\t\t\t\t<div class=\"tb-sections\">\n\t\t\t\t\t\t\t\t\t\t\t\t\t\t\t\t\t\t<div class=\"tb-section entries \" id=\"KTT-section-0\">\n\t\t\t\t\t\t\t\t\t\t\t\t\t\t\t\t\t<div class=\"entry\">\n\t\t\t\t\t\t\t\t\t\t\t\t\t\t<i class=\"icon fa-solid fa-plane-departure \" aria-hidden=\"true\"><\/i>\n\t\t\t\t\t\t\t\t\t\t\t\t\t<div class=\"text-part\">\n\t\t\t\t\t\t\t\t\t\t\t<h4>Vluchten<\/h4>\n\t\t\t\t\t\t\t\t\t\t\t\t\t<div class=\"translation-block\"><p>Onze <strong>rechtstreekse vluchten<\/strong> naar Fins Lapland worden elke zondag verzorgd door <strong>Brussels Airlines<\/strong> en vertrekken vanaf <strong>Brussel-Zaventem<\/strong>.<\/p>\n<p><strong>Heenreis<\/strong><strong>:<\/strong> Brussel-Zaventem naar Kittil\u00e4: 06:20 \u2013 10:45<br \/><strong data-start=\"536\" data-end=\"546\">Terugreis<\/strong><strong data-start=\"536\" data-end=\"546\">:<\/strong> Kittil\u00e4 naar Brussel-Zaventem: 11:45 \u2013 14:10<\/p><\/div>\n\t\t\t\t\t\t\t\t\t\t\t<\/div>\n\t\t\t\t\t\t\t\t\t<\/div>\n\t\t\t\t\t\t\t\t\t\t\t\t\t\t\t\t\t<div class=\"entry\">\n\t\t\t\t\t\t\t\t\t\t\t\t\t\t<i class=\"icon fa-solid fa-bus-simple \" aria-hidden=\"true\"><\/i>\n\t\t\t\t\t\t\t\t\t\t\t\t\t<div class=\"text-part\">\n\t\t\t\t\t\t\t\t\t\t\t<h4>Luchthaven transfers<\/h4>\n\t\t\t\t\t\t\t\t\t\t\t\t\t<div class=\"translation-block\"><p>Onze transfers zijn afgestemd op de vluchttijden en <strong>inbegrepen in de vluchtprijs<\/strong>. Je wordt comfortabel van de luchthaven naar je bestemming gebracht en weer terug.<\/p>\n<p><strong>Transfertijden:<\/strong><\/p>\n<ul>\n<li>\u00c4k\u00e4slompolo: 1 uur.<\/li>\n<li>Levi: 20 minuten.<\/li>\n<li>Saariselk\u00e4: 3 uur<\/li>\n<\/ul><\/div>\n\t\t\t\t\t\t\t\t\t\t\t<\/div>\n\t\t\t\t\t\t\t\t\t<\/div>\n\t\t\t\t\t\t\t\t\t\t\t\t\t\t\t\t\t<div class=\"entry\">\n\t\t\t\t\t\t\t\t\t\t\t\t\t\t<i class=\"icon fa-solid fa-suitcase \" aria-hidden=\"true\"><\/i>\n\t\t\t\t\t\t\t\t\t\t\t\t\t<div class=\"text-part\">\n\t\t\t\t\t\t\t\t\t\t\t<h4>Bagage<\/h4>\n\t\t\t\t\t\t\t\t\t\t\t\t\t<div class=\"translation-block\"><p>Bij je reis is standaard <strong>23 kg ruimbagage en 8 kg handbagage per persoon<\/strong> inbegrepen. Optioneel kun je ook nog skibagage bijboeken.<\/p><\/div>\n\t\t\t\t\t\t\t\t\t\t\t<\/div>\n\t\t\t\t\t\t\t\t\t<\/div>\n\t\t\t\t\t\t\t\t\t\t\t\t\t\t\t\t\t<div class=\"entry\">\n\t\t\t\t\t\t\t\t\t\t\t\t\t\t<i class=\"icon fa-solid fa-bed \" aria-hidden=\"true\"><\/i>\n\t\t\t\t\t\t\t\t\t\t\t\t\t<div class=\"text-part\">\n\t\t\t\t\t\t\t\t\t\t\t<h4>Hotelovernachting<\/h4>\n\t\t\t\t\t\t\t\t\t\t\t\t\t<div class=\"translation-block\"><p>De rechtstreekse vlucht vanuit Brussel vertrekt op zondagochtend om 06:25. Om je reis ontspannen te beginnen, raden we een overnachting aan van zaterdag op zondag in het <a href=\"https:\/\/all.accor.com\/hotel\/B8H4\/index.en.shtml?utm_campaign=seo+maps&amp;utm_medium=seo+maps&amp;utm_source=google+Maps\">Greet Brussels Airport hotel<\/a>. De kostprijs hiervoor is <strong data-start=\"323\" data-end=\"343\">\u20ac 65 per persoon<\/strong>.<\/p><\/div>\n\t\t\t\t\t\t\t\t\t\t\t<\/div>\n\t\t\t\t\t\t\t\t\t<\/div>\n\t\t\t\t\t\t\t\t\t\t\t\t\t\t\t<\/div>\n\t\t\t\t\t\t\t\t\t\t\t\t\t\t\t\t\t\t\t\t\t\t\t\t<div class=\"tb-section entries hidden\" id=\"KTT-section-1\">\n\t\t\t\t\t\t\t\t\t\t\t\t\t\t\t\t\t<div class=\"entry\">\n\t\t\t\t\t\t\t\t\t\t\t\t\t\t<i class=\"icon fa-solid fa-plane-departure \" aria-hidden=\"true\"><\/i>\n\t\t\t\t\t\t\t\t\t\t\t\t\t<div class=\"text-part\">\n\t\t\t\t\t\t\t\t\t\t\t<h4>Vluchten<\/h4>\n\t\t\t\t\t\t\t\t\t\t\t\t\t<div class=\"translation-block\"><p>Onze <strong>rechtstreekse vluchten<\/strong> naar Fins Lapland worden elke zondag verzorgd door <strong>Transavia<\/strong> en vertrekken vanaf <strong>Amsterdam-Schiphol<\/strong>.<\/p>\n<p><strong data-start=\"349\" data-end=\"358\">Heenreis:<\/strong> Amsterdam Schiphol naar Kittil\u00e4: 05:00 \u2013 09:15<br \/><strong data-start=\"395\" data-end=\"405\">Terugreis:<\/strong> Kittil\u00e4 naar Amsterdam Schiphol: 10:25 \u2013 12:40<\/p><\/div>\n\t\t\t\t\t\t\t\t\t\t\t<\/div>\n\t\t\t\t\t\t\t\t\t<\/div>\n\t\t\t\t\t\t\t\t\t\t\t\t\t\t\t\t\t<div class=\"entry\">\n\t\t\t\t\t\t\t\t\t\t\t\t\t\t<i class=\"icon fa-solid fa-bus-simple \" aria-hidden=\"true\"><\/i>\n\t\t\t\t\t\t\t\t\t\t\t\t\t<div class=\"text-part\">\n\t\t\t\t\t\t\t\t\t\t\t<h4>Luchthaven transfers<\/h4>\n\t\t\t\t\t\t\t\t\t\t\t\t\t<div class=\"translation-block\"><p>Onze transfers zijn afgestemd op de vluchttijden en&nbsp;<strong>inbegrepen in de vluchtprijs<\/strong>. Je wordt comfortabel van de luchthaven naar je bestemming gebracht en weer terug.<\/p>\n<p><strong>Transfertijden:<\/strong><\/p>\n<ul>\n<li>\u00c4k\u00e4slompolo: 1 uur.<\/li>\n<li>Levi: 20 minuten.<\/li>\n<li>Saariselk\u00e4: 3 uur<\/li>\n<\/ul><\/div>\n\t\t\t\t\t\t\t\t\t\t\t<\/div>\n\t\t\t\t\t\t\t\t\t<\/div>\n\t\t\t\t\t\t\t\t\t\t\t\t\t\t\t\t\t<div class=\"entry\">\n\t\t\t\t\t\t\t\t\t\t\t\t\t\t<i class=\"icon fa-solid fa-suitcase \" aria-hidden=\"true\"><\/i>\n\t\t\t\t\t\t\t\t\t\t\t\t\t<div class=\"text-part\">\n\t\t\t\t\t\t\t\t\t\t\t<h4>Bagage<\/h4>\n\t\t\t\t\t\t\t\t\t\t\t\t\t<div class=\"translation-block\"><p>Bij je reis is standaard&nbsp;<strong>20 kg ruimbagage en 10 kg handbagage per persoon<\/strong>&nbsp;inbegrepen. Optioneel kun je ook nog skibagage bijboeken.<\/p>\n<p>* let op de handbagage moet onder je stoel passen.<\/p><\/div>\n\t\t\t\t\t\t\t\t\t\t\t<\/div>\n\t\t\t\t\t\t\t\t\t<\/div>\n\t\t\t\t\t\t\t\t\t\t\t\t\t\t\t\t\t<div class=\"entry\">\n\t\t\t\t\t\t\t\t\t\t\t\t\t\t<i class=\"icon fa-solid fa-passport \" aria-hidden=\"true\"><\/i>\n\t\t\t\t\t\t\t\t\t\t\t\t\t<div class=\"text-part\">\n\t\t\t\t\t\t\t\t\t\t\t<h4>Welke reisdocumenten moet ik meenemen? <\/h4>\n\t\t\t\t\t\t\t\t\t\t\t\t\t<div class=\"translation-block\"><p>Voor Lapland volstaat een <strong data-start=\"26\" data-end=\"64\">geldige nationale identiteitskaart<\/strong>. Fins Lapland behoort tot de Europese Unie dus je hoeft geen internationaal paspoort mee te nemen.<\/p><\/div>\n\t\t\t\t\t\t\t\t\t\t\t<\/div>\n\t\t\t\t\t\t\t\t\t<\/div>\n\t\t\t\t\t\t\t\t\t\t\t\t\t\t\t<\/div>\n\t\t\t\t\t\t\t\t\t\t\t\t\t\t\t<\/div>\n\t\t\t\t\t<\/div>\n\t<\/div>\n\n\n<div class=\" tb-howtogetthere tb-block align-none background-light pattern-none variant-none tb-collapsible-margins\" id=\"ROV\">\n\t<div class=\"inner-block tb-fade-in tb-fade-in--subtle\">\n\t\t<div class=\"text-part\">\n\t\t\t<h2>Hoe kom ik in Rovaniemi? <\/h2>\n\t\t\t\t\t<div class=\"translation-block\"><p>Onze reizen naar Rovaniemi lopen van <strong>zaterdag t.e.m. zaterdag<\/strong>.<\/p>\n<p><strong>Reizen vanuit \ud83c\uddf3\ud83c\uddf1 Nederland<\/strong><\/p><\/div>\n\t\t\t\t\t\t<\/div>\n\t<\/div>\n\t\t\t<div class=\"inner-block tb-fade-in tb-fade-in--subtle\">\n\t\t\t\t\t\t\t<div class=\"tb-sections\">\n\t\t\t\t\t\t\t\t\t\t\t\t\t\t\t\t\t\t<div class=\"tb-section entries \" id=\"ROV-section-0\">\n\t\t\t\t\t\t\t\t\t\t\t\t\t\t\t\t\t<div class=\"entry\">\n\t\t\t\t\t\t\t\t\t\t\t\t\t\t<i class=\"icon fa-solid fa-plane-departure \" aria-hidden=\"true\"><\/i>\n\t\t\t\t\t\t\t\t\t\t\t\t\t<div class=\"text-part\">\n\t\t\t\t\t\t\t\t\t\t\t<h4>Vluchten<\/h4>\n\t\t\t\t\t\t\t\t\t\t\t\t\t<div class=\"translation-block\"><p>Onze <strong data-start=\"360\" data-end=\"386\">rechtstreekse vluchten<\/strong> naar Rovaniemi worden elke zaterdag verzorgd en vertrekken vanaf <strong data-start=\"453\" data-end=\"475\">Amsterdam-Schiphol<\/strong>.<\/p>\n<p><strong data-start=\"478\" data-end=\"491\">Heenreis:<\/strong> Amsterdam Schiphol naar Rovaniemi: 05:50<br data-start=\"532\" data-end=\"535\" \/><strong data-start=\"535\" data-end=\"549\">Terugreis:<\/strong> Rovaniemi naar Amsterdam Schiphol: 10:45<\/p><\/div>\n\t\t\t\t\t\t\t\t\t\t\t<\/div>\n\t\t\t\t\t\t\t\t\t<\/div>\n\t\t\t\t\t\t\t\t\t\t\t\t\t\t\t\t\t<div class=\"entry\">\n\t\t\t\t\t\t\t\t\t\t\t\t\t\t<i class=\"icon fa-solid fa-bus-simple \" aria-hidden=\"true\"><\/i>\n\t\t\t\t\t\t\t\t\t\t\t\t\t<div class=\"text-part\">\n\t\t\t\t\t\t\t\t\t\t\t<h4>Luchthaven transfers<\/h4>\n\t\t\t\t\t\t\t\t\t\t\t\t\t<div class=\"translation-block\"><p>Onze transfers zijn afgestemd op de vluchttijden en&nbsp;<strong>inbegrepen in de vluchtprijs<\/strong>. Je wordt comfortabel van de luchthaven naar je bestemming gebracht en weer terug.<\/p>\n<p><strong>Transfertijden:<\/strong><\/p>\n<ul>\n<li>Rovaniemi: 15 minuten<\/li>\n<\/ul><\/div>\n\t\t\t\t\t\t\t\t\t\t\t<\/div>\n\t\t\t\t\t\t\t\t\t<\/div>\n\t\t\t\t\t\t\t\t\t\t\t\t\t\t\t\t\t<div class=\"entry\">\n\t\t\t\t\t\t\t\t\t\t\t\t\t\t<i class=\"icon fa-solid fa-suitcase \" aria-hidden=\"true\"><\/i>\n\t\t\t\t\t\t\t\t\t\t\t\t\t<div class=\"text-part\">\n\t\t\t\t\t\t\t\t\t\t\t<h4>Bagage<\/h4>\n\t\t\t\t\t\t\t\t\t\t\t\t\t<div class=\"translation-block\"><p>Bij je reis is standaard&nbsp;<strong>20 kg ruimbagage en 10 kg handbagage per persoon<\/strong>&nbsp;inbegrepen. Optioneel kun je ook nog skibagage bijboeken.<\/p>\n<p>* Let op de handbagage moet onder je stoel passen.<\/p><\/div>\n\t\t\t\t\t\t\t\t\t\t\t<\/div>\n\t\t\t\t\t\t\t\t\t<\/div>\n\t\t\t\t\t\t\t\t\t\t\t\t\t\t\t\t\t<div class=\"entry\">\n\t\t\t\t\t\t\t\t\t\t\t\t\t\t<i class=\"icon fa-solid fa-passport \" aria-hidden=\"true\"><\/i>\n\t\t\t\t\t\t\t\t\t\t\t\t\t<div class=\"text-part\">\n\t\t\t\t\t\t\t\t\t\t\t<h4>Welke reisdocumenten moet ik meenemen? <\/h4>\n\t\t\t\t\t\t\t\t\t\t\t\t\t<div class=\"translation-block\"><p>Voor Lapland volstaat een <strong data-start=\"26\" data-end=\"64\">geldige nationale identiteitskaart<\/strong>. Fins Lapland behoort tot de Europese Unie dus je hoeft geen internationaal paspoort mee te nemen.<\/p><\/div>\n\t\t\t\t\t\t\t\t\t\t\t<\/div>\n\t\t\t\t\t\t\t\t\t<\/div>\n\t\t\t\t\t\t\t\t\t\t\t\t\t\t\t<\/div>\n\t\t\t\t\t\t\t\t\t\t\t\t\t\t\t<\/div>\n\t\t\t\t\t<\/div>\n\t<\/div>\n\n\n\n\n\n\n\n\n\n\n\n\n<div class=\" tb-colcompare tb-block align-center background-light pattern-none variant-cards tb-collapsible-margins\" id=\"colcompare\">\n\t<div class=\"inner-block tb-fade-in tb-fade-in--subtle\">\n\t\t<div class=\"text-part\">\n\t\t\t<h2>Waarom vliegen via Lapland Travel? <\/h2>\n\t\t\t\t\t<div class=\"translation-block\"><\/div>\n\t\t\t<\/div>\n\t<\/div>\n\t\t\t\t\t<div class=\"inner-block-full-width has-tb-carousel tb-justified\" >\n\t\t\t<div class=\"tb-carousel-container\">\n\t\t\t\t<div class=\"entries tb-cards\" data-slider-first=\"1\">\n\t\t\t\t\t\t\t\t\t<div class=\"tb-card entry tb-fade-in tb-fade-in--subtle\">\n\t\t\t\t<div class=\"tb-image-part\">\n\t\t\t\t\t<img src='https:\/\/lt.travelblox.eu\/wp-content\/uploads\/sites\/63\/2024\/04\/Screenshot-2024-04-09-at-08.54.22.png' width='690' height='454' alt='Lapland Kittila' loading='lazy' image_size='medium_large'>\t\t\t\t<\/div>\n\t\t\t\t<div class=\"tb-card-content text-part\">\n\t\t\t\t\t<h5>\t\t\t\t<i class=\"icon fa-solid fa-plane \" aria-hidden=\"true\"><\/i>\n\t\t\t Directe vluchten<\/h5>\n\t\t\t\t\t\t\t<div class=\"translation-block\"><ul>\n<li>Directe vluchten naar Fins Lapland tegen vaste prijzen.<\/li>\n<li>Vanuit Brussel (Zaventem) en Amsterdam (Schiphol)<\/li>\n<\/ul>\n<p>&nbsp;<\/p><\/div>\n\t\t\t\t\t\t<div class=\"tb-buttons-part\">\n\t\t\t\t\t\t\t\t\t\t\t<\/div>\n\t\t\t\t<\/div>\n\t\t\t<\/div>\n\t\t\t\t\t<div class=\"tb-card entry tb-fade-in tb-fade-in--subtle\">\n\t\t\t\t<div class=\"tb-image-part\">\n\t\t\t\t\t<img src='https:\/\/lt.travelblox.eu\/wp-content\/uploads\/sites\/63\/2025\/11\/contact_featured_image-768x512.jpg' width='768' height='512' loading='lazy' image_size='medium_large'>\t\t\t\t<\/div>\n\t\t\t\t<div class=\"tb-card-content text-part\">\n\t\t\t\t\t<h5>\t\t\t\t<i class=\"icon fa-kit fa-tb-icon-yoga \" aria-hidden=\"true\"><\/i>\n\t\t\t Begeleiding<\/h5>\n\t\t\t\t\t\t\t<div class=\"translation-block\"><ul>\n<li>Een team dat zich dagelijks bezighoudt met vluchten<\/li>\n<li>Hulp bij wijzigingen (namen, bagage, etc.)<\/li>\n<li>Hulp bij verloren bagage, vertraging of annulering van je vlucht<\/li>\n<\/ul><\/div>\n\t\t\t\t\t\t<div class=\"tb-buttons-part\">\n\t\t\t\t\t\t\t\t\t\t\t<\/div>\n\t\t\t\t<\/div>\n\t\t\t<\/div>\n\t\t\t\t\t<div class=\"tb-card entry tb-fade-in tb-fade-in--subtle\">\n\t\t\t\t<div class=\"tb-image-part\">\n\t\t\t\t\t<img src='https:\/\/lt.travelblox.eu\/wp-content\/uploads\/sites\/63\/2025\/05\/ChatGPT-Image-6-mai-2025-16_46_55-1-768x768.jpg' width='768' height='768' alt='Transfer' loading='lazy' image_size='medium_large'>\t\t\t\t<\/div>\n\t\t\t\t<div class=\"tb-card-content text-part\">\n\t\t\t\t\t<h5>\t\t\t\t<i class=\"icon fa-solid fa-bus-simple \" aria-hidden=\"true\"><\/i>\n\t\t\t Shuttle service<\/h5>\n\t\t\t\t\t\t\t<div class=\"translation-block\"><ul>\n<li>Bij aankomst op de luchthaven word je verwelkomd door onze Nederlandstalige gidsen.<\/li>\n<li>De gidsen begeleiden je naar de shuttle, die je vervolgens naar je bestemming brengt.<\/li>\n<\/ul><\/div>\n\t\t\t\t\t\t<div class=\"tb-buttons-part\">\n\t\t\t\t\t\t\t\t\t\t\t<\/div>\n\t\t\t\t<\/div>\n\t\t\t<\/div>\n\t\t\t\t\t<div class=\"tb-card entry tb-fade-in tb-fade-in--subtle\">\n\t\t\t\t<div class=\"tb-image-part\">\n\t\t\t\t\t<img src='https:\/\/lt.travelblox.eu\/wp-content\/uploads\/sites\/63\/2025\/05\/suitcase-8510536_1920-768x500.jpg' width='768' height='500' alt='Valise' loading='lazy' image_size='medium_large'>\t\t\t\t<\/div>\n\t\t\t\t<div class=\"tb-card-content text-part\">\n\t\t\t\t\t<h5>\t\t\t\t<i class=\"icon fa-solid fa-suitcase-rolling \" aria-hidden=\"true\"><\/i>\n\t\t\t Bagage inclusief<\/h5>\n\t\t\t\t\t\t\t<div class=\"translation-block\"><ul>\n<li>1 stuk handbagage per persoon<\/li>\n<li>1 stuk ruimbagage per persoon<\/li>\n<\/ul>\n<p>&nbsp;<\/p><\/div>\n\t\t\t\t\t\t<div class=\"tb-buttons-part\">\n\t\t\t\t\t\t\t\t\t\t\t<\/div>\n\t\t\t\t<\/div>\n\t\t\t<\/div>\n\t\t\t\t\t\t\t\t<\/div>\n\t\t\t\t\t\t<div class=\"tb-carousel-nav\">\n\t\t\t<div class=\"dots\">\n\t\t\t\t<div class=\"dot active\"><\/div>\n\t\t\t\t<div class=\"dot\"><\/div>\n\t\t\t\t<div class=\"dot\"><\/div>\n\t\t\t<\/div>\n\t\t\t<div class=\"arrows\">\n\t\t\t\t<div class=\"prev disabled\">\n\t\t\t\t\t<span><i class=\"fa fa-chevron-left\"><\/i><\/span>\n\t\t\t\t<\/div>\n\t\t\t\t<div class=\"next\">\n\t\t\t\t\t<span><i class=\"fa fa-chevron-right\"><\/i><\/span>\n\t\t\t\t<\/div>\n\t\t\t<\/div>\n\t\t<\/div>\n\t\t\t\t<\/div>\n\t\t<\/div>\n\t\t\t<\/div>\n\n\n\n\n\n<div class=\"hide-some tb-faq tb-block align-center background-light pattern-none variant-none tb-collapsible-margins\" id=\"faq\">\n\t<div class=\"inner-block tb-fade-in tb-fade-in--subtle\">\n\t\t<div class=\"text-part\">\n\t\t\t<h2>Meestgestelde vragen<\/h2>\n\t\t\t\t\t<div class=\"translation-block\"><\/div>\n\t\t\t<\/div>\n\t<\/div>\n\t<div class=\"inner-block\">\n\n\t\t\t\t\t<div class=\"faq-list tb-accordion tb-accordion--animation two-col\">\n\t\t\t\t\t\t\t\t\t<details class=\"details\">\n\t\t\t\t\t\t<summary class=\"summary\"><div>Kan ik (online) inchecken en stoelen reserveren?<\/div><\/summary>\n\t\t\t\t\t\t<div class=\"content text-part\">\n\t\t\t\t\t\t\t\t\t<div class=\"translation-block\"><p>Ja, dit kan! Je krijgt van ons nog een sms\u2019je zodra je je online kan inchecken op de website van de luchtvaartmaatschappij enige tijd voor vertrek.<\/p>\n<p>Wij bieden geen voorafgaande stoelreserveringen of aanvragen voor extra beenruimte aan. Deze opties kan je eenvoudig zelf regelen. Online inchecken is mogelijk vanaf het moment dat de luchtvaartmaatschappij de check-in opent, enige tijd voor vertrek. Vroeger inchecken is niet mogelijk.<\/p>\n<p>Dat kan op&nbsp;<a href=\"https:\/\/lapland.modifly.shop\/\">Brussels Airlines<\/a> voor vluchten vanaf Brussel en&nbsp;<a href=\"https:\/\/www.transavia.com\/nl-NL\/mijn-transavia\/inchecken\/inloggen\/\">Transavia<\/a> voor vluchten vanaf Amsterdam.<\/p>\n<p>&nbsp;<\/p>\n<p>&nbsp;<\/p><\/div>\n\t\t\t\t\t\t\t<\/div>\n\t\t\t\t\t<\/details>\n\t\t\t\t\t\t\t\t\t<details class=\"details\">\n\t\t\t\t\t\t<summary class=\"summary\"><div>Kan ik ski\/snowboard materiaal meenemen?<\/div><\/summary>\n\t\t\t\t\t\t<div class=\"content text-part\">\n\t\t\t\t\t\t\t\t\t<div class=\"translation-block\"><p>Dat kan zeker. Je kunt dit bij boeken voor \u20ac 49 per persoon. Je mag in dat geval ofwel 1 paar skilatten, skistokken, skiboots en een helm meenemen ofwel een snowboard, snowboots en een helm.<\/p><\/div>\n\t\t\t\t\t\t\t<\/div>\n\t\t\t\t\t<\/details>\n\t\t\t\t\t\t\t\t\t<details class=\"details\">\n\t\t\t\t\t\t<summary class=\"summary\"><div>Hoelang duurt een vlucht naar Lapland?<\/div><\/summary>\n\t\t\t\t\t\t<div class=\"content text-part\">\n\t\t\t\t\t\t\t\t\t<div class=\"translation-block\"><p>De vluchttijd is afhankelijk van je vertrekpunt. Over het algemeen duurt een rechtstreekse vlucht vanuit Europese steden naar Lapland&nbsp;<strong>ongeveer 2 tot 4 uur.<\/strong><\/p><\/div>\n\t\t\t\t\t\t\t<\/div>\n\t\t\t\t\t<\/details>\n\t\t\t\t\t\t\t\t\t<details class=\"details\">\n\t\t\t\t\t\t<summary class=\"summary\"><div>Wat bij aankomst in de luchthaven? <\/div><\/summary>\n\t\t\t\t\t\t<div class=\"content text-part\">\n\t\t\t\t\t\t\t\t\t<div class=\"translation-block\"><p>Onze Nederlandstalige gidsen wachten je op aan de uitgang van de luchthaven. <strong>Zij begeleiden je naar de transfers.<\/strong><\/p>\n<p><strong>Hou er rekening mee dat het mogelijk is dat je bij aankomst nog even moet wachten om in te checken<\/strong>. Accommodaties zijn vaak pas beschikbaar vanaf 16u. Je kan dus niet altijd meteen inchecken, dus kleed je warm en voorzie eventueel wat handbagage met spullen die je meteen nodig hebt.<\/p><\/div>\n\t\t\t\t\t\t\t<\/div>\n\t\t\t\t\t<\/details>\n\t\t\t\t\t\t\t\t\t<details class=\"details\">\n\t\t\t\t\t\t<summary class=\"summary\"><div>Mijn naam is verkeerd gespeld op de tickets, wat nu?<\/div><\/summary>\n\t\t\t\t\t\t<div class=\"content text-part\">\n\t\t\t\t\t\t\t\t\t<div class=\"translation-block\"><p>Stuur ons onmiddellijk&nbsp;<a href=\"mailto:info@laplandtravel.com\">een mailtje<\/a>&nbsp;met de correcte paspoortnaam. Dan wijzigen we deze naam al dan niet met een extra kost (indien e-tickets al bevestigd zijn is dat het geval).<\/p><\/div>\n\t\t\t\t\t\t\t<\/div>\n\t\t\t\t\t<\/details>\n\t\t\t\t\t\t\t\t\t<details class=\"details\">\n\t\t\t\t\t\t<summary class=\"summary\"><div>Ik kan de vluchten niet online terugvinden, hoe komt dit?<\/div><\/summary>\n\t\t\t\t\t\t<div class=\"content text-part\">\n\t\t\t\t\t\t\t\t\t<div class=\"translation-block\"><p>Het klopt inderdaad dat je deze&nbsp;<strong>vluchten niet online kunt terugvinden<\/strong>. Dat komt omdat deze vluchten tot onze organisatie behoren en een&nbsp;<strong>chartervlucht<\/strong>&nbsp;zijn. Deze kun je dus&nbsp;<strong>niet openbaar terugvinden<\/strong>&nbsp;zoals een lijnvlucht.<\/p><\/div>\n\t\t\t\t\t\t\t<\/div>\n\t\t\t\t\t<\/details>\n\t\t\t\t\t\t\t\t\t<details class=\"details\">\n\t\t\t\t\t\t<summary class=\"summary\"><div>Welke naam moet ik doorgeven?<\/div><\/summary>\n\t\t\t\t\t\t<div class=\"content text-part\">\n\t\t\t\t\t\t\t\t\t<div class=\"translation-block\"><p>De naam die je doorgeeft moet de <strong>offici\u00eble naam<\/strong> zijn die op je paspoort staat. Dus <strong>geen roepnamen.<\/strong><\/p>\n<p>&nbsp;<\/p><\/div>\n\t\t\t\t\t\t\t<\/div>\n\t\t\t\t\t<\/details>\n\t\t\t\t\t\t\t\t\t<details class=\"details\">\n\t\t\t\t\t\t<summary class=\"summary\"><div>Wat als mijn vlucht geannuleerd wordt? <\/div><\/summary>\n\t\t\t\t\t\t<div class=\"content text-part\">\n\t\t\t\t\t\t\t\t\t<div class=\"translation-block\"><p><strong data-start=\"132\" data-end=\"172\">Wanneer je je vluchten via ons boekt<\/strong>, kan je rekenen op een zorgeloze reis. In geval van onvoorziene omstandigheden, zoals stakingen, annuleringen door de luchtvaartmaatschappij, slecht weer of technische problemen, zoeken wij steeds <strong data-start=\"370\" data-end=\"412\">kosteloos naar een passend alternatief<\/strong>. Zo zorgen we ervoor dat je alsnog zo vlot mogelijk op je bestemming geraakt.<\/p>\n<p>Ons ervaren <strong data-start=\"504\" data-end=\"520\">vluchtenteam<\/strong> staat in direct contact met de luchtvaartmaatschappijen en houdt alle wijzigingen nauwlettend in de gaten. Je wordt tijdig ge\u00efnformeerd en wij helpen waar nodig met een oplossing.<\/p>\n<p><strong data-start=\"702\" data-end=\"728\">Boek je je vlucht zelf<\/strong>, dan ben je zelf verantwoordelijk om op de bestemming te geraken. Bij vertragingen, annuleringen of gemiste aansluitingen dien je dit rechtstreeks met de luchtvaartmaatschappij te regelen. In dat geval kunnen wij <strong data-start=\"942\" data-end=\"1043\">niet aansprakelijk worden gesteld voor eventuele extra kosten of gemiste delen van het programma.<\/strong><\/p>\n<p>Daarom raden we aan om je vluchten <strong data-start=\"1080\" data-end=\"1101\">via ons te boeken<\/strong>, zodat wij alles voor je kunnen opvolgen en je zorgeloos aan je Lapland avontuur kan beginnen.<\/p><\/div>\n\t\t\t\t\t\t\t<\/div>\n\t\t\t\t\t<\/details>\n\t\t\t\t\t\t\t<\/div>\n\t\t\t\t<div class=\"load-more-faqs-container\">\n\t\t\t<div class=\"load-more-faqs-link\">\n\t\t\t\t<a href=\"#\" class=\"tb-buttonlink-with-icon load-more\">\n\t\t\t\t\t<span>Laad meer FAQ&#8217;s<\/span>\n\t\t\t\t\t<i class=\"icon fa fa-plus\"><\/i>\n\t\t\t\t<\/a>\n\t\t\t\t<a href=\"#\" class=\"tb-buttonlink-with-icon load-less\">\n\t\t\t\t\t<span>Laad minder FAQ&#8217;s<\/span>\n\t\t\t\t\t<i class=\"icon fa fa-minus\"><\/i>\n\t\t\t\t<\/a>\n\t\t\t<\/div>\n\t\t<\/div>\n\t<\/div>\n\t<\/div>\n\n\n\n","protected":false},"excerpt":{"rendered":"","protected":false},"author":81,"featured_media":4091,"parent":0,"menu_order":0,"comment_status":"closed","ping_status":"closed","template":"","meta":{"_acf_changed":false,"inline_featured_image":false,"footnotes":""},"class_list":["post-1874","page","type-page","status-publish","has-post-thumbnail","hentry"],"acf":{"page_package_ids":"","is_main_package_page":false,"additional_linked_packages":[],"feed_page_to_atlas":true},"_links":{"self":[{"href":"https:\/\/lt.travelblox.eu\/nl\/wp-json\/wp\/v2\/pages\/1874","targetHints":{"allow":["GET"]}}],"collection":[{"href":"https:\/\/lt.travelblox.eu\/nl\/wp-json\/wp\/v2\/pages"}],"about":[{"href":"https:\/\/lt.travelblox.eu\/nl\/wp-json\/wp\/v2\/types\/page"}],"author":[{"embeddable":true,"href":"https:\/\/lt.travelblox.eu\/nl\/wp-json\/wp\/v2\/users\/81"}],"replies":[{"embeddable":true,"href":"https:\/\/lt.travelblox.eu\/nl\/wp-json\/wp\/v2\/comments?post=1874"}],"version-history":[{"count":50,"href":"https:\/\/lt.travelblox.eu\/nl\/wp-json\/wp\/v2\/pages\/1874\/revisions"}],"predecessor-version":[{"id":8492,"href":"https:\/\/lt.travelblox.eu\/nl\/wp-json\/wp\/v2\/pages\/1874\/revisions\/8492"}],"wp:featuredmedia":[{"embeddable":true,"href":"https:\/\/lt.travelblox.eu\/nl\/wp-json\/wp\/v2\/media\/4091"}],"wp:attachment":[{"href":"https:\/\/lt.travelblox.eu\/nl\/wp-json\/wp\/v2\/media?parent=1874"}],"curies":[{"name":"wp","href":"https:\/\/api.w.org\/{rel}","templated":true}]}}