{"id":4916,"date":"2025-04-03T13:46:16","date_gmt":"2025-04-03T13:46:16","guid":{"rendered":"https:\/\/lt.travelblox.eu\/?page_id=4916"},"modified":"2026-04-01T07:31:11","modified_gmt":"2026-04-01T07:31:11","slug":"rovaniemiaeroport","status":"publish","type":"page","link":"https:\/\/lt.travelblox.eu\/fr\/rovaniemiaeroport\/","title":{"rendered":"Comment pouvez-vous nous rejoindre \u00e0 l'a\u00e9roport de Rovaniemi ?"},"content":{"rendered":"<div class=\"tb-header tb-block align-center background-dark pattern-none variant-none\" id=\"header\" data-fallback-background=\"https:\/\/lt.travelblox.eu\/wp-content\/uploads\/sites\/63\/2026\/03\/LT26_LAPLAND_FILLE-ROELANTS_WEB_74.jpg\" style=\"background-image: url('https:\/\/lt.travelblox.eu\/wp-content\/uploads\/sites\/63\/2026\/03\/LT26_LAPLAND_FILLE-ROELANTS_WEB_74.jpg'); background-position:;\">\n    <div class=\"tb-header-foreground\">\n        <div class=\"inner-block\">\n\n            <div class=\"main-part\">\n                <div class=\"text-part\">\n                                                                                            <h1>\t<span class=\"tb-logo\"  style=\"-webkit-mask-image: url(https:\/\/lt.travelblox.eu\/wp-content\/uploads\/sites\/63\/2023\/12\/LaplandTravel-logo-DEFNL-04.svg); mask-image: url(https:\/\/lt.travelblox.eu\/wp-content\/uploads\/sites\/63\/2023\/12\/LaplandTravel-logo-DEFNL-04.svg)\">\n\t\t<img src='http:\/\/lt.travelblox.eu\/wp-content\/uploads\/sites\/63\/2024\/03\/white_logo_VL-1.png' width='1024' height='1024' alt='Lapland Travel logo' title='Voyages Laponie' loading='lazy'>\n\t<\/span>\n<\/h1>\n                                                                                        <h2 class=\"tb-subtitle\">\t\t<div class=\"translation-block\"><p>Comment se rendre \u00e0 l'a\u00e9roport de Rovaniemi ?<\/p>\n<p>Luosto &amp; Rovaniemi<\/p><\/div>\n\t<\/h2>\n                                                                                                                                            <\/div>\n            <\/div>\n            \t\t<a href=\"#\" class=\"scroll-down-button\">\n\t\t\t<i class=\"fa fa-arrow-down\"><\/i>\n\t\t<\/a>\n\t\n                    <\/div>\n    <\/div>\n\n    \n    \n<\/div>\n\n\n<div class=\"tb-leadtext tb-block align-center background-light pattern-none variant-none tb-collapsible-margins\" id=\"leadtext\">\n\t<div class=\"inner-block tb-fade-in tb-fade-in--subtle\">\n\t\t<div class=\"text-part\">\n\t\t\t\t\t<div class=\"translation-block\"><p><strong>R\u00e9servez de pr\u00e9f\u00e9rence votre vol vers l'a\u00e9roport de Rovaniemi<\/strong><\/p><p>Nos vols peuvent se remplir rapidement, c'est pourquoi nous vous conseillons de r\u00e9server vous-m\u00eame votre voyage vers Rovaniemi.&nbsp;<br>Toutes les informations pratiques sont clairement regroup\u00e9es ici.<br><br>Vous pouvez partir de plusieurs villes europ\u00e9ennes et nous rejoindre facilement sur place pour profiter pleinement de l'aventure.<br>Ce voyage est \u00e9galement con\u00e7u pour vous donner cette flexibilit\u00e9 - tous les d\u00e9tails se trouvent sur cette page.<\/p><p>&nbsp;<\/p><p><strong>Bon \u00e0 savoir :<\/strong><\/p><p>Nos voyages se d\u00e9roulent toujours du samedi au samedi. L'h\u00e9bergement est r\u00e9serv\u00e9 pour cette p\u00e9riode, avec des activit\u00e9s du dimanche matin au vendredi soir.<br>Si vous ne voulez rien manquer, nous vous conseillons d'arriver le samedi et de repartir le samedi suivant. Si vous choisissez d'arriver plus t\u00f4t ou de rester plus longtemps, vous pouvez r\u00e9server des nuits suppl\u00e9mentaires vous-m\u00eame - celles-ci ne sont pas g\u00e9r\u00e9es par notre organisation.<br>Ainsi, vous aurez toute la libert\u00e9 d'allonger votre voyage comme bon vous semble.<\/p><\/div>\n\t\t\t<\/div>\n\t<\/div>\n<\/div>\n\n\n\n<div class=\"tb-quoteparallax tb-block align-center background-light pattern-none variant-text_on_image\" id=\"quoteparallax\" style=\"background-image: url('https:\/\/lt.travelblox.eu\/wp-content\/uploads\/sites\/63\/2025\/02\/DJI_0026-min.jpg');\">\n\t\t<div class=\"inner-block tb-fade-in tb-fade-in--subtle\">\n\t\t\t\t<\/div>\n<\/div>\n\n\n\n<div class=\"tb-howtogetthere tb-block align-none background-light pattern-none variant-none tb-collapsible-margins\" id=\"howtogetthere\">\n\t<div class=\"inner-block tb-fade-in tb-fade-in--subtle\">\n\t\t<div class=\"text-part\">\n\t\t\t<h2>Vols directs et options de train vers Rovaniemi et Luosto<\/h2>\n\t\t\t\t\t<div class=\"translation-block\"><p>Voici un aper\u00e7u des vols directs disponibles vers Rovaniemi pour la saison 2026-2027 depuis la France, la Belgique, l'Allemagne, l'Espagne, le Royaume-Uni et les Pays-Bas. Attention : ces informations peuvent changer. Nous vous recommandons de v\u00e9rifier les horaires de vol et la disponibilit\u00e9 directement aupr\u00e8s des compagnies a\u00e9riennes.<\/p><p>&nbsp;<\/p><\/div>\n\t\t\t\t\t\t\t\t<div class=\"select-part\">\n\t\t\t\t\t<label>Voyage depuis<\/label>\n\t\t\t\t\t<select>\n\t\t\t\t\t\t\t\t\t\t\t\t\t<option value=\"0\" data-section=\"howtogetthere-section-0\">\ud83c\udde7\ud83c\uddea Belgique<\/option>\n\t\t\t\t\t\t\t\t\t\t\t\t\t<option value=\"1\" data-section=\"howtogetthere-section-1\">\ud83c\uddf3\ud83c\uddf1 Pays-Bas<\/option>\n\t\t\t\t\t\t\t\t\t\t\t\t\t<option value=\"2\" data-section=\"howtogetthere-section-2\">\ud83c\uddeb\ud83c\uddf7 France<\/option>\n\t\t\t\t\t\t\t\t\t\t\t\t\t<option value=\"3\" data-section=\"howtogetthere-section-3\">\ud83c\udde9\ud83c\uddea Allemagne<\/option>\n\t\t\t\t\t\t\t\t\t\t\t\t\t<option value=\"4\" data-section=\"howtogetthere-section-4\">\ud83c\uddeb\ud83c\uddf7 Royaume-Uni<\/option>\n\t\t\t\t\t\t\t\t\t\t\t<\/select>\n\t\t\t\t<\/div>\n\t\t\t\t\t<\/div>\n\t<\/div>\n\t\t\t<div class=\"inner-block tb-fade-in tb-fade-in--subtle\">\n\t\t\t\t\t\t\t<div class=\"tb-sections\">\n\t\t\t\t\t\t\t\t\t\t\t\t\t\t\t\t\t\t<div class=\"tb-section entries\" id=\"howtogetthere-section-0\">\n\t\t\t\t\t\t\t\t\t\t\t\t\t\t\t\t\t<div class=\"entry\">\n\t\t\t\t\t\t\t\t\t\t\t\t\t\t<i class=\"icon fa-solid fa-plane-departure\" aria-hidden=\"true\"><\/i>\n\t\t\t\t\t\t\t\t\t\t\t\t\t<div class=\"text-part\">\n\t\t\t\t\t\t\t\t\t\t\t<h4><\/h4>\n\t\t\t\t\t\t\t\t\t\t\t\t\t<div class=\"translation-block\"><p><i><strong>Samedi - Samedi<\/strong>&nbsp;<\/i><\/p><p><a href=\"https:\/\/www.ryanair.com\/be\/fr\"><strong>Avec Ryanair :<\/strong><\/a><\/p><p><strong>Aller :<\/strong> Charleroi \u00e0 Rovaniemi : <strong>15:20 \u2013 19:40<\/strong><\/p><p><strong>Retour :<\/strong> Rovaniemi \u00e0 Charleroi : <strong>20:15 \u2013 22:35<\/strong><\/p><p><strong>Il existe \u00e9galement d'autres options disponibles avec des vols en provenance de pays voisins comme l'Allemagne, la France ou les Pays-Bas.<\/strong><\/p><\/div>\n\t\t\t\t\t\t\t\t\t\t\t<\/div>\n\t\t\t\t\t\t\t\t\t<\/div>\n\t\t\t\t\t\t\t\t\t\t\t\t\t\t\t\t\t<div class=\"entry\">\n\t\t\t\t\t\t\t\t\t\t\t\t\t\t<i class=\"icon fa-solid fa-train\" aria-hidden=\"true\"><\/i>\n\t\t\t\t\t\t\t\t\t\t\t\t\t<div class=\"text-part\">\n\t\t\t\t\t\t\t\t\t\t\t<h4><\/h4>\n\t\t\t\t\t\t\t\t\t\t\t\t\t<div class=\"translation-block\"><p><strong>Une id\u00e9e d'un itin\u00e9raire possible depuis Bruxelles :<\/strong><\/p>\n<ul data-spread=\"false\">\n<li>Bruxelles \u2192 Hambourg<\/li>\n<li>Hambourg \u2192 Stockholm<\/li>\n<li>Stockholm \u2192 Helsinki (ferry de nuit)<\/li>\n<li>Helsinki \u2192 Rovaniemi (Santa Claus Express)<\/li>\n<\/ul><\/div>\n\t\t\t\t\t\t\t\t\t\t\t<\/div>\n\t\t\t\t\t\t\t\t\t<\/div>\n\t\t\t\t\t\t\t\t\t\t\t\t\t\t\t<\/div>\n\t\t\t\t\t\t\t\t\t\t\t\t\t\t\t\t\t\t\t\t\t\t\t\t<div class=\"tb-section entries hidden\" id=\"howtogetthere-section-1\">\n\t\t\t\t\t\t\t\t\t\t\t\t\t\t\t\t\t<div class=\"entry\">\n\t\t\t\t\t\t\t\t\t\t\t\t\t\t<i class=\"icon fa-solid fa-plane-departure\" aria-hidden=\"true\"><\/i>\n\t\t\t\t\t\t\t\t\t\t\t\t\t<div class=\"text-part\">\n\t\t\t\t\t\t\t\t\t\t\t<h4><\/h4>\n\t\t\t\t\t\t\t\t\t\t\t\t\t<div class=\"translation-block\"><p><i><strong>Samedi - Samedi<\/strong>&nbsp;<\/i><\/p><p><a href=\"https:\/\/www.klm.be\/fr\">Avec KLM<\/a> :<\/p><p><strong>Aller:<\/strong> Schiphol vers Rovaniemi : <strong>12:20 \u2013 16:20<\/strong><\/p><p><strong>Retour:<\/strong> Rovaniemi vers Schiphol : <strong>17:20 \u2013 19:20<\/strong><\/p><p><strong>Il existe \u00e9galement d'autres options disponibles avec des vols en provenance de pays voisins comme l'Allemagne ou la Belgique.<\/strong><\/p><p>&nbsp;<\/p><\/div>\n\t\t\t\t\t\t\t\t\t\t\t<\/div>\n\t\t\t\t\t\t\t\t\t<\/div>\n\t\t\t\t\t\t\t\t\t\t\t\t\t\t\t\t\t<div class=\"entry\">\n\t\t\t\t\t\t\t\t\t\t\t\t\t\t<i class=\"icon fa-solid fa-train\" aria-hidden=\"true\"><\/i>\n\t\t\t\t\t\t\t\t\t\t\t\t\t<div class=\"text-part\">\n\t\t\t\t\t\t\t\t\t\t\t<h4><\/h4>\n\t\t\t\t\t\t\t\t\t\t\t\t\t<div class=\"translation-block\"><p><strong>Une id\u00e9e d'un itin\u00e9raire possible depuis Amsterdam :<\/strong><\/p>\n<ul>\n<li>Amsterdam \u2192 Copenhague<\/li>\n<li>Copenhague \u2192 Stockholm<\/li>\n<li>Stockholm \u2192 Helsinki (ferry de nuit)<\/li>\n<li>Helsinki \u2192 Rovaniemi (Santa Claus Express)<\/li>\n<\/ul><\/div>\n\t\t\t\t\t\t\t\t\t\t\t<\/div>\n\t\t\t\t\t\t\t\t\t<\/div>\n\t\t\t\t\t\t\t\t\t\t\t\t\t\t\t<\/div>\n\t\t\t\t\t\t\t\t\t\t\t\t\t\t\t\t\t\t\t\t\t\t\t\t<div class=\"tb-section entries hidden\" id=\"howtogetthere-section-2\">\n\t\t\t\t\t\t\t\t\t\t\t\t\t\t\t\t\t<div class=\"entry\">\n\t\t\t\t\t\t\t\t\t\t\t\t\t\t<i class=\"icon fa-solid fa-plane-departure\" aria-hidden=\"true\"><\/i>\n\t\t\t\t\t\t\t\t\t\t\t\t\t<div class=\"text-part\">\n\t\t\t\t\t\t\t\t\t\t\t<h4><\/h4>\n\t\t\t\t\t\t\t\t\t\t\t\t\t<div class=\"translation-block\"><p><i><strong>Samedi \u2013 Samedi<\/strong>&nbsp;<\/i><\/p><p><strong>Depuis Paris :<\/strong><\/p><p><a href=\"https:\/\/wwws.airfrance.fr\"><strong>Avec Air France :<\/strong><\/a><\/p><p><strong>Aller :<\/strong> Paris CDG vers Rovaniemi : <strong>10:50 \u2013 15:25<\/strong><\/p><p><strong>Retour :<\/strong> Rovaniemi vers Paris CDG : <strong>16:30 \u2013 19:20<\/strong><\/p><p><a href=\"https:\/\/www.transavia.com\/accueil\/fr-be\"><strong>Avec Transavia :<\/strong><\/a><\/p><p><strong>Aller :<\/strong> Paris Orly vers Rovaniemi : <strong>07:45 \u2013 12:30<\/strong><\/p><p><strong>Retour :<\/strong> Rovaniemi vers Paris Orly : <strong>13:40 \u2013 16:35<\/strong><\/p><p><a href=\"https:\/\/www.easyjet.com\/fr\"><strong>Avec EasyJet :<\/strong><\/a><\/p><p><strong>Aller :<\/strong> Paris CDG vers Rovaniemi : <strong>07:05 \u2013 11:40<\/strong><\/p><p><strong>Retour :<\/strong> Rovaniemi vers Paris CDG : <strong>12:35 \u2013 15:35<\/strong><\/p><p><strong>Depuis le sud de la France :<\/strong><\/p><p><a href=\"https:\/\/www.easyjet.com\/fr\"><strong>Avec EasyJet :<\/strong><\/a><\/p><p><strong>Aller :<\/strong> Lyon vers Rovaniemi : <strong>14:50 \u2013 19:45<\/strong><\/p><p><strong>Retour :<\/strong> Rovaniemi vers Lyon : <strong>20:45 \u2013 23:40<\/strong><\/p><p><a href=\"https:\/\/www.easyjet.com\/fr\"><strong>Avec EasyJet :<\/strong><\/a><\/p><p><strong>Aller :<\/strong> Bordeaux vers Rovaniemi : <strong>12:50 \u2013 18:00<\/strong><\/p><p><strong>Retour :<\/strong> Rovaniemi vers Bordeaux : <strong>18:45 \u2013 22:10<\/strong><\/p><\/div>\n\t\t\t\t\t\t\t\t\t\t\t<\/div>\n\t\t\t\t\t\t\t\t\t<\/div>\n\t\t\t\t\t\t\t\t\t\t\t\t\t\t\t\t\t<div class=\"entry\">\n\t\t\t\t\t\t\t\t\t\t\t\t\t\t<i class=\"icon fa-solid fa-train\" aria-hidden=\"true\"><\/i>\n\t\t\t\t\t\t\t\t\t\t\t\t\t<div class=\"text-part\">\n\t\t\t\t\t\t\t\t\t\t\t<h4><\/h4>\n\t\t\t\t\t\t\t\t\t\t\t\t\t<div class=\"translation-block\"><p><strong>Une id\u00e9e d'un itin\u00e9raire possible au d\u00e9part de Paris :<\/strong><\/p><ul><li>Paris \u2192 Bruxelles<\/li><li>Bruxelles \u2192 Hambourg<\/li><li>Hambourg \u2192 Stockholm<\/li><li>Stockholm \u2192 Helsinki (ferry de nuit)<\/li><li>Helsinki \u2192 Rovaniemi (Santa Claus Express)<\/li><\/ul><\/div>\n\t\t\t\t\t\t\t\t\t\t\t<\/div>\n\t\t\t\t\t\t\t\t\t<\/div>\n\t\t\t\t\t\t\t\t\t\t\t\t\t\t\t<\/div>\n\t\t\t\t\t\t\t\t\t\t\t\t\t\t\t\t\t\t\t\t\t\t\t\t<div class=\"tb-section entries hidden\" id=\"howtogetthere-section-3\">\n\t\t\t\t\t\t\t\t\t\t\t\t\t\t\t\t\t<div class=\"entry\">\n\t\t\t\t\t\t\t\t\t\t\t\t\t\t<i class=\"icon fa-solid fa-plane-departure\" aria-hidden=\"true\"><\/i>\n\t\t\t\t\t\t\t\t\t\t\t\t\t<div class=\"text-part\">\n\t\t\t\t\t\t\t\t\t\t\t<h4><\/h4>\n\t\t\t\t\t\t\t\t\t\t\t\t\t<div class=\"translation-block\"><p><i><strong>Samedi \u2013 Samedi<\/strong>&nbsp;<\/i><\/p><p><a href=\"https:\/\/www.lufthansa.com\/fr\/fr\/homepage?\"><strong>Avec Lufthansa :<\/strong><\/a><\/p><p><strong>Aller :<\/strong> Francfort vers Rovaniemi : <strong>08:45 \u2013 13:00<\/strong><\/p><p><strong>Retour :<\/strong> Rovaniemi vers Francfort : <strong>13:55 \u2013 16:15<\/strong><\/p><p><a href=\"https:\/\/www.norwegian.com\/fr\"><strong>Avec Norwegian :<\/strong><\/a><\/p><p><strong>Aller :<\/strong> Munich vers Rovaniemi : <strong>12:40 \u2013 17:00<\/strong><\/p><p><strong>Retour :<\/strong> Rovaniemi vers Munich : <strong>09:45 \u2013 12:00<\/strong><\/p><p><a href=\"https:\/\/www.eurowings.com\/en.html\"><strong>Avec Eurowings :<\/strong><\/a><\/p><p><strong>Aller :<\/strong> D\u00fcsseldorf vers Rovaniemi : <strong>06:20 \u2013 10:30<\/strong><\/p><p><strong>Retour :<\/strong> Rovaniemi vers D\u00fcsseldorf : <strong>11:20 \u2013 13:30<\/strong><\/p><p><a href=\"https:\/\/www.eurowings.com\/en.html\"><strong>Avec Eurowings :<\/strong><\/a><\/p><p><strong>Aller :<\/strong> Berlin vers Rovaniemi : <strong>14:55 \u2013 18:35<\/strong><\/p><p><strong>Retour :<\/strong> Rovaniemi vers Berlin : <strong>19:20 \u2013 21:05<\/strong><\/p><\/div>\n\t\t\t\t\t\t\t\t\t\t\t<\/div>\n\t\t\t\t\t\t\t\t\t<\/div>\n\t\t\t\t\t\t\t\t\t\t\t\t\t\t\t\t\t<div class=\"entry\">\n\t\t\t\t\t\t\t\t\t\t\t\t\t\t<i class=\"icon fa-solid fa-train\" aria-hidden=\"true\"><\/i>\n\t\t\t\t\t\t\t\t\t\t\t\t\t<div class=\"text-part\">\n\t\t\t\t\t\t\t\t\t\t\t<h4><\/h4>\n\t\t\t\t\t\t\t\t\t\t\t\t\t<div class=\"translation-block\"><p><strong>Une id\u00e9e d'un itin\u00e9raire possible depuis Hambourg :<\/strong><\/p>\n<ul data-spread=\"false\">\n<li>Hambourg \u2192 Stockholm<\/li>\n<li>Stockholm \u2192 Helsinki (ferry de nuit)<\/li>\n<li>Helsinki \u2192 Rovaniemi (Santa Claus Express)<\/li>\n<\/ul><\/div>\n\t\t\t\t\t\t\t\t\t\t\t<\/div>\n\t\t\t\t\t\t\t\t\t<\/div>\n\t\t\t\t\t\t\t\t\t\t\t\t\t\t\t<\/div>\n\t\t\t\t\t\t\t\t\t\t\t\t\t\t\t\t\t\t\t\t\t\t\t\t<div class=\"tb-section entries hidden\" id=\"howtogetthere-section-4\">\n\t\t\t\t\t\t\t\t\t\t\t\t\t\t\t\t\t<div class=\"entry\">\n\t\t\t\t\t\t\t\t\t\t\t\t\t\t<i class=\"icon fa-solid fa-plane-departure\" aria-hidden=\"true\"><\/i>\n\t\t\t\t\t\t\t\t\t\t\t\t\t<div class=\"text-part\">\n\t\t\t\t\t\t\t\t\t\t\t<h4><\/h4>\n\t\t\t\t\t\t\t\t\t\t\t\t\t<div class=\"translation-block\"><p><i><strong>Samedi \u2013 Samedi<\/strong>&nbsp;<\/i><\/p><p><a href=\"https:\/\/www.ryanair.com\/fr\/fr\"><strong>Avec Ryanair :<\/strong><\/a><\/p><p><strong>Aller :<\/strong> Londres Stansted vers Rovaniemi : <strong>09:35 \u2013 15:05<\/strong><\/p><p><strong>Retour :<\/strong> Rovaniemi vers Londres Stansted : <strong>16:05 \u2013 17:35<\/strong><\/p><p><a href=\"https:\/\/www.ryanair.com\/fr\/fr\"><strong>Avec Ryanair :<\/strong><\/a><\/p><p><strong>Aller :<\/strong> Bristol vers Rovaniemi : <strong>14:45 \u2013 20:10<\/strong><\/p><p><strong>Retour :<\/strong> Rovaniemi vers Bristol : <strong>20:45 \u2013 22:10<\/strong><\/p><p><a href=\"https:\/\/www.ryanair.com\/fr\/fr\"><strong>Avec Ryanair :<\/strong><\/a><\/p><p><strong>Aller :<\/strong> Liverpool vers Rovaniemi : <strong>06:20 \u2013 11:35<\/strong><\/p><p><strong>Retour :<\/strong> Rovaniemi vers Liverpool : <strong>12:00 \u2013 13:15<\/strong><\/p><p><a href=\"https:\/\/www.ryanair.com\/fr\/fr\"><strong>Avec Ryanair :<\/strong><\/a><\/p><p><strong>Aller :<\/strong> Birmingham vers Rovaniemi : <strong>10:05 \u2013 15:20<\/strong><\/p><p><strong>Retour :<\/strong> Rovaniemi vers Birmingham : <strong>15:55 \u2013 17:20<\/strong><\/p><p><a href=\"https:\/\/www.easyjet.com\/fr\"><strong>Avec Easyjet :<\/strong><\/a><\/p><p><strong>Aller :<\/strong> Londres Luton vers Rovaniemi : <strong>07:00 \u2013 12:25<\/strong><\/p><p><strong>Retour :<\/strong> Rovaniemi vers Londres Luton : <strong>13:20 \u2013 15:00<\/strong><\/p><p><a href=\"https:\/\/www.easyjet.com\/fr\"><strong>Avec Easyjet :<\/strong><\/a><\/p><p><strong>Aller :<\/strong> Manchester vers Rovaniemi : <strong>06:00 \u2013 11:20<\/strong><\/p><p><strong>Retour :<\/strong> Rovaniemi vers Manchester : <strong>12:05 \u2013 13:35<\/strong><\/p><\/div>\n\t\t\t\t\t\t\t\t\t\t\t<\/div>\n\t\t\t\t\t\t\t\t\t<\/div>\n\t\t\t\t\t\t\t\t\t\t\t\t\t\t\t\t\t<div class=\"entry\">\n\t\t\t\t\t\t\t\t\t\t\t\t\t\t<i class=\"icon fa-solid fa-train\" aria-hidden=\"true\"><\/i>\n\t\t\t\t\t\t\t\t\t\t\t\t\t<div class=\"text-part\">\n\t\t\t\t\t\t\t\t\t\t\t<h4><\/h4>\n\t\t\t\t\t\t\t\t\t\t\t\t\t<div class=\"translation-block\"><p><strong>Une id\u00e9e d'un itin\u00e9raire possible depuis Bruxelles :<\/strong><\/p>\n<ul data-spread=\"false\">\n<li>Londres \u2192 Bruxelles<\/li>\n<li>Bruxelles \u2192 Hambourg<\/li>\n<li>Hambourg \u2192 Stockholm<\/li>\n<li>Stockholm \u2192 Helsinki (ferry de nuit)<\/li>\n<li>Helsinki \u2192 Rovaniemi (Santa Claus Express)<\/li>\n<\/ul><\/div>\n\t\t\t\t\t\t\t\t\t\t\t<\/div>\n\t\t\t\t\t\t\t\t\t<\/div>\n\t\t\t\t\t\t\t\t\t\t\t\t\t\t\t<\/div>\n\t\t\t\t\t\t\t\t\t\t\t\t\t\t\t<\/div>\n\t\t\t\t\t<\/div>\n\t<\/div>\n\n\n<div class=\"tb-textimage2 tb-block align-left background-light pattern-none variant-text_first tb-collapsible-margins\" id=\"textimage2\">\n\t<div class=\"inner-block tb-fade-in\">\n\n\t\t\n\t\t<div class=\"tb-columns\">\n\t\t\t<div class=\"tb-column\">\n\t\t\t\t<div class=\"tb-text-part\">\n\t\t\t\t\t<h2>D\u00e8s que vous arrivez \u00e0 l'a\u00e9roport de Rovaniemi.<\/h2>\n\t\t\t\t\t\t\t<div class=\"translation-block\"><p><strong>ROVANIEMI<\/strong> :<\/p><p>Si vous voyagez vers Rovaniemi avec vos propres vols, vous devez organiser le transfert vers votre h\u00e9bergement vous-m\u00eame. Plusieurs options sont disponibles directement depuis l'a\u00e9roport : des navettes vers le Village du P\u00e8re No\u00ebl ou le centre-ville, ainsi que des taxis locaux (comme Meneva) ou Uber.<\/p><p><strong>Tarifs estim\u00e9s :<\/strong><br>A\u00e9roport \u2192 Centre-ville : environ 25-30 \u20ac<br>A\u00e9roport \u2192 Zones plus \u00e9loign\u00e9es : 40-60 \u20ac<\/p><p><strong>LUOSTO<\/strong> :<\/p><p>Si vous voyagez vers Luosto avec vos propres vols, le transfert vers le village n'est pas inclus non plus. Nous organisons trois navettes par jour auxquelles vous pouvez acc\u00e9der moyennant un co\u00fbt suppl\u00e9mentaire. Les horaires de d\u00e9part exacts seront communiqu\u00e9s plus tard. De plus, il y a aussi des bus entre Rovaniemi et Luosto.<\/p><p>&nbsp;<\/p><\/div>\n\t\t\t\t\t\t\t\t\t\t\t<div class=\"tb-buttons-part\">\n\t\t\t\t\t\t\t\t\t\t\t\t\t\t\t\t\t<\/div>\n\t\t\t\t<\/div>\n\t\t\t<\/div>\n\t\t\t<div class=\"tb-column\">\n\t\t\t\t\t\t\t\t\t\t\t\t\t\t\t<div class=\"tb-image-part\">\n\t\t\t\t\t\t\t<img src='https:\/\/lt.travelblox.eu\/wp-content\/uploads\/sites\/63\/2024\/03\/DSC09043-768x512.jpg' width='768' height='512' alt='Parc national de Pallas' loading='lazy' image_size='medium_large'>\t\t\t\t\t\t<\/div>\n\t\t\t\t\t\t\t\t\t\t\t\t<\/div>\n\t\t<\/div>\n\t<\/div>\n<\/div>\n\n\n<div class=\"tb-textimage2 tb-block align-left background-light pattern-none variant-image_first tb-collapsible-margins\" id=\"textimage2-1\">\n\t<div class=\"inner-block tb-fade-in\">\n\n\t\t\n\t\t<div class=\"tb-columns\">\n\t\t\t<div class=\"tb-column\">\n\t\t\t\t<div class=\"tb-text-part\">\n\t\t\t\t\t<h2>Voyager de mani\u00e8re durable \u2013 un choix conscient<\/h2>\n\t\t\t\t\t\t\t<div class=\"translation-block\"><p>Chez nous, la durabilit\u00e9 est une priorit\u00e9. C'est pourquoi nous encourageons les voyageurs \u00e0 se rendre en Laponie en train. Si tu choisis cette option \u00e9cologique, vous recevrez <strong>50 \u20ac de r\u00e9duction par personne<\/strong> sur le montant total du voyage.<\/p><p>De cette fa\u00e7on, vous contribuez non seulement \u00e0 un environnement meilleur, mais vous vivrez \u00e9galement une exp\u00e9rience de voyage unique o\u00f9 vous pourrez voir le paysage se transformer lentement en un d\u00e9cor hivernal magique.<\/p><p><strong>Le Santa Claus Express : Helsinki \u2013 Rovaniemi en train de nuit \ud83d\ude86<\/strong><\/p><p>Ce confortable train de nuit vous transporte de Helsinki \u00e0 Rovaniemi tout en vous permettant de passer une bonne nuit de sommeil en route. <strong>Prix (r\u00e9servation anticip\u00e9e) :<\/strong><\/p><ul><li>Si\u00e8ge standard : environ 21 \u20ac<\/li><li>Couchette double : entre 36 et 43 \u20ac par personne<\/li><li>Couchette simple : entre 95 et 114 \u20ac<\/li><li>Couchette double avec salle de bain priv\u00e9e : prix plus \u00e9lev\u00e9<\/li><\/ul><p>Vous pouvez \u00e9galement faire ce voyage de jour et profiter du paysage qui devient de plus en plus blanc.<\/p><p>Le pass Interrail peut \u00eatre une bonne option pour un voyage avec plusieurs destinations \u00e0 moindre co\u00fbt, mais n'oubliez pas de prendre en compte les r\u00e9servations et les suppl\u00e9ments.<\/p><\/div>\n\t\t\t\t\t\t\t\t\t\t\t<div class=\"tb-buttons-part\">\n\t\t\t\t\t\t\t\t\t\t\t\t\t\t\t\t\t<\/div>\n\t\t\t\t<\/div>\n\t\t\t<\/div>\n\t\t\t<div class=\"tb-column\">\n\t\t\t\t\t\t\t\t\t\t\t\t\t\t\t<div class=\"tb-image-part\">\n\t\t\t\t\t\t\t<img src='https:\/\/lt.travelblox.eu\/wp-content\/uploads\/sites\/63\/2026\/03\/Gemini_Generated_Image_3vdwyo3vdwyo3vdw-groot-768x566.jpeg' width='768' height='566' loading='lazy' image_size='medium_large'>\t\t\t\t\t\t<\/div>\n\t\t\t\t\t\t\t\t\t\t\t\t<\/div>\n\t\t<\/div>\n\t<\/div>\n<\/div>\n\n\n\n\n\n\n<div class=\"tb-leadtext tb-block align-center background-light pattern-none variant-none tb-collapsible-margins\" id=\"leadtext-1\">\n\t<div class=\"inner-block tb-fade-in tb-fade-in--subtle\">\n\t\t<div class=\"text-part\">\n\t\t\t\t\t<div class=\"translation-block\"><p><strong>Nous esp\u00e9rons que ces informations vous aideront \u00e0 planifier votre voyage en Laponie finlandaise! \u2744\ufe0f<\/strong><\/p><p><strong>Si vous avez des questions, n'h\u00e9sitez pas \u00e0 nous contacter par e-mail.<\/strong><br><br><strong>Nous sommes l\u00e0 pour vous aider!<\/strong><\/p><\/div>\n\t\t\t<\/div>\n\t<\/div>\n<\/div>","protected":false},"excerpt":{"rendered":"","protected":false},"author":143,"featured_media":7161,"parent":0,"menu_order":0,"comment_status":"closed","ping_status":"closed","template":"","meta":{"_acf_changed":false,"inline_featured_image":false,"footnotes":""},"class_list":["post-4916","page","type-page","status-publish","has-post-thumbnail","hentry"],"acf":{"page_package_ids":"","is_main_package_page":false,"additional_linked_packages":[],"feed_page_to_atlas":true},"_links":{"self":[{"href":"https:\/\/lt.travelblox.eu\/fr\/wp-json\/wp\/v2\/pages\/4916","targetHints":{"allow":["GET"]}}],"collection":[{"href":"https:\/\/lt.travelblox.eu\/fr\/wp-json\/wp\/v2\/pages"}],"about":[{"href":"https:\/\/lt.travelblox.eu\/fr\/wp-json\/wp\/v2\/types\/page"}],"author":[{"embeddable":true,"href":"https:\/\/lt.travelblox.eu\/fr\/wp-json\/wp\/v2\/users\/143"}],"replies":[{"embeddable":true,"href":"https:\/\/lt.travelblox.eu\/fr\/wp-json\/wp\/v2\/comments?post=4916"}],"version-history":[{"count":49,"href":"https:\/\/lt.travelblox.eu\/fr\/wp-json\/wp\/v2\/pages\/4916\/revisions"}],"predecessor-version":[{"id":7877,"href":"https:\/\/lt.travelblox.eu\/fr\/wp-json\/wp\/v2\/pages\/4916\/revisions\/7877"}],"wp:featuredmedia":[{"embeddable":true,"href":"https:\/\/lt.travelblox.eu\/fr\/wp-json\/wp\/v2\/media\/7161"}],"wp:attachment":[{"href":"https:\/\/lt.travelblox.eu\/fr\/wp-json\/wp\/v2\/media?parent=4916"}],"curies":[{"name":"wp","href":"https:\/\/api.w.org\/{rel}","templated":true}]}}