{"id":995,"date":"2024-04-03T10:37:15","date_gmt":"2024-04-03T10:37:15","guid":{"rendered":"https:\/\/lt.travelblox.eu\/?page_id=995"},"modified":"2026-04-08T12:49:27","modified_gmt":"2026-04-08T12:49:27","slug":"uberuns","status":"publish","type":"page","link":"https:\/\/lt.travelblox.eu\/de\/overons\/","title":{"rendered":"\u00dcber uns"},"content":{"rendered":"<div class=\"tb-header tb-block align-center background-dark pattern-none variant-none\" id=\"header\" data-fallback-background=\"https:\/\/lt.travelblox.eu\/wp-content\/uploads\/sites\/63\/2025\/12\/LT25_MichielAnnaert_WEB-176-groot.jpeg\" style=\"background-image: url('https:\/\/lt.travelblox.eu\/wp-content\/uploads\/sites\/63\/2025\/12\/LT25_MichielAnnaert_WEB-176-groot.jpeg'); background-position:50% 50%;\">\n    <div class=\"tb-header-foreground\">\n        <div class=\"inner-block\">\n\n            <div class=\"main-part\">\n                <div class=\"text-part\">\n                                                                                            <h1>\t<span class=\"tb-logo\"  style=\"-webkit-mask-image: url(https:\/\/lt.travelblox.eu\/wp-content\/uploads\/sites\/63\/2023\/12\/LaplandTravel-logo-DEFNL-04.svg); mask-image: url(https:\/\/lt.travelblox.eu\/wp-content\/uploads\/sites\/63\/2023\/12\/LaplandTravel-logo-DEFNL-04.svg)\">\n\t\t<img src='https:\/\/lt.travelblox.eu\/wp-content\/uploads\/sites\/63\/2023\/12\/LaplandTravel-logo-DEFNL-04.svg' width='1024' height='1024' alt='Lapland Travel Logo' title='Lapland Travel' loading='lazy'>\n\t<\/span>\n<\/h1>\n                                                                                        <h2 class=\"tb-subtitle\">\t\t<div class=\"translation-block\"><p><b>Das Team und die Geschichte hinter Lapland Travel<\/b><\/p><\/div>\n\t<\/h2>\n                                                                                                                                            <\/div>\n            <\/div>\n            \t\t<a href=\"#\" class=\"scroll-down-button\">\n\t\t\t<i class=\"fa fa-arrow-down\"><\/i>\n\t\t<\/a>\n\t\n                    <\/div>\n    <\/div>\n\n    \n    \n<\/div>\n\n\n<div class=\"tb-textimage2 tb-block align-left background-light pattern-none variant-text_first tb-collapsible-margins\" id=\"textimage2\">\n\t<div class=\"inner-block tb-fade-in\">\n\n\t\t\n\t\t<div class=\"tb-columns\">\n\t\t\t<div class=\"tb-column\">\n\t\t\t\t<div class=\"tb-text-part\">\n\t\t\t\t\t<h2>Erlebe das echte Lappland.<\/h2>\n\t\t\t\t\t\t\t<div class=\"translation-block\"><p>Bei <strong>Lapland Travel<\/strong> glauben wir, dass Reisen bedeutet, langsamer zu werden, zu sp\u00fcren und wirklich im Moment zu sein. Gemeinsam mit lokalen Partnern haben wir ein Reise-Konzept entwickelt, das dir Lappland so n\u00e4herbringt, wie es gedacht ist: frei, komfortabel und tief verbunden mit Natur und Kultur.<\/p><p>Auf der Suche nach Abenteuern in der N\u00e4he von zu Hause wollten wir einen Ort finden, an dem Ruhe und Abenteuer harmonisch zusammenkommen \u2013 weit weg vom Massentourismus. In <strong>\u00c4k\u00e4slompolo<\/strong> haben wir unser erstes Zuhause gefunden: ein charmantes Dorf mit herzlichen Gastgebern, gem\u00fctlichen H\u00fctten und echter Gastfreundschaft. Von hier aus wuchs <strong>Lapland Travel<\/strong> organisch weiter nach <strong>Rovaniemi<\/strong> und Levi, immer nach derselben Philosophie: mit Einheimischen zusammenarbeiten, die Natur respektieren und Reisen im eigenen Tempo erm\u00f6glichen.<\/p><\/div>\n\t\t\t\t\t\t\t\t\t\t\t<div class=\"tb-buttons-part\">\n\t\t\t\t\t\t\t\t<a href=\"https:\/\/laplandtravel.com\/\"  target=\"\" class=\"tb-button\">\n\t\t\tEntdecke die Reise\t\t<\/a>\n\t\t\t\t\t\t\t\t\t\t\t\t\t<\/div>\n\t\t\t\t<\/div>\n\t\t\t<\/div>\n\t\t\t<div class=\"tb-column\">\n\t\t\t\t\t\t\t\t\t\t\t\t\t\t\t<div class=\"tb-image-part\">\n\t\t\t\t\t\t\t<img src='https:\/\/lt.travelblox.eu\/wp-content\/uploads\/sites\/63\/2026\/03\/Lapland-prev-\u00a9-Fille-Roelants-12101115-768x512.jpg' width='768' height='512' loading='lazy' image_size='medium_large'>\t\t\t\t\t\t<\/div>\n\t\t\t\t\t\t\t\t\t\t\t\t<\/div>\n\t\t<\/div>\n\t<\/div>\n<\/div>\n\n\n<div class=\"tb-team tb-block align-center background-light pattern-none variant-none tb-collapsible-margins\" id=\"team\">\n\t<div class=\"inner-block tb-fade-in tb-fade-in--subtle\">\n\t\t<div class=\"text-part\">\n\t\t\t<h2>Die Gesichter hinter dem Projekt<\/h2>\n\t\t\t\t\t<div class=\"translation-block\"><p>Wir sind Reisebegeisterte und arbeiten eng mit lokalen Partnern in Finnland zusammen, um dir ein einzigartiges Lappland-Erlebnis zu erm\u00f6glichen. Bei <strong>Lapland Travel<\/strong> begleiten wir dich mit pers\u00f6nlicher Beratung und wertvollen Insider-Tipps, so wird deine Traumreise Wirklichkeit!<\/p><\/div>\n\t\t\t<\/div>\n\t<\/div>\n\t\t\t\t\t<div class=\"inner-block-full-width has-tb-carousel\" >\n\t\t\t<div class=\"tb-carousel-container\">\n\t\t\t\t<div class=\"entries tb-cards\" data-slider-first=\"1\">\n\t\t\t\t\t\t\t\t\t<div class=\"tb-card entry\" style=\"background-image: url('https:\/\/lt.travelblox.eu\/wp-content\/uploads\/sites\/63\/2023\/12\/0O3A9237-min-min-1024x683.jpg')\">\n\t\t\t\t<label for=\"tb-team-read-more-block_s63__p995__team-0\" class=\"tb-team__card-label\">\n\t\t\t\t\t<div class=\"overlay\"><\/div>\n\t\t\t\t\t<div class=\"overlay overlay--extra\"><\/div>\n\t\t\t\t\t<div class=\"content\">\n\t\t\t\t\t\t<div class=\"tb-team__card-titles\">\n\t\t\t\t\t\t\t<h3>Gaitan<\/h3>\n\t\t\t\t\t\t\t\t\t\t\t\t\t\t\t<p>Koordination<\/p>\n\t\t\t\t\t\t\t\t\t\t\t\t\t<\/div>\n\t\t\t\t\t\t\t\t\t\t\t<\/div>\n\t\t\t\t\t<input type=\"checkbox\" class=\"tb-team__card-checkbox\" id=\"tb-team-read-more-block_s63__p995__team-0\">\n\t\t\t\t<\/label>\n\t\t\t<\/div>\n\t\t\t\t\t<div class=\"tb-card entry\" style=\"background-image: url('https:\/\/lt.travelblox.eu\/wp-content\/uploads\/sites\/63\/2025\/02\/augel.png')\">\n\t\t\t\t<label for=\"tb-team-read-more-block_s63__p995__team-1\" class=\"tb-team__card-label\">\n\t\t\t\t\t<div class=\"overlay\"><\/div>\n\t\t\t\t\t<div class=\"overlay overlay--extra\"><\/div>\n\t\t\t\t\t<div class=\"content\">\n\t\t\t\t\t\t<div class=\"tb-team__card-titles\">\n\t\t\t\t\t\t\t<h3>Laura<\/h3>\n\t\t\t\t\t\t\t\t\t\t\t\t\t\t\t<p>Reiseexperte Levi<\/p>\n\t\t\t\t\t\t\t\t\t\t\t\t\t<\/div>\n\t\t\t\t\t\t\t\t\t\t\t<\/div>\n\t\t\t\t\t<input type=\"checkbox\" class=\"tb-team__card-checkbox\" id=\"tb-team-read-more-block_s63__p995__team-1\">\n\t\t\t\t<\/label>\n\t\t\t<\/div>\n\t\t\t\t\t<div class=\"tb-card entry\" style=\"background-image: url('https:\/\/lt.travelblox.eu\/wp-content\/uploads\/sites\/63\/2024\/04\/Julian-scaled-e1712062912294-1024x1024.jpg')\">\n\t\t\t\t<label for=\"tb-team-read-more-block_s63__p995__team-2\" class=\"tb-team__card-label\">\n\t\t\t\t\t<div class=\"overlay\"><\/div>\n\t\t\t\t\t<div class=\"overlay overlay--extra\"><\/div>\n\t\t\t\t\t<div class=\"content\">\n\t\t\t\t\t\t<div class=\"tb-team__card-titles\">\n\t\t\t\t\t\t\t<h3>Julian<\/h3>\n\t\t\t\t\t\t\t\t\t\t\t\t\t\t\t<p>Beantworte alle deine Fragen.<\/p>\n\t\t\t\t\t\t\t\t\t\t\t\t\t<\/div>\n\t\t\t\t\t\t\t\t\t\t\t<\/div>\n\t\t\t\t\t<input type=\"checkbox\" class=\"tb-team__card-checkbox\" id=\"tb-team-read-more-block_s63__p995__team-2\">\n\t\t\t\t<\/label>\n\t\t\t<\/div>\n\t\t\t\t\t<div class=\"tb-card entry\" style=\"background-image: url('https:\/\/lt.travelblox.eu\/wp-content\/uploads\/sites\/63\/2024\/06\/Alix-813x1024.png')\">\n\t\t\t\t<label for=\"tb-team-read-more-block_s63__p995__team-3\" class=\"tb-team__card-label\">\n\t\t\t\t\t<div class=\"overlay\"><\/div>\n\t\t\t\t\t<div class=\"overlay overlay--extra\"><\/div>\n\t\t\t\t\t<div class=\"content\">\n\t\t\t\t\t\t<div class=\"tb-team__card-titles\">\n\t\t\t\t\t\t\t<h3>Alix<\/h3>\n\t\t\t\t\t\t\t\t\t\t\t\t\t\t\t<p>Reiseexperte Luosto<\/p>\n\t\t\t\t\t\t\t\t\t\t\t\t\t<\/div>\n\t\t\t\t\t\t\t\t\t\t\t<\/div>\n\t\t\t\t\t<input type=\"checkbox\" class=\"tb-team__card-checkbox\" id=\"tb-team-read-more-block_s63__p995__team-3\">\n\t\t\t\t<\/label>\n\t\t\t<\/div>\n\t\t\t\t\t<div class=\"tb-card entry\" style=\"background-image: url('https:\/\/lt.travelblox.eu\/wp-content\/uploads\/sites\/63\/2025\/02\/IMG_0681-1.jpg')\">\n\t\t\t\t<label for=\"tb-team-read-more-block_s63__p995__team-4\" class=\"tb-team__card-label\">\n\t\t\t\t\t<div class=\"overlay\"><\/div>\n\t\t\t\t\t<div class=\"overlay overlay--extra\"><\/div>\n\t\t\t\t\t<div class=\"content\">\n\t\t\t\t\t\t<div class=\"tb-team__card-titles\">\n\t\t\t\t\t\t\t<h3>Delphine<\/h3>\n\t\t\t\t\t\t\t\t\t\t\t\t\t\t\t<p>Beantworte alle deine Fragen.<\/p>\n\t\t\t\t\t\t\t\t\t\t\t\t\t<\/div>\n\t\t\t\t\t\t\t\t\t\t\t<\/div>\n\t\t\t\t\t<input type=\"checkbox\" class=\"tb-team__card-checkbox\" id=\"tb-team-read-more-block_s63__p995__team-4\">\n\t\t\t\t<\/label>\n\t\t\t<\/div>\n\t\t\t\t\t<div class=\"tb-card entry\" style=\"background-image: url('https:\/\/lt.travelblox.eu\/wp-content\/uploads\/sites\/63\/2025\/02\/IMG_4746-1-768x1024.jpg')\">\n\t\t\t\t<label for=\"tb-team-read-more-block_s63__p995__team-5\" class=\"tb-team__card-label\">\n\t\t\t\t\t<div class=\"overlay\"><\/div>\n\t\t\t\t\t<div class=\"overlay overlay--extra\"><\/div>\n\t\t\t\t\t<div class=\"content\">\n\t\t\t\t\t\t<div class=\"tb-team__card-titles\">\n\t\t\t\t\t\t\t<h3>Natalia<\/h3>\n\t\t\t\t\t\t\t\t\t\t\t\t\t\t\t<p>Reiseexperte Rovaniemi<\/p>\n\t\t\t\t\t\t\t\t\t\t\t\t\t<\/div>\n\t\t\t\t\t\t\t\t\t\t\t<\/div>\n\t\t\t\t\t<input type=\"checkbox\" class=\"tb-team__card-checkbox\" id=\"tb-team-read-more-block_s63__p995__team-5\">\n\t\t\t\t<\/label>\n\t\t\t<\/div>\n\t\t\t\t\t<div class=\"tb-card entry\" style=\"background-image: url('https:\/\/lt.travelblox.eu\/wp-content\/uploads\/sites\/63\/2025\/02\/Scherm\u00adafbeelding-2025-02-27-om-10.25.15.png')\">\n\t\t\t\t<label for=\"tb-team-read-more-block_s63__p995__team-6\" class=\"tb-team__card-label\">\n\t\t\t\t\t<div class=\"overlay\"><\/div>\n\t\t\t\t\t<div class=\"overlay overlay--extra\"><\/div>\n\t\t\t\t\t<div class=\"content\">\n\t\t\t\t\t\t<div class=\"tb-team__card-titles\">\n\t\t\t\t\t\t\t<h3>Audrey<\/h3>\n\t\t\t\t\t\t\t\t\t\t\t\t\t\t\t<p>Flugkoordination<\/p>\n\t\t\t\t\t\t\t\t\t\t\t\t\t<\/div>\n\t\t\t\t\t\t\t\t\t\t\t<\/div>\n\t\t\t\t\t<input type=\"checkbox\" class=\"tb-team__card-checkbox\" id=\"tb-team-read-more-block_s63__p995__team-6\">\n\t\t\t\t<\/label>\n\t\t\t<\/div>\n\t\t\t\t\t<div class=\"tb-card entry\" style=\"background-image: url('https:\/\/lt.travelblox.eu\/wp-content\/uploads\/sites\/63\/2026\/02\/IMG_3100-klein.jpeg')\">\n\t\t\t\t<label for=\"tb-team-read-more-block_s63__p995__team-7\" class=\"tb-team__card-label\">\n\t\t\t\t\t<div class=\"overlay\"><\/div>\n\t\t\t\t\t<div class=\"overlay overlay--extra\"><\/div>\n\t\t\t\t\t<div class=\"content\">\n\t\t\t\t\t\t<div class=\"tb-team__card-titles\">\n\t\t\t\t\t\t\t<h3>Louise<\/h3>\n\t\t\t\t\t\t\t\t\t\t\t\t\t\t\t<p>Reiseexperte \u00c4k\u00e4slompolo<\/p>\n\t\t\t\t\t\t\t\t\t\t\t\t\t<\/div>\n\t\t\t\t\t\t\t\t\t\t\t<\/div>\n\t\t\t\t\t<input type=\"checkbox\" class=\"tb-team__card-checkbox\" id=\"tb-team-read-more-block_s63__p995__team-7\">\n\t\t\t\t<\/label>\n\t\t\t<\/div>\n\t\t\t\t\t\t\t\t<\/div>\n\t\t\t\t\t\t<div class=\"tb-carousel-nav\">\n\t\t\t<div class=\"dots\">\n\t\t\t\t<div class=\"dot active\"><\/div>\n\t\t\t\t<div class=\"dot\"><\/div>\n\t\t\t\t<div class=\"dot\"><\/div>\n\t\t\t<\/div>\n\t\t\t<div class=\"arrows\">\n\t\t\t\t<div class=\"prev disabled\">\n\t\t\t\t\t<span><i class=\"fa fa-chevron-left\"><\/i><\/span>\n\t\t\t\t<\/div>\n\t\t\t\t<div class=\"next\">\n\t\t\t\t\t<span><i class=\"fa fa-chevron-right\"><\/i><\/span>\n\t\t\t\t<\/div>\n\t\t\t<\/div>\n\t\t<\/div>\n\t\t\t\t<\/div>\n\t\t<\/div>\n\t\t\t<\/div>\n\n\n<div class=\"tb-colcompare tb-block align-center background-light pattern-none variant-cards tb-collapsible-margins\" id=\"colcompare\">\n\t<div class=\"inner-block tb-fade-in tb-fade-in--subtle\">\n\t\t<div class=\"text-part\">\n\t\t\t<h2>Warum mit Lapland Travel reisen?<\/h2>\n\t\t\t\t\t<div class=\"translation-block\"><\/div>\n\t\t\t<\/div>\n\t<\/div>\n\t\t\t\t\t<div class=\"inner-block-full-width has-tb-carousel tb-justified\" >\n\t\t\t<div class=\"tb-carousel-container\">\n\t\t\t\t<div class=\"entries tb-cards\" data-slider-first=\"1\">\n\t\t\t\t\t\t\t\t\t<div class=\"tb-card entry tb-fade-in tb-fade-in--subtle\">\n\t\t\t\t<div class=\"tb-image-part\">\n\t\t\t\t\t<img src='https:\/\/lt.travelblox.eu\/wp-content\/uploads\/sites\/63\/2024\/09\/sw1-768x512.jpg' width='768' height='512' loading='lazy' image_size='medium_large'>\t\t\t\t<\/div>\n\t\t\t\t<div class=\"tb-card-content text-part\">\n\t\t\t\t\t<h5> <\/h5>\n\t\t\t\t\t\t\t<div class=\"translation-block\"><p>Du reist in deiner eigenen Gruppe und erh\u00e4ltst pers\u00f6nliche Betreuung. Die Aktivit\u00e4ten finden in kleinen Gruppen statt.<\/p><\/div>\n\t\t\t\t\t\t<div class=\"tb-buttons-part\">\n\t\t\t\t\t\t\t\t\t\t\t<\/div>\n\t\t\t\t<\/div>\n\t\t\t<\/div>\n\t\t\t\t\t<div class=\"tb-card entry tb-fade-in tb-fade-in--subtle\">\n\t\t\t\t<div class=\"tb-image-part\">\n\t\t\t\t\t<img src='https:\/\/lt.travelblox.eu\/wp-content\/uploads\/sites\/63\/2025\/02\/Copy-of-Siliquini_TheLaplandTrail_2023-7269-e1740126464562-768x768.jpg' width='768' height='768' alt='Schnee Aussicht' loading='lazy' image_size='medium_large'>\t\t\t\t<\/div>\n\t\t\t\t<div class=\"tb-card-content text-part\">\n\t\t\t\t\t<h5> <\/h5>\n\t\t\t\t\t\t\t<div class=\"translation-block\"><p>Verbringe deine Zeit in drei authentischen D\u00f6rfern, umgeben von weitl\u00e4ufigen W\u00e4ldern.<\/p><\/div>\n\t\t\t\t\t\t<div class=\"tb-buttons-part\">\n\t\t\t\t\t\t\t\t\t\t\t<\/div>\n\t\t\t\t<\/div>\n\t\t\t<\/div>\n\t\t\t\t\t<div class=\"tb-card entry tb-fade-in tb-fade-in--subtle\">\n\t\t\t\t<div class=\"tb-image-part\">\n\t\t\t\t\t<img src='https:\/\/lt.travelblox.eu\/wp-content\/uploads\/sites\/63\/2024\/04\/Screenshot-2024-04-09-at-08.54.22.png' width='690' height='454' alt='Lappland Kittil\u00e4' loading='lazy' image_size='medium_large'>\t\t\t\t<\/div>\n\t\t\t\t<div class=\"tb-card-content text-part\">\n\t\t\t\t\t<h5> <\/h5>\n\t\t\t\t\t\t\t<div class=\"translation-block\"><p>Direktfl\u00fcge von Br\u00fcssel, D\u00fcsseldorf und Amsterdam.<\/p><\/div>\n\t\t\t\t\t\t<div class=\"tb-buttons-part\">\n\t\t\t\t\t\t\t\t\t\t\t<\/div>\n\t\t\t\t<\/div>\n\t\t\t<\/div>\n\t\t\t\t\t<div class=\"tb-card entry tb-fade-in tb-fade-in--subtle\">\n\t\t\t\t<div class=\"tb-image-part\">\n\t\t\t\t\t<img src='https:\/\/lt.travelblox.eu\/wp-content\/uploads\/sites\/63\/2025\/04\/LT25_MichielAnnaert_HR-41-1-768x539.jpg' width='768' height='539' alt='husky' style='object-position:50% 50%' loading='lazy' image_size='medium_large'>\t\t\t\t<\/div>\n\t\t\t\t<div class=\"tb-card-content text-part\">\n\t\t\t\t\t<h5> <\/h5>\n\t\t\t\t\t\t\t<div class=\"translation-block\"><p>Keine unn\u00f6tigen Zuschl\u00e4ge oder versteckten Kosten. Reisen ab 1.350 \u20ac pro Person, inklusive Fl\u00fcgen.<\/p><\/div>\n\t\t\t\t\t\t<div class=\"tb-buttons-part\">\n\t\t\t\t\t\t\t\t\t\t\t<\/div>\n\t\t\t\t<\/div>\n\t\t\t<\/div>\n\t\t\t\t\t\t\t\t<\/div>\n\t\t\t\t\t\t<div class=\"tb-carousel-nav\">\n\t\t\t<div class=\"dots\">\n\t\t\t\t<div class=\"dot active\"><\/div>\n\t\t\t\t<div class=\"dot\"><\/div>\n\t\t\t\t<div class=\"dot\"><\/div>\n\t\t\t<\/div>\n\t\t\t<div class=\"arrows\">\n\t\t\t\t<div class=\"prev disabled\">\n\t\t\t\t\t<span><i class=\"fa fa-chevron-left\"><\/i><\/span>\n\t\t\t\t<\/div>\n\t\t\t\t<div class=\"next\">\n\t\t\t\t\t<span><i class=\"fa fa-chevron-right\"><\/i><\/span>\n\t\t\t\t<\/div>\n\t\t\t<\/div>\n\t\t<\/div>\n\t\t\t\t<\/div>\n\t\t<\/div>\n\t\t\t<\/div>\n\n\n\n<div class=\"tb-textimage1 tb-block align-center background-light pattern-none variant-none tb-collapsible-margins\" id=\"textimage1\">\n\t<div class=\"inner-block tb-fade-in tb-fade-in--subtle\">\n\n\t\t\n\t\t<div class=\"text-part\">\n\t\t\t<h2>Lapland Travel, ein Konzept von Travelbase<\/h2>\n\t\t\t\t\t<div class=\"translation-block\"><p>Wir sind kein eigenst\u00e4ndiges Projekt, sondern ein Teil von <strong>Travelbase<\/strong> \u2013 einer erfahrenen Reiseorganisation, die jedes Jahr \u00fcber 50.000 Menschen weltweit auf Abenteuerreisen begleitet. Mit mehr als 10 Jahren Erfahrung in aktiven und abenteuerlichen Reisen steht <strong>Travelbase<\/strong> f\u00fcr professionelle Organisation, enge Zusammenarbeit mit Einheimischen und authentische Erlebnisse.<\/p><\/div>\n\t\t\t<\/div>\n\t<\/div>\n\t<div class=\"inner-block\">\n\t\t\t\t\t\t\t\t\t<div class=\"tb-video-part\">\n\t\t\t\t\t<iframe src=\"https:\/\/iframe.mediadelivery.net\/embed\/295792\/7a5e5c1c-dce1-4bfc-8068-8b33f27934e6?autoplay=false&#038;preload=true&#038;loop=true&#038;responsive=true\" allow=\"accelerometer;gyroscope;encrypted-media;picture-in-picture;\" allowfullscreen=\"true\" style=\"border: none;\" loading=\"lazy\"><\/iframe>\t\t\t\t<\/div>\n\t\t\t\t\t\t<\/div>\n\t<div class=\"inner-block tb-fade-in tb-fade-in--subtle\">\n\t\t<div class=\"text-part\">\n\t\t\t\t\t<div class=\"translation-block\"><\/div>\n\t\t\t\t<div class=\"tb-buttons-part\">\n\t\t\t\t\t\t<a href=\"https:\/\/travelbase.de\/\"  target=\"\" class=\"tb-button\">\n\t\t\tErfahre mehr \u00fcber Travelbase\t\t<\/a>\n\t\t\t\t\t\t\t\t\t<\/div>\n\t\t<\/div>\n\t<\/div>\n<\/div>\n\n\n<div class=\"tb-reviewroll tb-block align-center background-light pattern-none variant-none tb-collapsible-margins\" id=\"reviewroll\">\n\t\t<div class=\"inner-block tb-fade-in tb-fade-in--subtle\">\n\t\t<div class=\"text-part\">\n\t\t\t<h2>Sie hatten die Zeit ihres Lebens<\/h2>\n\t\t<\/div>\n\n\t\t<div class=\"average-reviews-wrapper\" data-embed-social-id=\"9e6e3e65f0115f250c900c688f13f34099dde0ad\" data-reviews-redirect-url=\"\">\n\t\t<\/div>\n\t<\/div>\n\t<div class=\"inner-block-full-width has-tb-carousel\">\n\t\t<!-- <div class=\"inner-block tb-fade-in tb-fade-in--subtle\"> -->\n\n\t\t<div class=\"reviews-wrapper\" data-embed-social-id=\"9e6e3e65f0115f250c900c688f13f34099dde0ad\" data-per-page=\"5\" data-type-code=\"travelbase\"\">\n\t\t\t<div class=\"tb-ajax-loader\">\n\t\t<\/div>\n\t<\/div>\n\n\t<!-- <\/div> -->\n<\/div>\n<\/div>\n\n\n\n\n<div class=\"tb-gallery tb-block align-center background-light pattern-none variant-grid\" id=\"gallery\">\n\t<div>\n\t\t<div class=\"desktop tb-has-popup-content\">\n\t\t\t\t\t\t\t<ul class=\"tb-gallery-grid\">\n\t\t\t\t\t\t\t\t\t\t\t\t\t\t\t\t\t\t<li class=\"slide\">\n\t\t\t\t\t\t\t\t<div class=\"tb-popup-trigger\">\n\t\t\t\t\t\t\t\t\t<img src='https:\/\/lt.travelblox.eu\/wp-content\/uploads\/sites\/63\/2025\/02\/DSC00139-1.jpg' width='2048' height='1365' loading='lazy'>\t\t\t\t\t\t\t\t<\/div>\n\t\t\t\t\t\t\t<\/li>\n\t\t\t\t\t\t\t\t\t\t\t\t\t<li class=\"slide\">\n\t\t\t\t\t\t\t\t<div class=\"tb-popup-trigger\">\n\t\t\t\t\t\t\t\t\t<img src='https:\/\/lt.travelblox.eu\/wp-content\/uploads\/sites\/63\/2024\/04\/YLL3.jpg' width='2048' height='1365' alt='Lappland, Yll\u00e4sjarvi, Nordlichter' loading='lazy'>\t\t\t\t\t\t\t\t<\/div>\n\t\t\t\t\t\t\t<\/li>\n\t\t\t\t\t\t\t\t\t\t\t\t\t<li class=\"slide\">\n\t\t\t\t\t\t\t\t<div class=\"tb-popup-trigger\">\n\t\t\t\t\t\t\t\t\t<img src='https:\/\/lt.travelblox.eu\/wp-content\/uploads\/sites\/63\/2024\/03\/Ice-karting-2.webp' width='1920' height='1080' alt='Ice Karting Levi Finnland' loading='lazy'>\t\t\t\t\t\t\t\t<\/div>\n\t\t\t\t\t\t\t<\/li>\n\t\t\t\t\t\t\t\t\t\t\t\t\t\t\t<\/ul>\n\t\t\t\t\t\t<div class=\"tb-popup tb-popup--open-clicked-image\">\n\t\t\t\t<div class=\"tb-gallery-popup\">\n\t\t\t\t\t<div class=\"tb-image-part\">\n\t\t\t\t\t\t\t\t\t\t<div class=\"inner-block-full-width has-tb-carousel tb-carousel-slider\" >\n\t\t\t<div class=\"tb-carousel-container\">\n\t\t\t\t<div class=\"entries tb-cards\" data-slider-first=\"2\">\n\t\t\t\t\t\t\t\t\t<div class=\"entry\">\n\t\t\t\t<div class=\"tb-image-part\">\n\t\t\t\t\t<figure>\n\t\t\t\t\t\t<img src='https:\/\/lt.travelblox.eu\/wp-content\/uploads\/sites\/63\/2025\/02\/DSC00139-1.jpg' width='2048' height='1365' loading='lazy' image_size='full'>\t\t\t\t\t\t\t\t\t\t\t<\/figure>\n\t\t\t\t<\/div>\n\t\t\t<\/div>\n\t\t\t\t\t<div class=\"entry\">\n\t\t\t\t<div class=\"tb-image-part\">\n\t\t\t\t\t<figure>\n\t\t\t\t\t\t<img src='https:\/\/lt.travelblox.eu\/wp-content\/uploads\/sites\/63\/2024\/04\/YLL3.jpg' width='2048' height='1365' alt='Lappland, Yll\u00e4sjarvi, Nordlichter' loading='lazy' image_size='full'>\t\t\t\t\t\t\t\t\t\t\t<\/figure>\n\t\t\t\t<\/div>\n\t\t\t<\/div>\n\t\t\t\t\t<div class=\"entry\">\n\t\t\t\t<div class=\"tb-image-part\">\n\t\t\t\t\t<figure>\n\t\t\t\t\t\t<img src='https:\/\/lt.travelblox.eu\/wp-content\/uploads\/sites\/63\/2024\/03\/Ice-karting-2.webp' width='1920' height='1080' alt='Ice Karting Levi Finnland' loading='lazy' image_size='full'>\t\t\t\t\t\t\t\t\t\t\t<\/figure>\n\t\t\t\t<\/div>\n\t\t\t<\/div>\n\t\t\t\t\t\t\t\t<\/div>\n\t\t\t\t\t\t<div class=\"tb-carousel-nav\">\n\t\t\t<div class=\"dots\">\n\t\t\t\t<div class=\"dot active\"><\/div>\n\t\t\t\t<div class=\"dot\"><\/div>\n\t\t\t\t<div class=\"dot\"><\/div>\n\t\t\t<\/div>\n\t\t\t<div class=\"arrows\">\n\t\t\t\t<div class=\"prev disabled\">\n\t\t\t\t\t<span><i class=\"fa fa-chevron-left\"><\/i><\/span>\n\t\t\t\t<\/div>\n\t\t\t\t<div class=\"next\">\n\t\t\t\t\t<span><i class=\"fa fa-chevron-right\"><\/i><\/span>\n\t\t\t\t<\/div>\n\t\t\t<\/div>\n\t\t<\/div>\n\t\t\t\t<\/div>\n\t\t<\/div>\n\t\t\t\t\t\t\t<\/div>\n\t\t\t\t<\/div>\n\t\t\t<\/div>\n\t\t<\/div>\n\t\t<div class=\"mobile\">\n\t\t\t<div class=\"tb-image-part\">\n\t\t\t\t\t\t\t\t<div class=\"inner-block-full-width has-tb-carousel tb-carousel-slider\" >\n\t\t\t<div class=\"tb-carousel-container\">\n\t\t\t\t<div class=\"entries tb-cards\" data-slider-first=\"0\">\n\t\t\t\t\t\t\t\t\t<div class=\"entry\">\n\t\t\t\t<div class=\"tb-image-part\">\n\t\t\t\t\t<figure>\n\t\t\t\t\t\t<img src='https:\/\/lt.travelblox.eu\/wp-content\/uploads\/sites\/63\/2025\/02\/DSC00139-1-768x512.jpg' width='768' height='512' loading='lazy' image_size='medium_large'>\t\t\t\t\t\t\t\t\t\t\t<\/figure>\n\t\t\t\t<\/div>\n\t\t\t<\/div>\n\t\t\t\t\t<div class=\"entry\">\n\t\t\t\t<div class=\"tb-image-part\">\n\t\t\t\t\t<figure>\n\t\t\t\t\t\t<img src='https:\/\/lt.travelblox.eu\/wp-content\/uploads\/sites\/63\/2024\/04\/YLL3-768x512.jpg' width='768' height='512' alt='Lappland, Yll\u00e4sjarvi, Nordlichter' loading='lazy' image_size='medium_large'>\t\t\t\t\t\t\t\t\t\t\t<\/figure>\n\t\t\t\t<\/div>\n\t\t\t<\/div>\n\t\t\t\t\t<div class=\"entry\">\n\t\t\t\t<div class=\"tb-image-part\">\n\t\t\t\t\t<figure>\n\t\t\t\t\t\t<img src='https:\/\/lt.travelblox.eu\/wp-content\/uploads\/sites\/63\/2024\/03\/Ice-karting-2-768x432.webp' width='768' height='432' alt='Ice Karting Levi Finnland' loading='lazy' image_size='medium_large'>\t\t\t\t\t\t\t\t\t\t\t<\/figure>\n\t\t\t\t<\/div>\n\t\t\t<\/div>\n\t\t\t\t\t\t\t\t<\/div>\n\t\t\t\t\t\t<div class=\"tb-carousel-nav\">\n\t\t\t<div class=\"dots\">\n\t\t\t\t<div class=\"dot active\"><\/div>\n\t\t\t\t<div class=\"dot\"><\/div>\n\t\t\t\t<div class=\"dot\"><\/div>\n\t\t\t<\/div>\n\t\t\t<div class=\"arrows\">\n\t\t\t\t<div class=\"prev disabled\">\n\t\t\t\t\t<span><i class=\"fa fa-chevron-left\"><\/i><\/span>\n\t\t\t\t<\/div>\n\t\t\t\t<div class=\"next\">\n\t\t\t\t\t<span><i class=\"fa fa-chevron-right\"><\/i><\/span>\n\t\t\t\t<\/div>\n\t\t\t<\/div>\n\t\t<\/div>\n\t\t\t\t<\/div>\n\t\t<\/div>\n\t\t\t\t\t<\/div>\n\t\t<\/div>\n\t<\/div>\n<\/div>\n\n\n\n<div class=\"tb-textimage2 tb-block align-left background-light pattern-none variant-text_first tb-collapsible-margins\" id=\"textimage2-1\">\n\t<div class=\"inner-block tb-fade-in\">\n\n\t\t\n\t\t<div class=\"tb-columns\">\n\t\t\t<div class=\"tb-column\">\n\t\t\t\t<div class=\"tb-text-part\">\n\t\t\t\t\t<h2>Reisen mit positiver Wirkung<\/h2>\n\t\t\t\t\t\t\t<div class=\"translation-block\"><p>Bei Lapland Travel glauben wir an Reisen mit positiver Wirkung. \u00dcber unsere eigene <strong>Butterfly Foundation<\/strong> unterst\u00fctzen wir Dutzende sozialer und \u00f6kologischer Projekte weltweit.<\/p>\n<p>In Lappland unterst\u00fctzen wir die Finnish Natural Heritage Foundation, die sich f\u00fcr den Schutz der alten finnischen W\u00e4lder und den Erhalt der Biodiversit\u00e4t einsetzt, indem sie wertvolle Natur dauerhaft sichert.<\/p>\n<p>Reist du mit uns, unterst\u00fctzt du Projekte, die wirklich einen Unterschied machen.<\/p><\/div>\n\t\t\t\t\t\t\t\t\t\t\t<div class=\"tb-buttons-part\">\n\t\t\t\t\t\t\t\t<a href=\"https:\/\/butterfly-foundation.org\/de\"  target=\"\" class=\"tb-button\">\n\t\t\tButterfly Foundation\t\t<\/a>\n\t\t\t\t\t\t\t\t\t\t\t\t\t<\/div>\n\t\t\t\t<\/div>\n\t\t\t<\/div>\n\t\t\t<div class=\"tb-column\">\n\t\t\t\t\t\t\t\t\t\t\t\t\t\t\t<div class=\"tb-video-part\">\n\t\t\t\t\t\t\t<iframe src=\"https:\/\/iframe.mediadelivery.net\/embed\/295792\/01f5f1ec-432e-4cc6-8f6f-cccac8211c22?autoplay=false&#038;preload=true&#038;loop=true&#038;responsive=true\" allow=\"accelerometer;gyroscope;encrypted-media;picture-in-picture;\" allowfullscreen=\"true\" style=\"border: none;\" loading=\"lazy\"><\/iframe>\t\t\t\t\t\t<\/div>\n\t\t\t\t\t\t\t\t\t\t\t\t<\/div>\n\t\t<\/div>\n\t<\/div>\n<\/div>","protected":false},"excerpt":{"rendered":"","protected":false},"author":30,"featured_media":944,"parent":0,"menu_order":0,"comment_status":"closed","ping_status":"closed","template":"","meta":{"_acf_changed":false,"inline_featured_image":false,"footnotes":""},"class_list":["post-995","page","type-page","status-publish","has-post-thumbnail","hentry"],"acf":{"page_package_ids":"","is_main_package_page":false,"additional_linked_packages":[],"feed_page_to_atlas":true},"_links":{"self":[{"href":"https:\/\/lt.travelblox.eu\/de\/wp-json\/wp\/v2\/pages\/995","targetHints":{"allow":["GET"]}}],"collection":[{"href":"https:\/\/lt.travelblox.eu\/de\/wp-json\/wp\/v2\/pages"}],"about":[{"href":"https:\/\/lt.travelblox.eu\/de\/wp-json\/wp\/v2\/types\/page"}],"author":[{"embeddable":true,"href":"https:\/\/lt.travelblox.eu\/de\/wp-json\/wp\/v2\/users\/30"}],"replies":[{"embeddable":true,"href":"https:\/\/lt.travelblox.eu\/de\/wp-json\/wp\/v2\/comments?post=995"}],"version-history":[{"count":50,"href":"https:\/\/lt.travelblox.eu\/de\/wp-json\/wp\/v2\/pages\/995\/revisions"}],"predecessor-version":[{"id":8363,"href":"https:\/\/lt.travelblox.eu\/de\/wp-json\/wp\/v2\/pages\/995\/revisions\/8363"}],"wp:featuredmedia":[{"embeddable":true,"href":"https:\/\/lt.travelblox.eu\/de\/wp-json\/wp\/v2\/media\/944"}],"wp:attachment":[{"href":"https:\/\/lt.travelblox.eu\/de\/wp-json\/wp\/v2\/media?parent=995"}],"curies":[{"name":"wp","href":"https:\/\/api.w.org\/{rel}","templated":true}]}}