{"id":813,"date":"2024-04-02T11:24:04","date_gmt":"2024-04-02T11:24:04","guid":{"rendered":"https:\/\/lt.travelblox.eu\/?page_id=813"},"modified":"2026-05-07T11:43:44","modified_gmt":"2026-05-07T11:43:44","slug":"preisgestaltung","status":"publish","type":"page","link":"https:\/\/lt.travelblox.eu\/de\/preisgestaltung\/","title":{"rendered":"Preisgestaltung"},"content":{"rendered":"<div class=\"tb-header tb-block align-center background-dark pattern-none variant-none\" id=\"header\" data-fallback-background=\"https:\/\/vz-2d98b19f-729.b-cdn.net\/00c42435-d0d4-4e41-bfcf-d150fa20788a\/thumbnail.jpg\" style=\"background-image: url('https:\/\/vz-2d98b19f-729.b-cdn.net\/00c42435-d0d4-4e41-bfcf-d150fa20788a\/thumbnail.jpg'); background-position:center;\">\n    <div class=\"tb-header-foreground\">\n        <div class=\"inner-block\">\n\n            <div class=\"main-part\">\n                <div class=\"text-part\">\n                                            <p>Angebot 2026 \u2013 2027<\/p>\n                                                                <h1 class=\"tb-title\">Preise &amp; Verf\u00fcgbarkeiten<\/h1>\n                                                                <h2 class=\"tb-subtitle\">\t\t<div class=\"translation-block\"><p><strong data-start=\"134\" data-end=\"174\">Deine Traumreise nach Finnisch-Lappland<\/strong><\/p><\/div>\n\t<\/h2>\n                                                                                            <div class=\"tb-properties\">\n                                                                    <div class=\"tb-property\">\n                                                                                    <div class=\"tb-property__icon\">\n                                                \t\t\t\t<i class=\"icon fa-solid fa-calendar-days\" aria-hidden=\"true\"><\/i>\n\t\t\t                                            <\/div>\n                                                                                <div class=\"tb-property__label\">\n                                            7 N\u00e4chte                                        <\/div>\n                                    <\/div>\n                                    <div class=\"tb-properties__divider\"><\/div>\n                                                                                                    <div class=\"tb-property\">\n                                                                                    <div class=\"tb-property__icon\">\n                                                \t\t\t\t<i class=\"icon fa-solid fa-family\" aria-hidden=\"true\"><\/i>\n\t\t\t                                            <\/div>\n                                                                                <div class=\"tb-property__label\">\n                                            Individuelle und begleitete Reisen                                        <\/div>\n                                    <\/div>\n                                    <div class=\"tb-properties__divider\"><\/div>\n                                                                                                    <div class=\"tb-property\">\n                                                                                    <div class=\"tb-property__icon\">\n                                                \t\t\t\t<i class=\"icon fa-solid fa-handshake\" aria-hidden=\"true\"><\/i>\n\t\t\t                                            <\/div>\n                                                                                <div class=\"tb-property__label\">\n                                            Deutschsprachige Guides                                        <\/div>\n                                    <\/div>\n                                                            <\/div>\n                                                                                        <div class=\"tb-buttons-part\">\n                                                            \t\t<a href=\"#join\"  target=\"\" class=\"tb-button\">\n\t\t\tJetzt buchen\t\t<\/a>\n\t\t                                                                                <\/div>\n                                                        <\/div>\n            <\/div>\n            \t\t<a href=\"#\" class=\"scroll-down-button\">\n\t\t\t<i class=\"fa fa-arrow-down\"><\/i>\n\t\t<\/a>\n\t\n                    <\/div>\n    <\/div>\n\n                        <div class=\"tb-header-background tb-header-background--has-iframe\">\n                        <iframe src=\"https:\/\/iframe.mediadelivery.net\/embed\/306445\/00c42435-d0d4-4e41-bfcf-d150fa20788a?autoplay=true&#038;preload=true&#038;loop=true&#038;responsive=true&#038;muted=true\" allow=\"accelerometer;gyroscope;encrypted-media;picture-in-picture;autoplay;muted;\" allowfullscreen=\"true\" style=\"border: none;\" loading=\"lazy\"><\/iframe>                    <\/div>\n    \n    \n<\/div>\n\n\n\n\n<div class=\"tb-textimage2 tb-block align-left background-light pattern-none variant-text_first tb-collapsible-margins\" id=\"textimage2\">\n\t<div class=\"inner-block tb-fade-in\">\n\n\t\t\n\t\t<div class=\"tb-columns\">\n\t\t\t<div class=\"tb-column\">\n\t\t\t\t<div class=\"tb-text-part\">\n\t\t\t\t\t<h2>Deine Traumreise nach Finnisch-Lappland<\/h2>\n\t\t\t\t\t\t\t<div class=\"translation-block\"><p>Entdecke hier all unsere Angebote f\u00fcr den Winter 2026\u20132027, von Dezember bis M\u00e4rz. <strong>Auf dieser Seite findest du unsere Reisen von einer Woche<\/strong>, von Samstag bis Samstag oder von Sonntag bis Sonntag.<\/p><p>Tr\u00e4umst du davon, Lappland zu entdecken, hast aber nicht eine ganze Woche Zeit? Dann bieten wir auch <a href=\"https:\/\/lt.travelblox.eu\/de\/shortstaylapland\/\"><strong>Kurzaufenthalte<\/strong><\/a> von 3 und 4 N\u00e4chten an, mit dem Besten aus unserem 7-N\u00e4chte-Programm.<\/p><p>Du kannst jetzt schon unverbindlich Angebote f\u00fcr deine Lieblingsunterkunft anfragen. Die Buchungen \u00f6ffnen am <strong>8. April um 16 Uhr<\/strong> f\u00fcr alle mit einer <a href=\"https:\/\/travelbase.typeform.com\/LT27preregDE\">Vorregistrierung<\/a>, andere m\u00fcssen noch eine Woche l\u00e4nger warten.<\/p><\/div>\n\t\t\t\t\t\t\t\t\t\t\t<div class=\"tb-buttons-part\">\n\t\t\t\t\t\t\t\t<a href=\"#join\"  target=\"\" class=\"tb-button\">\n\t\t\tPreise f\u00fcr 7 N\u00e4chte\t\t<\/a>\n\t\t\t\t\t\t\t\t\t\t<a href=\"https:\/\/laplandtravel.com\/de\/shortstaylapland\/\"  target=\"\" class=\"tb-buttonlink\">\n\t\t\tKurztrip Lappland\t\t<\/a>\n\t\t\t\t\t\t\t<\/div>\n\t\t\t\t<\/div>\n\t\t\t<\/div>\n\t\t\t<div class=\"tb-column\">\n\t\t\t\t\t\t\t\t\t\t\t\t\t\t\t<div class=\"tb-image-part\">\n\t\t\t\t\t\t\t<img src='https:\/\/lt.travelblox.eu\/wp-content\/uploads\/sites\/63\/2026\/03\/Lapland-travel-\u00a9-Fille-Roelants-12103415-768x512.jpg' width='768' height='512' loading='lazy' image_size='medium_large'>\t\t\t\t\t\t<\/div>\n\t\t\t\t\t\t\t\t\t\t\t\t<\/div>\n\t\t<\/div>\n\t<\/div>\n<\/div>\n\n\n<div class=\"tb-accosearch tb-block align-center background-light pattern-none variant-none tb-collapsible-margins\" id=\"join\">\n\t<div class=\"inner-block\">\n\n\t\t\n\t\t<h2 class=\"title\">Buchungen Winter 2026 \u2013 2027<\/h2>\n\t\t<div><p class=\"translation-block\"><p>Hier findest du unsere einw\u00f6chigen Reisen:<br>von <strong>Samstag bis Samstag<\/strong> nach <strong>Rovaniemi<\/strong><br>von <strong>Sonntag bis Sonntag<\/strong> nach <strong>Levi, und \u00c4k\u00e4slompolo.<\/strong><\/p><\/p>\n<p>Alle Preise sind pro Person und beinhalten unser Standard-Aktivit\u00e4tspaket:<br data-start=\"140\" data-end=\"143\" \/><strong>Husky-Safari \u00b7 Schneescootertour \u00b7 Nordlichter-Erlebnis \u00b7 Schneeschuhwanderung<\/strong><\/p>\n<p>Verwende die <strong>Filter<\/strong> um einfach dein Ziel, das Abreise-Wochenende, die Gruppengr\u00f6\u00dfe und den Flughafen auszuw\u00e4hlen.<br \/>Bitte beachte, dass das Flugangebot je nach Reiseziel variieren kann.<\/p>\n<\/div>\n\t\t<div>\t\t<a href=\"https:\/\/booking.travelbase.eu\/lt27\/quote\"  target=\"\" class=\"tb-button\">\n\t\t\tEin Angebot erhalten\t\t<\/a>\n\t\t<\/div>\n\n\t\t<div class=\"tb-loader\">\n\t\t\t<div class=\"tb-loader__abs\">\n\t\t\t\t<div class=\"tb-loader__inner\"><\/div>\n\t\t\t\t<div class=\"tb-loader__inner\"><\/div>\n\t\t\t\t<div class=\"tb-loader__inner\"><\/div>\n\t\t\t<\/div>\n\t\t<\/div>\n\n\t\t<div class=\"tb-accosearch__wrapper\">\n\t\t\t<div class=\"tb-accosearch__grid\">\n\t\t\t\t<div class=\"tb-accosearch__sticky\">\n\t\t\t\t\t<accosearch-filters project=\"lt27\" language=\"de\" prefilters='{\"tour\":[11,49,146,288,342]}'><\/accosearch-filters>\n\t\t\t\t<\/div>\n\t\t\t\t<div>\n\t\t\t\t\t<accosearch-results\n\t\t\t\t\t\tsoldoutmessage=\"De combinatie van je filters geeft geen resultaten. Het is waarschijnlijk dat de gekozen bestemming en vlucht niet compatibel zijn. Probeer je criteria aan te passen door een andere vlucht of bestemming te kiezen.\"\n\t\t\t\t\t\textrapriceinfo=\"incl. &lt;a href=&#039;javascript:void(0);&#039; data-text=&#039;\t\t&lt;div class=&quot;translation-block&quot;&gt;&lt;p&gt;Onze&amp;nbsp;Lapland-reizen zijn standaard&lt;b data-stringify-type=&quot;bold&quot;&gt;&amp;nbsp;inclusief vier onvergetelijke activiteiten&lt;\/b&gt;:&lt;\/p&gt;&lt;ul&gt;&lt;li&gt;Husky safari&lt;\/li&gt;&lt;li&gt;Noorderlicht expeditie&lt;\/li&gt;&lt;li&gt;Sneeuwscootertocht&lt;\/li&gt;&lt;li&gt;Sneeuwschoen hike&lt;\/li&gt;&lt;\/ul&gt;&lt;p&gt;Wil je je reis n\u00f3g verder invullen of uitbreiden? Dat kan! We bieden een ruime keuze aan optionele activiteiten, zoals een rendiertocht, langlaufen, ice dipping en nog veel meer.&lt;\/p&gt;&lt;\/div&gt;\t&#039; class=&#039;c-acco__link c-acco__tooltip&#039;&gt;Activiteitenpakket&lt;i class=&#039;fa-regular fa-circle-info fa-fw&#039;&gt;&lt;\/i&gt;&lt;\/a&gt;\"\n\t\t\t\t\t\tcustomincludedtitle=\"Activiteitenpakket\"\n\t\t\t\t\t\tcustomincludedicon=\"&lt;i class=&quot;fa-regular fa-snowflake&quot; aria-hidden=&quot;true&quot;&gt;&lt;\/i&gt;\"\n\t\t\t\t\t\tcustomincludedinfo=\"\t\t&lt;div class=&quot;translation-block&quot;&gt;&lt;p&gt;Onze&amp;nbsp;Lapland-reizen zijn standaard&lt;b data-stringify-type=&quot;bold&quot;&gt;&amp;nbsp;inclusief vier onvergetelijke activiteiten&lt;\/b&gt;:&lt;\/p&gt;&lt;ul&gt;&lt;li&gt;Husky safari&lt;\/li&gt;&lt;li&gt;Noorderlicht expeditie&lt;\/li&gt;&lt;li&gt;Sneeuwscootertocht&lt;\/li&gt;&lt;li&gt;Sneeuwschoen hike&lt;\/li&gt;&lt;\/ul&gt;&lt;p&gt;Wil je je reis n\u00f3g verder invullen of uitbreiden? Dat kan! We bieden een ruime keuze aan optionele activiteiten, zoals een rendiertocht, langlaufen, ice dipping en nog veel meer.&lt;\/p&gt;&lt;\/div&gt;\t\"\n\t\t\t\t\t\t>\n\t\t\t\t\t<\/accosearch-results>\n\t\t\t\t<\/div>\n\t\t\t<\/div>\n\t\t\t<div class=\"tb-accosearch__footer\">\n\t\t\t\t<small><\/small>\n\t\t\t<\/div>\n\t\t<\/div>\n\t<\/div>\n\n<\/div>","protected":false},"excerpt":{"rendered":"","protected":false},"author":30,"featured_media":110,"parent":0,"menu_order":0,"comment_status":"closed","ping_status":"closed","template":"","meta":{"_acf_changed":false,"inline_featured_image":false,"footnotes":""},"class_list":["post-813","page","type-page","status-publish","has-post-thumbnail","hentry"],"acf":{"page_package_ids":"","is_main_package_page":false,"additional_linked_packages":[],"feed_page_to_atlas":true},"_links":{"self":[{"href":"https:\/\/lt.travelblox.eu\/de\/wp-json\/wp\/v2\/pages\/813","targetHints":{"allow":["GET"]}}],"collection":[{"href":"https:\/\/lt.travelblox.eu\/de\/wp-json\/wp\/v2\/pages"}],"about":[{"href":"https:\/\/lt.travelblox.eu\/de\/wp-json\/wp\/v2\/types\/page"}],"author":[{"embeddable":true,"href":"https:\/\/lt.travelblox.eu\/de\/wp-json\/wp\/v2\/users\/30"}],"replies":[{"embeddable":true,"href":"https:\/\/lt.travelblox.eu\/de\/wp-json\/wp\/v2\/comments?post=813"}],"version-history":[{"count":49,"href":"https:\/\/lt.travelblox.eu\/de\/wp-json\/wp\/v2\/pages\/813\/revisions"}],"predecessor-version":[{"id":8626,"href":"https:\/\/lt.travelblox.eu\/de\/wp-json\/wp\/v2\/pages\/813\/revisions\/8626"}],"wp:featuredmedia":[{"embeddable":true,"href":"https:\/\/lt.travelblox.eu\/de\/wp-json\/wp\/v2\/media\/110"}],"wp:attachment":[{"href":"https:\/\/lt.travelblox.eu\/de\/wp-json\/wp\/v2\/media?parent=813"}],"curies":[{"name":"wp","href":"https:\/\/api.w.org\/{rel}","templated":true}]}}