{"id":4916,"date":"2025-04-03T13:46:16","date_gmt":"2025-04-03T13:46:16","guid":{"rendered":"https:\/\/lt.travelblox.eu\/?page_id=4916"},"modified":"2026-04-01T07:31:11","modified_gmt":"2026-04-01T07:31:11","slug":"rovaniemiairport","status":"publish","type":"page","link":"https:\/\/lt.travelblox.eu\/de\/rovaniemiairport\/","title":{"rendered":"Wie kannst du uns am Flughafen Rovaniemi erreichen?"},"content":{"rendered":"<div class=\"tb-header tb-block align-center background-dark pattern-none variant-none\" id=\"header\" data-fallback-background=\"https:\/\/lt.travelblox.eu\/wp-content\/uploads\/sites\/63\/2026\/03\/LT26_LAPLAND_FILLE-ROELANTS_WEB_74.jpg\" style=\"background-image: url('https:\/\/lt.travelblox.eu\/wp-content\/uploads\/sites\/63\/2026\/03\/LT26_LAPLAND_FILLE-ROELANTS_WEB_74.jpg'); background-position:;\">\n    <div class=\"tb-header-foreground\">\n        <div class=\"inner-block\">\n\n            <div class=\"main-part\">\n                <div class=\"text-part\">\n                                                                                            <h1>\t<span class=\"tb-logo\"  style=\"-webkit-mask-image: url(https:\/\/lt.travelblox.eu\/wp-content\/uploads\/sites\/63\/2023\/12\/LaplandTravel-logo-DEFNL-04.svg); mask-image: url(https:\/\/lt.travelblox.eu\/wp-content\/uploads\/sites\/63\/2023\/12\/LaplandTravel-logo-DEFNL-04.svg)\">\n\t\t<img src='https:\/\/lt.travelblox.eu\/wp-content\/uploads\/sites\/63\/2023\/12\/LaplandTravel-logo-DEFNL-04.svg' width='1024' height='1024' alt='Lapland Travel Logo' title='Lapland Travel' loading='lazy'>\n\t<\/span>\n<\/h1>\n                                                                                        <h2 class=\"tb-subtitle\">\t\t<div class=\"translation-block\"><p>Wie kommst du zum Flughafen Rovaniemi?<\/p>\n<p>Luosto &amp; Rovaniemi<\/p><\/div>\n\t<\/h2>\n                                                                                                                                            <\/div>\n            <\/div>\n            \t\t<a href=\"#\" class=\"scroll-down-button\">\n\t\t\t<i class=\"fa fa-arrow-down\"><\/i>\n\t\t<\/a>\n\t\n                    <\/div>\n    <\/div>\n\n    \n    \n<\/div>\n\n\n<div class=\"tb-leadtext tb-block align-center background-light pattern-none variant-none tb-collapsible-margins\" id=\"leadtext\">\n\t<div class=\"inner-block tb-fade-in tb-fade-in--subtle\">\n\t\t<div class=\"text-part\">\n\t\t\t\t\t<div class=\"translation-block\"><p><strong data-start=\"77\" data-end=\"128\">Buche am besten selbst deinen Flug zum Flughafen Rovaniemi<\/strong><\/p>\n<p>Unsere Fl\u00fcge k\u00f6nnen schnell ausgebucht sein, deshalb empfehlen wir dir, deine Reise nach Rovaniemi selber zu buchen. Keine Sorge: Alle praktischen Informationen sind klar geb\u00fcndelt, sodass du das ganz einfach regeln kannst.<br aria-hidden=\"true\" \/>Du kannst von vielen europ\u00e4ischen St\u00e4dten abfliegen und uns vor Ort leicht anschlie\u00dfen, um das Abenteuer in vollem Umfang zu genie\u00dfen.<br aria-hidden=\"true\" \/>Diese Reise ist zudem so gestaltet, dass du diese Flexibilit\u00e4t hast \u2013 alle Details findest du auf dieser Seite.<\/p>\n<p>&nbsp;<\/p>\n<p><strong data-start=\"378\" data-end=\"399\">Gut zu wissen:<\/strong><\/p>\n<p>Unsere Reisen finden immer von Samstag bis Samstag statt. Die Unterkunft ist f\u00fcr diesen Zeitraum standardm\u00e4\u00dfig gebucht, mit Aktivit\u00e4ten von Sonntagmorgen bis Freitagabend.<br \/>Wenn du nichts verpassen m\u00f6chtest, empfehlen wir, am Samstag anzukommen und am darauffolgenden Samstag wieder abzureisen. Wenn du dich entscheidest, fr\u00fcher anzukommen oder l\u00e4nger zu bleiben, kannst du selbst zus\u00e4tzliche N\u00e4chte buchen \u2013 diese liegen au\u00dferhalb unserer Organisation.<br \/>So hast du die Freiheit, deine Reise nach Belieben zu verl\u00e4ngern, ganz wie es dir passt.<\/p><\/div>\n\t\t\t<\/div>\n\t<\/div>\n<\/div>\n\n\n\n<div class=\"tb-quoteparallax tb-block align-center background-light pattern-none variant-text_on_image\" id=\"quoteparallax\" style=\"background-image: url('https:\/\/lt.travelblox.eu\/wp-content\/uploads\/sites\/63\/2025\/02\/DJI_0026-min.jpg');\">\n\t\t<div class=\"inner-block tb-fade-in tb-fade-in--subtle\">\n\t\t\t\t<\/div>\n<\/div>\n\n\n\n<div class=\"tb-howtogetthere tb-block align-none background-light pattern-none variant-none tb-collapsible-margins\" id=\"howtogetthere\">\n\t<div class=\"inner-block tb-fade-in tb-fade-in--subtle\">\n\t\t<div class=\"text-part\">\n\t\t\t<h2>Direktfl\u00fcge und Zugverbindungen nach Rovaniemi und Luosto<\/h2>\n\t\t\t\t\t<div class=\"translation-block\"><p>Hier findest du eine \u00dcbersicht der verf\u00fcgbaren Direktfl\u00fcge nach Rovaniemi f\u00fcr die Saison 2026-2027 aus Frankreich, Belgien, der Schweiz, Deutschland, Spanien, dem Vereinigten K\u00f6nigreich und den Niederlanden. Bitte beachte: Diese Informationen k\u00f6nnen sich \u00e4ndern. Wir empfehlen dir, die aktuellen Flugzeiten und Verf\u00fcgbarkeiten direkt bei den Fluggesellschaften zu \u00fcberpr\u00fcfen.<\/p><p>&nbsp;<\/p><\/div>\n\t\t\t\t\t\t\t\t<div class=\"select-part\">\n\t\t\t\t\t<label>Reise von<\/label>\n\t\t\t\t\t<select>\n\t\t\t\t\t\t\t\t\t\t\t\t\t<option value=\"0\" data-section=\"howtogetthere-section-0\">\ud83c\udde7\ud83c\uddea Belgien<\/option>\n\t\t\t\t\t\t\t\t\t\t\t\t\t<option value=\"1\" data-section=\"howtogetthere-section-1\">\ud83c\uddf3\ud83c\uddf1 Niederlande<\/option>\n\t\t\t\t\t\t\t\t\t\t\t\t\t<option value=\"2\" data-section=\"howtogetthere-section-2\">\ud83c\uddeb\ud83c\uddf7 Frankreich<\/option>\n\t\t\t\t\t\t\t\t\t\t\t\t\t<option value=\"3\" data-section=\"howtogetthere-section-3\">\ud83c\udde9\ud83c\uddea Deutschland<\/option>\n\t\t\t\t\t\t\t\t\t\t\t\t\t<option value=\"4\" data-section=\"howtogetthere-section-4\">\ud83c\udde9\ud83c\uddea Vereinigtes K\u00f6nigreich<\/option>\n\t\t\t\t\t\t\t\t\t\t\t<\/select>\n\t\t\t\t<\/div>\n\t\t\t\t\t<\/div>\n\t<\/div>\n\t\t\t<div class=\"inner-block tb-fade-in tb-fade-in--subtle\">\n\t\t\t\t\t\t\t<div class=\"tb-sections\">\n\t\t\t\t\t\t\t\t\t\t\t\t\t\t\t\t\t\t<div class=\"tb-section entries\" id=\"howtogetthere-section-0\">\n\t\t\t\t\t\t\t\t\t\t\t\t\t\t\t\t\t<div class=\"entry\">\n\t\t\t\t\t\t\t\t\t\t\t\t\t\t<i class=\"icon fa-solid fa-plane-departure\" aria-hidden=\"true\"><\/i>\n\t\t\t\t\t\t\t\t\t\t\t\t\t<div class=\"text-part\">\n\t\t\t\t\t\t\t\t\t\t\t<h4><\/h4>\n\t\t\t\t\t\t\t\t\t\t\t\t\t<div class=\"translation-block\"><p><i><strong>Samstag \u2013 Samstag<\/strong>&nbsp;<\/i><\/p><p><a href=\"https:\/\/www.ryanair.com\/nl\/nl\"><strong>Mit Ryanair :<\/strong><\/a><\/p><p><strong>Hinfahrt:<\/strong> Charleroi nach Rovaniemi : <strong>15:20 \u2013 19:40<\/strong><\/p><p><strong>R\u00fcckfahrt:<\/strong> Rovaniemi nach Charleroi : <strong>20:15 \u2013 22:35<\/strong><\/p><p><strong>Es gibt auch andere Optionen mit Fl\u00fcgen aus Nachbarl\u00e4ndern wie Deutschland, Frankreich oder den Niederlanden.<\/strong><\/p><\/div>\n\t\t\t\t\t\t\t\t\t\t\t<\/div>\n\t\t\t\t\t\t\t\t\t<\/div>\n\t\t\t\t\t\t\t\t\t\t\t\t\t\t\t\t\t<div class=\"entry\">\n\t\t\t\t\t\t\t\t\t\t\t\t\t\t<i class=\"icon fa-solid fa-train\" aria-hidden=\"true\"><\/i>\n\t\t\t\t\t\t\t\t\t\t\t\t\t<div class=\"text-part\">\n\t\t\t\t\t\t\t\t\t\t\t<h4><\/h4>\n\t\t\t\t\t\t\t\t\t\t\t\t\t<div class=\"translation-block\"><p><strong>Eine Idee f\u00fcr eine m\u00f6gliche Route von Br\u00fcssel:<\/strong><\/p>\n<ul data-spread=\"false\">\n<li>Br\u00fcssel \u2192 Hamburg<\/li>\n<li>Hamburg \u2192 Stockholm<\/li>\n<li>Stockholm \u2192 Helsinki (Nachtf\u00e4hre)<\/li>\n<li>Helsinki \u2192 Rovaniemi (Santa Claus Express)<\/li>\n<\/ul><\/div>\n\t\t\t\t\t\t\t\t\t\t\t<\/div>\n\t\t\t\t\t\t\t\t\t<\/div>\n\t\t\t\t\t\t\t\t\t\t\t\t\t\t\t<\/div>\n\t\t\t\t\t\t\t\t\t\t\t\t\t\t\t\t\t\t\t\t\t\t\t\t<div class=\"tb-section entries hidden\" id=\"howtogetthere-section-1\">\n\t\t\t\t\t\t\t\t\t\t\t\t\t\t\t\t\t<div class=\"entry\">\n\t\t\t\t\t\t\t\t\t\t\t\t\t\t<i class=\"icon fa-solid fa-plane-departure\" aria-hidden=\"true\"><\/i>\n\t\t\t\t\t\t\t\t\t\t\t\t\t<div class=\"text-part\">\n\t\t\t\t\t\t\t\t\t\t\t<h4><\/h4>\n\t\t\t\t\t\t\t\t\t\t\t\t\t<div class=\"translation-block\"><p><i><strong>Samstag \u2013 Samstag<\/strong>&nbsp;<\/i><\/p><p><a href=\"https:\/\/www.klm.be\/\">Mit KLM<\/a> :<\/p><p><strong>Hinflug:<\/strong> Schiphol nach Rovaniemi : <strong>12:20 \u2013 16:20<\/strong><\/p><p><strong>R\u00fcckflug:<\/strong> Rovaniemi nach Schiphol : <strong>17:20 \u2013 19:20<\/strong><\/p><p><strong>Es sind auch andere Optionen verf\u00fcgbar mit Fl\u00fcgen aus Nachbarl\u00e4ndern wie Deutschland oder Belgien.<\/strong><\/p><p>&nbsp;<\/p><\/div>\n\t\t\t\t\t\t\t\t\t\t\t<\/div>\n\t\t\t\t\t\t\t\t\t<\/div>\n\t\t\t\t\t\t\t\t\t\t\t\t\t\t\t\t\t<div class=\"entry\">\n\t\t\t\t\t\t\t\t\t\t\t\t\t\t<i class=\"icon fa-solid fa-train\" aria-hidden=\"true\"><\/i>\n\t\t\t\t\t\t\t\t\t\t\t\t\t<div class=\"text-part\">\n\t\t\t\t\t\t\t\t\t\t\t<h4><\/h4>\n\t\t\t\t\t\t\t\t\t\t\t\t\t<div class=\"translation-block\"><p><strong>Eine Idee f\u00fcr eine m\u00f6gliche Route von Amsterdam:<\/strong><\/p>\n<ul>\n<li>Amsterdam \u2192 Kopenhagen<\/li>\n<li>Kopenhagen \u2192 Stockholm<\/li>\n<li>Stockholm \u2192 Helsinki (Nachtf\u00e4hre)<\/li>\n<li>Helsinki \u2192 Rovaniemi (Santa Claus Express)<\/li>\n<\/ul><\/div>\n\t\t\t\t\t\t\t\t\t\t\t<\/div>\n\t\t\t\t\t\t\t\t\t<\/div>\n\t\t\t\t\t\t\t\t\t\t\t\t\t\t\t<\/div>\n\t\t\t\t\t\t\t\t\t\t\t\t\t\t\t\t\t\t\t\t\t\t\t\t<div class=\"tb-section entries hidden\" id=\"howtogetthere-section-2\">\n\t\t\t\t\t\t\t\t\t\t\t\t\t\t\t\t\t<div class=\"entry\">\n\t\t\t\t\t\t\t\t\t\t\t\t\t\t<i class=\"icon fa-solid fa-plane-departure\" aria-hidden=\"true\"><\/i>\n\t\t\t\t\t\t\t\t\t\t\t\t\t<div class=\"text-part\">\n\t\t\t\t\t\t\t\t\t\t\t<h4><\/h4>\n\t\t\t\t\t\t\t\t\t\t\t\t\t<div class=\"translation-block\"><p><i><strong>Samstag \u2013 Samstag<\/strong>&nbsp;<\/i><\/p><p><strong>Von Paris:<\/strong><\/p><p><a href=\"https:\/\/wwws.airfrance.be\/nl\"><strong>Mit Air France :<\/strong><\/a><\/p><p><strong>Hinreise:<\/strong> Paris CDG nach Rovaniemi : <strong>10:50 \u2013 15:25<\/strong><\/p><p><strong>R\u00fcckreise:<\/strong> Rovaniemi nach Paris CDG : <strong>16:30 \u2013 19:20<\/strong><\/p><p><a href=\"https:\/\/www.transavia.com\/home\/nl-be\"><strong>Mit Transavia :<\/strong><\/a><\/p><p><strong>Hinreise:<\/strong> Paris Orly nach Rovaniemi : <strong>07:45 \u2013 12:30<\/strong><\/p><p><strong>R\u00fcckreise:<\/strong> Rovaniemi nach Paris Orly : <strong>13:40 \u2013 16:35<\/strong><\/p><p><a href=\"https:\/\/www.easyjet.com\/nl\"><strong>Mit EasyJet :<\/strong><\/a><\/p><p><strong>Hinreise:<\/strong> Paris CDG nach Rovaniemi : <strong>07:05 \u2013 11:40<\/strong><\/p><p><strong>R\u00fcckreise:<\/strong> Rovaniemi nach Paris CDG : <strong>12:35 \u2013 15:35<\/strong><\/p><p><strong>Von S\u00fcdfrankreich :<\/strong><\/p><p><a href=\"https:\/\/www.easyjet.com\/nl\"><strong>Mit EasyJet :<\/strong><\/a><\/p><p><strong>Hinreise:<\/strong> Lyon nach Rovaniemi : <strong>14:50 \u2013 19:45<\/strong><\/p><p><strong>R\u00fcckreise:<\/strong> Rovaniemi nach Lyon : <strong>20:45 \u2013 23:40<\/strong><\/p><p><a href=\"https:\/\/www.easyjet.com\/nl\"><strong>Mit EasyJet :<\/strong><\/a><\/p><p><strong>Hinreise:<\/strong> Bordeaux nach Rovaniemi : <strong>12:50 \u2013 18:00<\/strong><\/p><p><strong>R\u00fcckreise:<\/strong> Rovaniemi nach Bordeaux : <strong>18:45 \u2013 22:10<\/strong><\/p><\/div>\n\t\t\t\t\t\t\t\t\t\t\t<\/div>\n\t\t\t\t\t\t\t\t\t<\/div>\n\t\t\t\t\t\t\t\t\t\t\t\t\t\t\t\t\t<div class=\"entry\">\n\t\t\t\t\t\t\t\t\t\t\t\t\t\t<i class=\"icon fa-solid fa-train\" aria-hidden=\"true\"><\/i>\n\t\t\t\t\t\t\t\t\t\t\t\t\t<div class=\"text-part\">\n\t\t\t\t\t\t\t\t\t\t\t<h4><\/h4>\n\t\t\t\t\t\t\t\t\t\t\t\t\t<div class=\"translation-block\"><p><strong>Eine Idee f\u00fcr eine m\u00f6gliche Route von Paris aus:<\/strong><\/p><ul><li>Paris \u2192 Br\u00fcssel<\/li><li>Br\u00fcssel \u2192 Hamburg<\/li><li>Hamburg \u2192 Stockholm<\/li><li>Stockholm \u2192 Helsinki (Nachtf\u00e4hre)<\/li><li>Helsinki \u2192 Rovaniemi (Santa Claus Express)<\/li><\/ul><\/div>\n\t\t\t\t\t\t\t\t\t\t\t<\/div>\n\t\t\t\t\t\t\t\t\t<\/div>\n\t\t\t\t\t\t\t\t\t\t\t\t\t\t\t<\/div>\n\t\t\t\t\t\t\t\t\t\t\t\t\t\t\t\t\t\t\t\t\t\t\t\t<div class=\"tb-section entries hidden\" id=\"howtogetthere-section-3\">\n\t\t\t\t\t\t\t\t\t\t\t\t\t\t\t\t\t<div class=\"entry\">\n\t\t\t\t\t\t\t\t\t\t\t\t\t\t<i class=\"icon fa-solid fa-plane-departure\" aria-hidden=\"true\"><\/i>\n\t\t\t\t\t\t\t\t\t\t\t\t\t<div class=\"text-part\">\n\t\t\t\t\t\t\t\t\t\t\t<h4><\/h4>\n\t\t\t\t\t\t\t\t\t\t\t\t\t<div class=\"translation-block\"><p><i><strong>Samstag \u2013 Samstag<\/strong>&nbsp;<\/i><\/p><p><a href=\"https:\/\/www.lufthansa.com\/nl\/de\/homepage?\"><strong>Mit Lufthansa :<\/strong><\/a><\/p><p><strong>Hinreise:<\/strong> Frankfurt nach Rovaniemi : <strong>08:45 \u2013 13:00<\/strong><\/p><p><strong>R\u00fcckreise:<\/strong> Rovaniemi nach Frankfurt : <strong>13:55 \u2013 16:15<\/strong><\/p><p><a href=\"https:\/\/www.norwegian.com\/en\/\"><strong>Mit Norwegian :<\/strong><\/a><\/p><p><strong>Hinreise:<\/strong> M\u00fcnchen nach Rovaniemi : <strong>12:40 \u2013 17:00<\/strong><\/p><p><strong>R\u00fcckreise:<\/strong> Rovaniemi nach M\u00fcnchen : <strong>09:45 \u2013 12:00<\/strong><\/p><p><a href=\"https:\/\/www.eurowings.com\/en.html\"><strong>Mit Eurowings :<\/strong><\/a><\/p><p><strong>Hinreise:<\/strong> D\u00fcsseldorf nach Rovaniemi : <strong>06:20 \u2013 10:30<\/strong><\/p><p><strong>R\u00fcckreise:<\/strong> Rovaniemi nach D\u00fcsseldorf : <strong>11:20 \u2013 13:30<\/strong><\/p><p><a href=\"https:\/\/www.eurowings.com\/en.html\"><strong>Mit Eurowings :<\/strong><\/a><\/p><p><strong>Hinreise:<\/strong> Berlin nach Rovaniemi : <strong>14:55 \u2013 18:35<\/strong><\/p><p><strong>R\u00fcckreise:<\/strong> Rovaniemi nach Berlin: <strong>19:20 \u2013 21:05<\/strong><\/p><\/div>\n\t\t\t\t\t\t\t\t\t\t\t<\/div>\n\t\t\t\t\t\t\t\t\t<\/div>\n\t\t\t\t\t\t\t\t\t\t\t\t\t\t\t\t\t<div class=\"entry\">\n\t\t\t\t\t\t\t\t\t\t\t\t\t\t<i class=\"icon fa-solid fa-train\" aria-hidden=\"true\"><\/i>\n\t\t\t\t\t\t\t\t\t\t\t\t\t<div class=\"text-part\">\n\t\t\t\t\t\t\t\t\t\t\t<h4><\/h4>\n\t\t\t\t\t\t\t\t\t\t\t\t\t<div class=\"translation-block\"><p><strong>Eine Idee f\u00fcr eine m\u00f6gliche Route von Hamburg:<\/strong><\/p>\n<ul data-spread=\"false\">\n<li>Hamburg \u2192 Stockholm<\/li>\n<li>Stockholm \u2192 Helsinki (Nachtf\u00e4hre)<\/li>\n<li>Helsinki \u2192 Rovaniemi (Santa Claus Express)<\/li>\n<\/ul><\/div>\n\t\t\t\t\t\t\t\t\t\t\t<\/div>\n\t\t\t\t\t\t\t\t\t<\/div>\n\t\t\t\t\t\t\t\t\t\t\t\t\t\t\t<\/div>\n\t\t\t\t\t\t\t\t\t\t\t\t\t\t\t\t\t\t\t\t\t\t\t\t<div class=\"tb-section entries hidden\" id=\"howtogetthere-section-4\">\n\t\t\t\t\t\t\t\t\t\t\t\t\t\t\t\t\t<div class=\"entry\">\n\t\t\t\t\t\t\t\t\t\t\t\t\t\t<i class=\"icon fa-solid fa-plane-departure\" aria-hidden=\"true\"><\/i>\n\t\t\t\t\t\t\t\t\t\t\t\t\t<div class=\"text-part\">\n\t\t\t\t\t\t\t\t\t\t\t<h4><\/h4>\n\t\t\t\t\t\t\t\t\t\t\t\t\t<div class=\"translation-block\"><p><i><strong>Samstag \u2013 Samstag<\/strong>&nbsp;<\/i><\/p><p><a href=\"https:\/\/www.ryanair.com\/flights\/gb\/en\"><strong>Mit Ryanair :<\/strong><\/a><\/p><p><strong>Hinreise:<\/strong> London Stansted nach Rovaniemi : <strong>09:35 \u2013 15:05<\/strong><\/p><p><strong>R\u00fcckreise:<\/strong> Rovaniemi nach London Stansted : <strong>16:05 \u2013 17:35<\/strong><\/p><p><a href=\"https:\/\/www.ryanair.com\/flights\/gb\/en\"><strong>Mit Ryanair :<\/strong><\/a><\/p><p><strong>Hinreise:<\/strong> Bristol nach Rovaniemi : <strong>14:45 \u2013 20:10<\/strong><\/p><p><strong>R\u00fcckreise:<\/strong> Rovaniemi nach Bristol : <strong>20:45 \u2013 22:10<\/strong><\/p><p><a href=\"https:\/\/www.ryanair.com\/flights\/gb\/en\"><strong>Mit Ryanair :<\/strong><\/a><\/p><p><strong>Hinreise:<\/strong> Liverpool nach Rovaniemi : <strong>06:20 \u2013 11:35<\/strong><\/p><p><strong>R\u00fcckreise:<\/strong> Rovaniemi nach Liverpool : <strong>12:00 \u2013 13:15<\/strong><\/p><p><a href=\"https:\/\/www.ryanair.com\/flights\/gb\/en\"><strong>Mit Ryanair :<\/strong><\/a><\/p><p><strong>Hinreise:<\/strong> Birmingham nach Rovaniemi : <strong>10:05 \u2013 15:20<\/strong><\/p><p><strong>R\u00fcckreise:<\/strong> Rovaniemi nach Birmingham : <strong>15:55 \u2013 17:20<\/strong><\/p><p><a href=\"https:\/\/www.easyjet.com\/en\"><strong>Mit Easyjet :<\/strong><\/a><\/p><p><strong>Hinreise:<\/strong> London Luton nach Rovaniemi : <strong>07:00 \u2013 12:25<\/strong><\/p><p><strong>R\u00fcckreise:<\/strong> Rovaniemi nach London Luton : <strong>13:20 \u2013 15:00<\/strong><\/p><p><a href=\"https:\/\/www.easyjet.com\/en\"><strong>Mit Easyjet :<\/strong><\/a><\/p><p><strong>Hinreise:<\/strong> Manchester nach Rovaniemi : <strong>06:00 \u2013 11:20<\/strong><\/p><p><strong>R\u00fcckreise:<\/strong> Rovaniemi nach Manchester : <strong>12:05 \u2013 13:35<\/strong><\/p><\/div>\n\t\t\t\t\t\t\t\t\t\t\t<\/div>\n\t\t\t\t\t\t\t\t\t<\/div>\n\t\t\t\t\t\t\t\t\t\t\t\t\t\t\t\t\t<div class=\"entry\">\n\t\t\t\t\t\t\t\t\t\t\t\t\t\t<i class=\"icon fa-solid fa-train\" aria-hidden=\"true\"><\/i>\n\t\t\t\t\t\t\t\t\t\t\t\t\t<div class=\"text-part\">\n\t\t\t\t\t\t\t\t\t\t\t<h4><\/h4>\n\t\t\t\t\t\t\t\t\t\t\t\t\t<div class=\"translation-block\"><p><strong>Eine Idee f\u00fcr eine m\u00f6gliche Route von Br\u00fcssel aus:<\/strong><\/p>\n<ul data-spread=\"false\">\n<li>London \u2192 Br\u00fcssel<\/li>\n<li>Br\u00fcssel \u2192 Hamburg<\/li>\n<li>Hamburg \u2192 Stockholm<\/li>\n<li>Stockholm \u2192 Helsinki (Nachtf\u00e4hre)<\/li>\n<li>Helsinki \u2192 Rovaniemi (Santa Claus Express)<\/li>\n<\/ul><\/div>\n\t\t\t\t\t\t\t\t\t\t\t<\/div>\n\t\t\t\t\t\t\t\t\t<\/div>\n\t\t\t\t\t\t\t\t\t\t\t\t\t\t\t<\/div>\n\t\t\t\t\t\t\t\t\t\t\t\t\t\t\t<\/div>\n\t\t\t\t\t<\/div>\n\t<\/div>\n\n\n<div class=\"tb-textimage2 tb-block align-left background-light pattern-none variant-text_first tb-collapsible-margins\" id=\"textimage2\">\n\t<div class=\"inner-block tb-fade-in\">\n\n\t\t\n\t\t<div class=\"tb-columns\">\n\t\t\t<div class=\"tb-column\">\n\t\t\t\t<div class=\"tb-text-part\">\n\t\t\t\t\t<h2>Sobald du am Flughafen Rovaniemi angekommen bist.<\/h2>\n\t\t\t\t\t\t\t<div class=\"translation-block\"><p><strong>ROVANIEMI<\/strong> :<\/p><p>Wenn du mit eigenen Fl\u00fcgen nach Rovaniemi reist, musst du den Transfer zu deiner Unterkunft selbst organisieren. Es gibt verschiedene Optionen direkt vom Flughafen: Shuttle-Busse zum Santa Claus Village oder ins Stadtzentrum sowie lokale Taxis (wie Meneva) oder Uber.<\/p><p><strong>Gesch\u00e4tzte Preise:<\/strong><br>Flughafen \u2192 Stadtzentrum: etwa 25-30 \u20ac<br>Flughafen \u2192 Abgelegenere Gebiete: 40-60 \u20ac<\/p><p><strong>LUOSTO<\/strong> :<\/p><p>Wenn du mit eigenen Fl\u00fcgen nach Luosto reist, ist der Transfer ins Dorf ebenfalls nicht enthalten. Wir organisieren drei Shuttles pro Tag, die du gegen einen Aufpreis nutzen kannst. Die genauen Abfahrtszeiten werden sp\u00e4ter bekannt gegeben. Au\u00dferdem fahren Busse zwischen Rovaniemi und Luosto.<\/p><p>&nbsp;<\/p><\/div>\n\t\t\t\t\t\t\t\t\t\t\t<div class=\"tb-buttons-part\">\n\t\t\t\t\t\t\t\t\t\t\t\t\t\t\t\t\t<\/div>\n\t\t\t\t<\/div>\n\t\t\t<\/div>\n\t\t\t<div class=\"tb-column\">\n\t\t\t\t\t\t\t\t\t\t\t\t\t\t\t<div class=\"tb-image-part\">\n\t\t\t\t\t\t\t<img src='https:\/\/lt.travelblox.eu\/wp-content\/uploads\/sites\/63\/2024\/03\/DSC09043-768x512.jpg' width='768' height='512' alt='Pallas-Nationalpark' loading='lazy' image_size='medium_large'>\t\t\t\t\t\t<\/div>\n\t\t\t\t\t\t\t\t\t\t\t\t<\/div>\n\t\t<\/div>\n\t<\/div>\n<\/div>\n\n\n<div class=\"tb-textimage2 tb-block align-left background-light pattern-none variant-image_first tb-collapsible-margins\" id=\"textimage2-1\">\n\t<div class=\"inner-block tb-fade-in\">\n\n\t\t\n\t\t<div class=\"tb-columns\">\n\t\t\t<div class=\"tb-column\">\n\t\t\t\t<div class=\"tb-text-part\">\n\t\t\t\t\t<h2>Nachhaltiger reisen \u2013 eine bewusste Entscheidung<\/h2>\n\t\t\t\t\t\t\t<div class=\"translation-block\"><p>Bei uns hat Nachhaltigkeit einen hohen Stellenwert. Deshalb ermutigen wir Reisende, mit dem Zug nach Lappland zu reisen. Entscheidest du dich f\u00fcr diese umweltfreundliche Option? Dann erh\u00e4ltst du <strong>50 \u20ac Rabatt pro Person<\/strong> auf den Gesamtpreis der Reise.<\/p><p>So tr\u00e4gst du nicht nur zu einer besseren Umwelt bei, sondern erlebst auch ein einzigartiges Reiseerlebnis, bei dem sich die Landschaft langsam in eine magische Winterlandschaft verwandelt.<\/p><p><strong>Der Santa Claus Express: Helsinki \u2013 Rovaniemi mit dem Nachtzug \ud83d\ude86<\/strong><\/p><p>Dieser komfortable Nachtzug bringt dich von Helsinki nach Rovaniemi, w\u00e4hrend du unterwegs gut schl\u00e4fst. <strong>Preise (bei fr\u00fchzeitiger Buchung):<\/strong><\/p><ul><li>Standardplatz: etwa 21 \u20ac<\/li><li>Doppelabteil: zwischen 36 und 43 \u20ac pro Person<\/li><li>Einzelabteil: zwischen 95 und 114 \u20ac<\/li><li>Doppelabteil mit privatem Bad: h\u00f6herer Preis<\/li><\/ul><p>Du kannst diese Reise auch tags\u00fcber machen und die immer wei\u00dfer werdende Landschaft genie\u00dfen.<\/p><p>Die Interrail-Card kann eine gute Option f\u00fcr eine Reise mit mehreren Zielen zu niedrigeren Kosten sein, aber achte auf Reservierungen und Zuschl\u00e4ge.<\/p><\/div>\n\t\t\t\t\t\t\t\t\t\t\t<div class=\"tb-buttons-part\">\n\t\t\t\t\t\t\t\t\t\t\t\t\t\t\t\t\t<\/div>\n\t\t\t\t<\/div>\n\t\t\t<\/div>\n\t\t\t<div class=\"tb-column\">\n\t\t\t\t\t\t\t\t\t\t\t\t\t\t\t<div class=\"tb-image-part\">\n\t\t\t\t\t\t\t<img src='https:\/\/lt.travelblox.eu\/wp-content\/uploads\/sites\/63\/2026\/03\/Gemini_Generated_Image_3vdwyo3vdwyo3vdw-groot-768x566.jpeg' width='768' height='566' loading='lazy' image_size='medium_large'>\t\t\t\t\t\t<\/div>\n\t\t\t\t\t\t\t\t\t\t\t\t<\/div>\n\t\t<\/div>\n\t<\/div>\n<\/div>\n\n\n\n\n\n\n<div class=\"tb-leadtext tb-block align-center background-light pattern-none variant-none tb-collapsible-margins\" id=\"leadtext-1\">\n\t<div class=\"inner-block tb-fade-in tb-fade-in--subtle\">\n\t\t<div class=\"text-part\">\n\t\t\t\t\t<div class=\"translation-block\"><p><strong>Wir hoffen, dass diese Informationen dir bei der Planung deiner Reise nach Finnisch-Lappland helfen! \u2744\ufe0f<\/strong><\/p><p><strong>Wenn du Fragen hast, z\u00f6gere nicht, uns per E-Mail zu kontaktieren.<\/strong><br><br><strong>Wir helfen dir gerne weiter!<\/strong><\/p><\/div>\n\t\t\t<\/div>\n\t<\/div>\n<\/div>","protected":false},"excerpt":{"rendered":"","protected":false},"author":143,"featured_media":7161,"parent":0,"menu_order":0,"comment_status":"closed","ping_status":"closed","template":"","meta":{"_acf_changed":false,"inline_featured_image":false,"footnotes":""},"class_list":["post-4916","page","type-page","status-publish","has-post-thumbnail","hentry"],"acf":{"page_package_ids":"","is_main_package_page":false,"additional_linked_packages":[],"feed_page_to_atlas":true},"_links":{"self":[{"href":"https:\/\/lt.travelblox.eu\/de\/wp-json\/wp\/v2\/pages\/4916","targetHints":{"allow":["GET"]}}],"collection":[{"href":"https:\/\/lt.travelblox.eu\/de\/wp-json\/wp\/v2\/pages"}],"about":[{"href":"https:\/\/lt.travelblox.eu\/de\/wp-json\/wp\/v2\/types\/page"}],"author":[{"embeddable":true,"href":"https:\/\/lt.travelblox.eu\/de\/wp-json\/wp\/v2\/users\/143"}],"replies":[{"embeddable":true,"href":"https:\/\/lt.travelblox.eu\/de\/wp-json\/wp\/v2\/comments?post=4916"}],"version-history":[{"count":49,"href":"https:\/\/lt.travelblox.eu\/de\/wp-json\/wp\/v2\/pages\/4916\/revisions"}],"predecessor-version":[{"id":7877,"href":"https:\/\/lt.travelblox.eu\/de\/wp-json\/wp\/v2\/pages\/4916\/revisions\/7877"}],"wp:featuredmedia":[{"embeddable":true,"href":"https:\/\/lt.travelblox.eu\/de\/wp-json\/wp\/v2\/media\/7161"}],"wp:attachment":[{"href":"https:\/\/lt.travelblox.eu\/de\/wp-json\/wp\/v2\/media?parent=4916"}],"curies":[{"name":"wp","href":"https:\/\/api.w.org\/{rel}","templated":true}]}}