{"id":434,"date":"2024-02-09T09:32:27","date_gmt":"2024-02-09T09:32:27","guid":{"rendered":"https:\/\/lt.travelblox.eu\/?page_id=434"},"modified":"2026-03-25T10:35:24","modified_gmt":"2026-03-25T10:35:24","slug":"kleidung","status":"publish","type":"page","link":"https:\/\/lt.travelblox.eu\/de\/kleidung\/","title":{"rendered":"Welche Kleidung ben\u00f6tige ich?"},"content":{"rendered":"<div class=\"tb-header tb-block align-center background-dark pattern-none variant-none\" id=\"clothing\" data-fallback-background=\"https:\/\/lt.travelblox.eu\/wp-content\/uploads\/sites\/63\/2026\/03\/Lapland-prev-\u00a9-Fille-Roelants-12132151-1.jpg\" style=\"background-image: url('https:\/\/lt.travelblox.eu\/wp-content\/uploads\/sites\/63\/2026\/03\/Lapland-prev-\u00a9-Fille-Roelants-12132151-1.jpg'); background-position:;\">\n    <div class=\"tb-header-foreground\">\n        <div class=\"inner-block\">\n\n            <div class=\"main-part\">\n                <div class=\"text-part\">\n                                                                                            <h1>\t<span class=\"tb-logo\"  style=\"-webkit-mask-image: url(https:\/\/lt.travelblox.eu\/wp-content\/uploads\/sites\/63\/2023\/12\/LaplandTravel-logo-DEFNL-04.svg); mask-image: url(https:\/\/lt.travelblox.eu\/wp-content\/uploads\/sites\/63\/2023\/12\/LaplandTravel-logo-DEFNL-04.svg)\">\n\t\t<img src='https:\/\/lt.travelblox.eu\/wp-content\/uploads\/sites\/63\/2023\/12\/LaplandTravel-logo-DEFNL-04.svg' width='1024' height='1024' alt='Lapland Travel Logo' title='Lapland Travel' loading='lazy'>\n\t<\/span>\n<\/h1>\n                                                                                        <h2 class=\"tb-subtitle\">\t\t<div class=\"translation-block\"><p>Welche Kleidung ben\u00f6tige ich?<\/p><\/div>\n\t<\/h2>\n                                                                                                                                            <\/div>\n            <\/div>\n            \t\t<a href=\"#\" class=\"scroll-down-button\">\n\t\t\t<i class=\"fa fa-arrow-down\"><\/i>\n\t\t<\/a>\n\t\n                    <\/div>\n    <\/div>\n\n    \n    \n<\/div>\n\n\n\n\n<div class=\"tb-textimage2 tb-block align-left background-light pattern-none variant-text_first tb-collapsible-margins\" id=\"textimage2\">\n\t<div class=\"inner-block tb-fade-in\">\n\n\t\t\n\t\t<div class=\"tb-columns\">\n\t\t\t<div class=\"tb-column\">\n\t\t\t\t<div class=\"tb-text-part\">\n\t\t\t\t\t<h2>Kann ich ein Kleiderpaket mieten?<\/h2>\n\t\t\t\t\t\t\t<div class=\"translation-block\"><p>F\u00fcr <strong>79 \u20ac pro Person<\/strong> kannst du ein komplettes Winterbekleidungsset mieten, damit du w\u00e4hrend deines Winterabenteuers warm und komfortabel unterwegs bist. Das <strong>Set besteht aus Thermostiefeln<\/strong> sowie einem <strong>warmen Overall<\/strong> oder einer <strong>Kombination aus Jacke und Hose<\/strong>. Die Kleidung wird einfach <strong>\u00fcber deiner eigenen Winter- oder Skibekleidung getragen<\/strong>. So bist du bestens gegen die arktische K\u00e4lte gesch\u00fctzt und kannst alle Winteraktivit\u00e4ten in Lappland unbeschwert genie\u00dfen, selbst bei Temperaturen bis zu -30 \u00b0C.<\/p><\/div>\n\t\t\t\t\t\t\t\t\t\t\t<div class=\"tb-buttons-part\">\n\t\t\t\t\t\t\t\t\t\t\t\t\t\t\t\t\t<\/div>\n\t\t\t\t<\/div>\n\t\t\t<\/div>\n\t\t\t<div class=\"tb-column\">\n\t\t\t\t\t\t\t\t\t\t\t\t\t\t\t<div class=\"tb-image-part\">\n\t\t\t\t\t\t\t\t\t\t\t<div class=\"inner-block-full-width has-tb-carousel tb-carousel-slider\" >\n\t\t\t<div class=\"tb-carousel-container\">\n\t\t\t\t<div class=\"entries tb-cards\" data-slider-first=\"0\">\n\t\t\t\t\t\t\t\t\t<div class=\"entry\">\n\t\t\t\t<div class=\"tb-image-part\">\n\t\t\t\t\t<figure>\n\t\t\t\t\t\t<img src='https:\/\/lt.travelblox.eu\/wp-content\/uploads\/sites\/63\/2026\/03\/Lapland-prev-\u00a9-Fille-Roelants-12102229-768x512.jpg' width='768' height='512' style='object-position:50% 50%' loading='lazy' image_size='medium_large'>\t\t\t\t\t\t\t\t\t\t\t\t\t\t\t\t\t\t\t\t\t\t\t\t\t\t\t\t\t\t\t<\/figure>\n\t\t\t\t<\/div>\n\t\t\t<\/div>\n\t\t\t\t\t<div class=\"entry\">\n\t\t\t\t<div class=\"tb-image-part\">\n\t\t\t\t\t<figure>\n\t\t\t\t\t\t<img src='https:\/\/lt.travelblox.eu\/wp-content\/uploads\/sites\/63\/2025\/02\/DSC00004-2-1-768x1152.jpg' width='768' height='1152' loading='lazy' image_size='medium_large'>\t\t\t\t\t\t\t\t\t\t\t\t\t\t\t\t\t\t\t\t\t\t\t\t\t\t\t\t\t\t\t<\/figure>\n\t\t\t\t<\/div>\n\t\t\t<\/div>\n\t\t\t\t\t\t\t\t<\/div>\n\t\t\t\t\t\t<div class=\"tb-carousel-nav\">\n\t\t\t<div class=\"dots\">\n\t\t\t\t<div class=\"dot active\"><\/div>\n\t\t\t\t<div class=\"dot\"><\/div>\n\t\t\t\t<div class=\"dot\"><\/div>\n\t\t\t<\/div>\n\t\t\t<div class=\"arrows\">\n\t\t\t\t<div class=\"prev disabled\">\n\t\t\t\t\t<span><i class=\"fa fa-chevron-left\"><\/i><\/span>\n\t\t\t\t<\/div>\n\t\t\t\t<div class=\"next\">\n\t\t\t\t\t<span><i class=\"fa fa-chevron-right\"><\/i><\/span>\n\t\t\t\t<\/div>\n\t\t\t<\/div>\n\t\t<\/div>\n\t\t\t\t<\/div>\n\t\t<\/div>\n\t\t\t\t\t\t\t\t<\/div>\n\t\t\t\t\t\t\t\t\t\t\t\t<\/div>\n\t\t<\/div>\n\t<\/div>\n<\/div>\n\n\n<div class=\"tb-howtogetthere tb-block align-none background-light pattern-none variant-none tb-collapsible-margins\" id=\"howtogetthere\">\n\t<div class=\"inner-block tb-fade-in tb-fade-in--subtle\">\n\t\t<div class=\"text-part\">\n\t\t\t<h2><\/h2>\n\t\t\t\t\t<div class=\"translation-block\"><\/div>\n\t\t\t\t\t\t<\/div>\n\t<\/div>\n\t\t\t<div class=\"inner-block tb-fade-in tb-fade-in--subtle\">\n\t\t\t\t\t\t\t<div class=\"tb-sections\">\n\t\t\t\t\t\t\t\t\t\t\t\t\t\t\t\t\t\t<div class=\"tb-section entries\" id=\"howtogetthere-section-0\">\n\t\t\t\t\t\t\t\t\t\t\t\t\t\t\t\t\t<div class=\"entry\">\n\t\t\t\t\t\t\t\t\t\t\t\t\t\t\t\t\t\t\t\t<div class=\"text-part\">\n\t\t\t\t\t\t\t\t\t\t\t<h4>Was ist im Paket enthalten? <\/h4>\n\t\t\t\t\t\t\t\t\t\t\t\t\t<div class=\"translation-block\"><p><strong>\u00c4k\u00e4slompolo:<\/strong><\/p><ul><li>Ein kompletter Anzug (Hose und Jacke im gleichen Stil) oder eine separate Jacke und Hose<\/li><li>Schneestiefel<\/li><\/ul><p><strong>Levi:<\/strong><\/p><ul><li>Ein kompletter Anzug (Hose und Jacke)<\/li><li>Schneestiefel<\/li><li>Thermohandschuhe<\/li><\/ul><p><strong>Rovaniemi:<\/strong><\/p><ul><li>Ein kompletter Anzug (Hose und Jacke)<\/li><li>Schneestiefel<\/li><li>Thermohandschuhe<\/li><\/ul><p><i>Bei Schneemobiltouren erh\u00e4ltst du aus Sicherheitsgr\u00fcnden immer einen Helm und eine Balaklava.<\/i><\/p><\/div>\n\t\t\t\t\t\t\t\t\t\t\t<\/div>\n\t\t\t\t\t\t\t\t\t<\/div>\n\t\t\t\t\t\t\t\t\t\t\t\t\t\t\t\t\t<div class=\"entry\">\n\t\t\t\t\t\t\t\t\t\t\t\t\t\t\t\t\t\t\t\t<div class=\"text-part\">\n\t\t\t\t\t\t\t\t\t\t\t<h4>Was muss ich selbst mitbringen? <\/h4>\n\t\t\t\t\t\t\t\t\t\t\t\t\t<div class=\"translation-block\"><p><strong>Thermounterw\u00e4sche:<\/strong> Gute thermische Unterw\u00e4sche, vorzugsweise aus Merinowolle, ist entscheidend, um warm zu bleiben.<\/p><p><strong>Dicke Socken und Linersocken:<\/strong> Socken aus Wolle f\u00fcr Isolation, Liner unter deinen Socken sorgen f\u00fcr zus\u00e4tzliche W\u00e4rme.<\/p><p><strong>Wasserdichte Schuhe:<\/strong> Robuste, wasserdichte Schuhe halten deine F\u00fc\u00dfe bei Ankunft und Abfahrt trocken und warm.<\/p><p><strong>Wollpullover oder Fleece:<\/strong> Zus\u00e4tzliche W\u00e4rme \u00fcber der thermischen Unterw\u00e4sche, um warm zu bleiben.<\/p><p><strong>Buff oder Schal:<\/strong> Schutz vor Wind f\u00fcr Hals und Gesicht.<\/p><p><strong>Warme M\u00fctze:<\/strong> Eine warme M\u00fctze verhindert W\u00e4rmeverlust \u00fcber den Kopf.<\/p><p><strong>Linerhandschuhe:<\/strong> D\u00fcnne Handschuhe unter dicken Handschuhen (nicht zwingend erforderlich).<\/p><p><strong>Warme (Ski)jacke und -hose:<\/strong> Vergiss nicht, warme Oberbekleidung f\u00fcr Ankunft und Abfahrt mitzunehmen. Oder falls du einen Tag Ski fahren gehst.<\/p><\/div>\n\t\t\t\t\t\t\t\t\t\t\t<\/div>\n\t\t\t\t\t\t\t\t\t<\/div>\n\t\t\t\t\t\t\t\t\t\t\t\t\t\t\t<\/div>\n\t\t\t\t\t\t\t\t\t\t\t\t\t\t\t<\/div>\n\t\t\t\t\t<\/div>\n\t<\/div>\n\n\n<div class=\"hide-some tb-faq tb-block align-center background-light pattern-none variant-none tb-collapsible-margins\" id=\"faq\">\n\t<div class=\"inner-block tb-fade-in tb-fade-in--subtle\">\n\t\t<div class=\"text-part\">\n\t\t\t<h2>H\u00e4ufig gestellte Fragen zur Kleidung<\/h2>\n\t\t\t\t\t<div class=\"translation-block\"><\/div>\n\t\t\t<\/div>\n\t<\/div>\n\t<div class=\"inner-block\">\n\n\t\t\t\t\t<div class=\"faq-list tb-accordion tb-accordion--animation two-col\">\n\t\t\t\t\t\t\t\t\t<details class=\"details\">\n\t\t\t\t\t\t<summary class=\"summary\"><div>Welche Kleidung sollte ich am besten f\u00fcr den Flug anziehen?<\/div><\/summary>\n\t\t\t\t\t\t<div class=\"content text-part\">\n\t\t\t\t\t\t\t\t\t<div class=\"translation-block\"><p>F\u00fcr deinen Flug ist es wichtig, bequeme Kleidung zu tragen. Entscheide dich f\u00fcr eine <strong>bequeme Hose<\/strong>, ein <strong>Shirt<\/strong> und einen <strong>Fleece-Pullover<\/strong>. Wenn es kalt ist, kannst du auch eine <strong>thermische Leggings<\/strong> unter deiner Hose tragen. Stelle sicher, dass du warm bleibst, indem du eine <strong>warme Winterjacke<\/strong> mitnimmst. Bewahre deine <strong>M\u00fctze<\/strong> und <strong>Handschuhe<\/strong> im Handgep\u00e4ck auf, um leicht darauf zugreifen zu k\u00f6nnen.<\/p><p>Der Flughafen Kittil\u00e4 ist klein, daher musst du nur eine kurze Strecke zum Shuttlebus laufen. Es kann jedoch sein, dass du bei der Ankunft an deiner Unterkunft kurz warten musst, bevor du Zugang bekommst, daher <strong>ist es ratsam, sich warm anzuziehen<\/strong>.<\/p><\/div>\n\t\t\t\t\t\t\t<\/div>\n\t\t\t\t\t<\/details>\n\t\t\t\t\t\t\t\t\t<details class=\"details\">\n\t\t\t\t\t\t<summary class=\"summary\"><div>Wann erhalte ich die gemietete Kleidung? <\/div><\/summary>\n\t\t\t\t\t\t<div class=\"content text-part\">\n\t\t\t\t\t\t\t\t\t<div class=\"translation-block\"><p>Das <strong>Thermopaket und die Schuhe<\/strong> stehen dir <strong>von Sonntagnachmittag bis einschlie\u00dflich Samstagabend<\/strong> zur Verf\u00fcgung. Du kannst das Set w\u00e4hrend deines gesamten Aufenthalts behalten und auch in deiner Freizeit tragen \u2013 zum Beispiel, wenn du abends auf Nordlichtsuche gehst.<\/p><p><strong>Bei einigen Aktivit\u00e4ten ist es wichtig, das Thermopaket zu tragen<\/strong>. Die Guides werden dich vor Ort aber immer darauf hinweisen. <strong>Besonders<\/strong> empfehlenswert ist es bei der <strong>Husky-Safari und der Schneemobiltour<\/strong>, da dir durch die Geschwindigkeit und das lange Sitzen schnell kalt werden kann. Auch bei der <strong>Nordlicht-Expedition<\/strong> solltest du das Thermopaket am besten anziehen.<\/p><\/div>\n\t\t\t\t\t\t\t<\/div>\n\t\t\t\t\t<\/details>\n\t\t\t\t\t\t\t\t\t<details class=\"details\">\n\t\t\t\t\t\t<summary class=\"summary\"><div>Muss ich selbst eine Skijacke und -hose mitnehmen?<\/div><\/summary>\n\t\t\t\t\t\t<div class=\"content text-part\">\n\t\t\t\t\t\t\t\t\t<div class=\"translation-block\"><p>Ja, <strong>der Thermoanzug wird \u00fcber deiner Kleidung getragen<\/strong> und bietet zus\u00e4tzlichen Schutz vor K\u00e4lte und Wind. <strong>Er ersetzt jedoch nicht deine eigene Winterjacke<\/strong>. Bei sehr kalten Temperaturen solltest du deine Jacke daher auch unter dem Anzug tragen \u2013 und gegebenenfalls auch deine Hose. Der Anzug ist bewusst weiter geschnitten als normale Kleidung.<\/p><p>F\u00fcr bestimmte Aktivit\u00e4ten wie Schneeschuhwandern und Langlaufen kann der Anzug schnell zu warm werden. Wenn du dabei ins Schwitzen ger\u00e4tst, k\u00fchlt der Schwei\u00df sp\u00e4ter wieder aus \u2013 und dir wird schnell kalt. Genau das m\u00f6chtest du vermeiden. <strong>F\u00fcr Schneeschuhwanderungen und Langlaufen<\/strong> ist es daher besser, deine <strong>eigene Winterjacke und -hose zu tragen<\/strong>.<\/p><\/div>\n\t\t\t\t\t\t\t<\/div>\n\t\t\t\t\t<\/details>\n\t\t\t\t\t\t\t\t\t<details class=\"details\">\n\t\t\t\t\t\t<summary class=\"summary\"><div>Welche Schuhe sollte ich mitnehmen?<\/div><\/summary>\n\t\t\t\t\t\t<div class=\"content text-part\">\n\t\t\t\t\t\t\t\t\t<div class=\"translation-block\"><p>Wenn du Thermokleidung mietest, sind <strong>Schneestiefel im Paket enthalten<\/strong>. Diese sind <strong>wasserdicht, gef\u00fcttert<\/strong> und <strong>optimal<\/strong> f\u00fcr das \u00f6rtliche Klima geeignet.<\/p><p>Manche Reisende empfinden Schneestiefel als etwas sperrig und nehmen zus\u00e4tzlich eigene Schuhe mit, zum Beispiel wasserdichte Wanderschuhe oder robuste Winterstiefel.<\/p><p>Wenn du kein Thermopaket mietest, ist es wichtig, selbst wasserdichte und gef\u00fctterte Schuhe mitzubringen.<\/p><\/div>\n\t\t\t\t\t\t\t<\/div>\n\t\t\t\t\t<\/details>\n\t\t\t\t\t\t\t\t\t<details class=\"details\">\n\t\t\t\t\t\t<summary class=\"summary\"><div>Welche Gr\u00f6\u00dfen werden angeboten? Kann ich diese vor Ort noch austauschen?<\/div><\/summary>\n\t\t\t\t\t\t<div class=\"content text-part\">\n\t\t\t\t\t\t\t\t\t<div class=\"translation-block\"><p>Wir bieten <strong>Schuhe bis Gr\u00f6\u00dfe 50 an.<\/strong> F\u00fcr die <strong>thermische Kleidung geht dies bis Gr\u00f6\u00dfe XXL<\/strong>. Es ist wichtig, dass du in deinem Profil deine Ma\u00dfe korrekt angibst, damit wir die Gr\u00f6\u00dfen im Voraus \u00fcberpr\u00fcfen und reservieren k\u00f6nnen.<\/p>\n<p><strong>Bitte gib die Gr\u00f6\u00dfen an, die du normalerweise zu Hause kaufst.<\/strong> Bei deiner Ankunft hast du die M\u00f6glichkeit, dein thermisches Outfit und die Schuhe anzuprobieren und gegebenenfalls die Gr\u00f6\u00dfe zu wechseln.<\/p><\/div>\n\t\t\t\t\t\t\t<\/div>\n\t\t\t\t\t<\/details>\n\t\t\t\t\t\t\t\t\t<details class=\"details\">\n\t\t\t\t\t\t<summary class=\"summary\"><div>Was ist im Kleidungspaket enthalten? <\/div><\/summary>\n\t\t\t\t\t\t<div class=\"content text-part\">\n\t\t\t\t\t\t\t\t\t<div class=\"translation-block\"><p><strong>\u00c4k\u00e4slompolo:<\/strong><\/p><ul><li>Ein kompletter Anzug (Hose und Jacke im gleichen Stil) oder eine separate Jacke und Hose<\/li><li>Schneestiefel<\/li><\/ul><p><strong>Levi:<\/strong><\/p><ul><li>Ein kompletter Anzug (Hose und Jacke)<\/li><li>Schneestiefel<\/li><\/ul><p><strong>Rovaniemi:<\/strong><\/p><ul><li>Ein kompletter Anzug (Hose und Jacke)<\/li><li>Schneestiefel<\/li><li>Thermohandschuhe<\/li><\/ul><p>&nbsp;<\/p><\/div>\n\t\t\t\t\t\t\t<\/div>\n\t\t\t\t\t<\/details>\n\t\t\t\t\t\t\t\t\t<details class=\"details\">\n\t\t\t\t\t\t<summary class=\"summary\"><div>Bekomme ich Kleidung ohne Mietpaket?<\/div><\/summary>\n\t\t\t\t\t\t<div class=\"content text-part\">\n\t\t\t\t\t\t\t\t\t<div class=\"translation-block\"><p>Nein, es ist keine Kleidung vorgesehen, wenn du dies nicht als Paket buchst, auch nicht w\u00e4hrend der Aktivit\u00e4ten.<\/p><\/div>\n\t\t\t\t\t\t\t<\/div>\n\t\t\t\t\t<\/details>\n\t\t\t\t\t\t\t\t\t<details class=\"details\">\n\t\t\t\t\t\t<summary class=\"summary\"><div>Habt ihr eine Packliste? <\/div><\/summary>\n\t\t\t\t\t\t<div class=\"content text-part\">\n\t\t\t\t\t\t\t\t\t<div class=\"translation-block\"><p>Nat\u00fcrlich! Du kannst die Packliste <a href=\"https:\/\/travelbase.typeform.com\/to\/QEUan1yl\">hier<\/a> einsehen.<\/p><\/div>\n\t\t\t\t\t\t\t<\/div>\n\t\t\t\t\t<\/details>\n\t\t\t\t\t\t\t<\/div>\n\t\t\t\t<div class=\"load-more-faqs-container\">\n\t\t\t<div class=\"load-more-faqs-link\">\n\t\t\t\t<a href=\"#\" class=\"tb-buttonlink-with-icon load-more\">\n\t\t\t\t\t<span>Weitere FAQs laden<\/span>\n\t\t\t\t\t<i class=\"icon fa fa-plus\"><\/i>\n\t\t\t\t<\/a>\n\t\t\t\t<a href=\"#\" class=\"tb-buttonlink-with-icon load-less\">\n\t\t\t\t\t<span>Weniger FAQs laden<\/span>\n\t\t\t\t\t<i class=\"icon fa fa-minus\"><\/i>\n\t\t\t\t<\/a>\n\t\t\t<\/div>\n\t\t<\/div>\n\t<\/div>\n\t<\/div>\n\n\n\n\n\n\n\n<div class=\"tb-magazine tb-block align-none background-light pattern-none variant-none tb-collapsible-margins\" id=\"magazine\">\n\t<div class=\"inner-block tb-image-orientation-landscape tb-fade-in tb-fade-in--subtle\">\n\t\t<div class=\"inner-inner-block tb-image-alignment--center\">\n\t\t\t<div class=\"tb-magazine-image\">\n\t\t\t\t<img src='https:\/\/lt.travelblox.eu\/wp-content\/uploads\/sites\/63\/2026\/03\/mockup-featuring-an-open-magazine-lying-under-a-closed-one-3392-el1-1.png' width='1920' height='1285' loading='lazy'>\t\t\t<\/div>\n\t\t\t<div class=\"text-part\">\n\t\t\t\t<h2>M\u00f6chtest du eine genauere \u00dcbersicht haben? <\/h2>\n\t\t\t\t\t\t<div class=\"translation-block\"><\/div>\n\t\t\t\t\t<div class=\"tb-buttons-part\">\n\t\t\t\t\t\t\t<a href=\"https:\/\/travelbase.typeform.com\/to\/tsQDWXSy\"  target=\"\" data-mode=\"popup\" data-url=\"https:\/\/travelbase.typeform.com\/to\/tsQDWXSy\" class=\"tb-button typeform-share\">\n\t\t\tDann lade dir hier unsere Packliste herunter!\t\t<\/a>\n\t\t\t\t\t<script>\n\t\t\t\t(function() {\n\t\t\t\t\tvar qs, js, q, s, d = document,\n\t\t\t\t\t\tgi = d.getElementById,\n\t\t\t\t\t\tce = d.createElement,\n\t\t\t\t\t\tgt = d.getElementsByTagName,\n\t\t\t\t\t\tid = \"typef_orm_share\",\n\t\t\t\t\t\tb = \"https:\/\/embed.typeform.com\/\";\n\t\t\t\t\tif (!gi.call(d, id)) {\n\t\t\t\t\t\tjs = ce.call(d, \"script\");\n\t\t\t\t\t\tjs.id = id;\n\t\t\t\t\t\tjs.src = b + \"embed.js\";\n\t\t\t\t\t\tq = gt.call(d, \"script\")[0];\n\t\t\t\t\t\tq.parentNode.insertBefore(js, q);\n\t\t\t\t\t}\n\t\t\t\t})();\n\t\t\t<\/script>\n\t\t\t\t\t\t\t\t\t<a href=\"https:\/\/travelbase.typeform.com\/to\/tsQDWXSy\"  target=\"\" data-mode=\"popup\" data-url=\"https:\/\/travelbase.typeform.com\/to\/tsQDWXSy\" class=\"tb-buttonlink typeform-share\">\n\t\t\t\t\t<\/a>\n\t\t\t\t\t<script>\n\t\t\t\t(function() {\n\t\t\t\t\tvar qs, js, q, s, d = document,\n\t\t\t\t\t\tgi = d.getElementById,\n\t\t\t\t\t\tce = d.createElement,\n\t\t\t\t\t\tgt = d.getElementsByTagName,\n\t\t\t\t\t\tid = \"typef_orm_share\",\n\t\t\t\t\t\tb = \"https:\/\/embed.typeform.com\/\";\n\t\t\t\t\tif (!gi.call(d, id)) {\n\t\t\t\t\t\tjs = ce.call(d, \"script\");\n\t\t\t\t\t\tjs.id = id;\n\t\t\t\t\t\tjs.src = b + \"embed.js\";\n\t\t\t\t\t\tq = gt.call(d, \"script\")[0];\n\t\t\t\t\t\tq.parentNode.insertBefore(js, q);\n\t\t\t\t\t}\n\t\t\t\t})();\n\t\t\t<\/script>\n\t\t\t\t\t\t<\/div>\n\t\t\t<\/div>\n\t\t<\/div>\n\t<\/div>\n<\/div>","protected":false},"excerpt":{"rendered":"","protected":false},"author":30,"featured_media":5515,"parent":0,"menu_order":0,"comment_status":"closed","ping_status":"closed","template":"","meta":{"_acf_changed":false,"inline_featured_image":false,"footnotes":""},"class_list":["post-434","page","type-page","status-publish","has-post-thumbnail","hentry"],"acf":{"page_package_ids":"","is_main_package_page":false,"additional_linked_packages":[],"feed_page_to_atlas":true},"_links":{"self":[{"href":"https:\/\/lt.travelblox.eu\/de\/wp-json\/wp\/v2\/pages\/434","targetHints":{"allow":["GET"]}}],"collection":[{"href":"https:\/\/lt.travelblox.eu\/de\/wp-json\/wp\/v2\/pages"}],"about":[{"href":"https:\/\/lt.travelblox.eu\/de\/wp-json\/wp\/v2\/types\/page"}],"author":[{"embeddable":true,"href":"https:\/\/lt.travelblox.eu\/de\/wp-json\/wp\/v2\/users\/30"}],"replies":[{"embeddable":true,"href":"https:\/\/lt.travelblox.eu\/de\/wp-json\/wp\/v2\/comments?post=434"}],"version-history":[{"count":50,"href":"https:\/\/lt.travelblox.eu\/de\/wp-json\/wp\/v2\/pages\/434\/revisions"}],"predecessor-version":[{"id":7332,"href":"https:\/\/lt.travelblox.eu\/de\/wp-json\/wp\/v2\/pages\/434\/revisions\/7332"}],"wp:featuredmedia":[{"embeddable":true,"href":"https:\/\/lt.travelblox.eu\/de\/wp-json\/wp\/v2\/media\/5515"}],"wp:attachment":[{"href":"https:\/\/lt.travelblox.eu\/de\/wp-json\/wp\/v2\/media?parent=434"}],"curies":[{"name":"wp","href":"https:\/\/api.w.org\/{rel}","templated":true}]}}